{"id":1027,"date":"2021-12-23T13:19:02","date_gmt":"2021-12-23T12:19:02","guid":{"rendered":"https:\/\/ikasougou.com\/ikanoel\/?post_type=product&#038;p=1027"},"modified":"2021-12-23T13:24:56","modified_gmt":"2021-12-23T12:24:56","slug":"milka-calendrier-de-lavent-24-surprises-chocolatees-pour-noel","status":"publish","type":"product","link":"https:\/\/ikasougou.com\/ikanoel\/produit\/milka-calendrier-de-lavent-24-surprises-chocolatees-pour-noel\/","title":{"rendered":"Milka \u2013 Calendrier de l\u2019Avent \u2013 24 Surprises Chocolat\u00e9es pour No\u00ebl"},"content":{"rendered":"<ul class=\"a-unordered-list a-vertical a-spacing-mini\">\n<li><span class=\"a-list-item\">C\u00c9L\u00c9BREZ NO\u00cbL : Le meilleur de Milka r\u00e9uni dans un chouette Calendrier de l\u2019Avent. Des yeux et des papilles qui p\u00e9tillent pour un moment d\u2019excitation quotidien jusqu\u2019\u00e0 l\u2019arriv\u00e9e du P\u00e8re No\u00ebl, ho ho ho !<\/span><\/li>\n<li><span class=\"a-list-item\">24 SURPRISES CHOCOLAT\u00c9ES : Chaque matin, une fen\u00eatre \u00e0 ouvrir derri\u00e8re laquelle se cache une petite douceur, id\u00e9al pour vous faire patienter jusqu\u2019\u00e0 No\u00ebl. Un m\u00e9lange de d\u00e9licieux chocolats au lait, miam miam\u00a0!<\/span><\/li>\n<li><span class=\"a-list-item\">DU BON CHOCOLAT AU LAIT ALPIN\u00a0: Ce Calendrier de l\u2019Avent renferme un assortiment de tendres chocolats. Leur secret\u00a0? Ils sont fabriqu\u00e9s avec du bon lait du Pays Alpin, l\u00e0 o\u00f9 vit la vache Milka \u00e0 la robe mauve tach\u00e9e de blanc\u00a0!<\/span><\/li>\n<li><span class=\"a-list-item\">PETITS PLAISIRS GOURMANDS\u00a0: Faites briller des \u00e9toiles dans les yeux de vos proches avec le Calendrier Milka, un cadeau gourmand et magique \u00e0 offrir en attendant les f\u00eates. Un vrai r\u00e9gal chocolat\u00e9 pour les petits et les grands !<\/span><\/li>\n<li><span class=\"a-list-item\">MILKA S\u2019ENGAGE\u00a0pour un approvisionnement en cacao 100 % durable et dans le respect des cultivateurs avec le programme Cocoa Life. Contribuez \u00e0 pr\u00e9server la nature pour les g\u00e9n\u00e9rations futures en choisissant Milka<\/span><\/li>\n<\/ul>\n<div style=\"display:flex; gap:10px;justify-content:center\" class=\"wps-pgfw-pdf-generate-icon__wrapper-frontend\">\n\t\t<a  href=\"https:\/\/ikasougou.com\/ikanoel\/wp-json\/wp\/v2\/product\/1027?action=genpdf&amp;id=1027\" class=\"pgfw-single-pdf-download-button\" ><img src=\"https:\/\/ikasougou.com\/ikanoel\/wp-content\/plugins\/pdf-generator-for-wp\/admin\/src\/images\/PDF_Tray.svg\" title=\"G\u00e9n\u00e9rer un PDF\" style=\"width:auto; height:45px;\"><\/a>\n\t\t<\/div>","protected":false},"excerpt":{"rendered":"<p><span class=\"a-list-item\">Le meilleur de Milka r\u00e9uni dans un chouette Calendrier de l\u2019Avent. Des yeux et des papilles qui p\u00e9tillent pour un moment d\u2019excitation quotidien jusqu\u2019\u00e0 l\u2019arriv\u00e9e du P\u00e8re No\u00ebl, ho ho ho !<\/span><\/p>\n","protected":false},"featured_media":1028,"comment_status":"open","ping_status":"closed","template":"","meta":[],"product_brand":[],"product_cat":[17],"product_tag":[46,233,187,366],"class_list":{"0":"post-1027","1":"product","2":"type-product","3":"status-publish","4":"has-post-thumbnail","6":"product_cat-cadeaux-de-noel","7":"product_tag-chocolat","8":"product_tag-chocolat-aux-lait","9":"product_tag-lait","10":"product_tag-milka","12":"first","13":"instock","14":"shipping-taxable","15":"purchasable","16":"product-type-simple"},"ams_default_variation_id":0,"ams_product_points_reward":[],"ams_product_discount_percentage":0,"ams_price_to_display":10000,"aioseo_notices":[],"ams_acf":[],"_links":{"self":[{"href":"https:\/\/ikasougou.com\/ikanoel\/wp-json\/wp\/v2\/product\/1027","targetHints":{"allow":["GET"]}}],"collection":[{"href":"https:\/\/ikasougou.com\/ikanoel\/wp-json\/wp\/v2\/product"}],"about":[{"href":"https:\/\/ikasougou.com\/ikanoel\/wp-json\/wp\/v2\/types\/product"}],"replies":[{"embeddable":true,"href":"https:\/\/ikasougou.com\/ikanoel\/wp-json\/wp\/v2\/comments?post=1027"}],"wp:featuredmedia":[{"embeddable":true,"href":"https:\/\/ikasougou.com\/ikanoel\/wp-json\/wp\/v2\/media\/1028"}],"wp:attachment":[{"href":"https:\/\/ikasougou.com\/ikanoel\/wp-json\/wp\/v2\/media?parent=1027"}],"wp:term":[{"taxonomy":"product_brand","embeddable":true,"href":"https:\/\/ikasougou.com\/ikanoel\/wp-json\/wp\/v2\/product_brand?post=1027"},{"taxonomy":"product_cat","embeddable":true,"href":"https:\/\/ikasougou.com\/ikanoel\/wp-json\/wp\/v2\/product_cat?post=1027"},{"taxonomy":"product_tag","embeddable":true,"href":"https:\/\/ikasougou.com\/ikanoel\/wp-json\/wp\/v2\/product_tag?post=1027"}],"curies":[{"name":"wp","href":"https:\/\/api.w.org\/{rel}","templated":true}]}}