{"id":103,"date":"2021-12-18T22:14:25","date_gmt":"2021-12-18T21:14:25","guid":{"rendered":"https:\/\/ikasougou.com\/ikanoel\/?post_type=product&#038;p=103"},"modified":"2021-12-23T11:42:25","modified_gmt":"2021-12-23T10:42:25","slug":"252-gobelets-rouge-jetable","status":"publish","type":"product","link":"https:\/\/ikasougou.com\/ikanoel\/produit\/252-gobelets-rouge-jetable\/","title":{"rendered":"252 Gobelets Rouge jetable"},"content":{"rendered":"<p><img loading=\"lazy\" decoding=\"async\" class=\"size-medium wp-image-104 alignleft\" src=\"https:\/\/ikasougou.com\/ikanoel\/wp-content\/uploads\/sites\/98\/2021\/12\/photo_2021-12-15_17-05-28-300x273.jpg\" alt=\"\" width=\"300\" height=\"273\" srcset=\"https:\/\/ikasougou.com\/ikanoel\/wp-content\/uploads\/sites\/98\/2021\/12\/photo_2021-12-15_17-05-28-300x273.jpg 300w, https:\/\/ikasougou.com\/ikanoel\/wp-content\/uploads\/sites\/98\/2021\/12\/photo_2021-12-15_17-05-28-1024x930.jpg 1024w, https:\/\/ikasougou.com\/ikanoel\/wp-content\/uploads\/sites\/98\/2021\/12\/photo_2021-12-15_17-05-28-768x698.jpg 768w, https:\/\/ikasougou.com\/ikanoel\/wp-content\/uploads\/sites\/98\/2021\/12\/photo_2021-12-15_17-05-28-510x463.jpg 510w, https:\/\/ikasougou.com\/ikanoel\/wp-content\/uploads\/sites\/98\/2021\/12\/photo_2021-12-15_17-05-28.jpg 1280w\" sizes=\"auto, (max-width: 300px) 100vw, 300px\" \/>Vous aurez surement besoin de gobelets pour vos soir\u00e9es en cette p\u00e9riode de f\u00eate, Ikasougou vous propose 252 grands gobelets \u00e0 15 000 f cFa, de quoi couvrir largement toutes les 2 f\u00eates\u202f! <img loading=\"lazy\" decoding=\"async\" class=\"size-medium wp-image-105 aligncenter\" src=\"https:\/\/ikasougou.com\/ikanoel\/wp-content\/uploads\/sites\/98\/2021\/12\/photo_2021-12-15_17-05-24-300x245.jpg\" alt=\"\" width=\"300\" height=\"245\" srcset=\"https:\/\/ikasougou.com\/ikanoel\/wp-content\/uploads\/sites\/98\/2021\/12\/photo_2021-12-15_17-05-24-300x245.jpg 300w, https:\/\/ikasougou.com\/ikanoel\/wp-content\/uploads\/sites\/98\/2021\/12\/photo_2021-12-15_17-05-24-1024x835.jpg 1024w, https:\/\/ikasougou.com\/ikanoel\/wp-content\/uploads\/sites\/98\/2021\/12\/photo_2021-12-15_17-05-24-768x626.jpg 768w, https:\/\/ikasougou.com\/ikanoel\/wp-content\/uploads\/sites\/98\/2021\/12\/photo_2021-12-15_17-05-24-510x416.jpg 510w, https:\/\/ikasougou.com\/ikanoel\/wp-content\/uploads\/sites\/98\/2021\/12\/photo_2021-12-15_17-05-24.jpg 1280w\" sizes=\"auto, (max-width: 300px) 100vw, 300px\" \/><\/p>\n<div style=\"display:flex; gap:10px;justify-content:center\" class=\"wps-pgfw-pdf-generate-icon__wrapper-frontend\">\n\t\t<a  href=\"https:\/\/ikasougou.com\/ikanoel\/wp-json\/wp\/v2\/product\/103?action=genpdf&amp;id=103\" class=\"pgfw-single-pdf-download-button\" ><img src=\"https:\/\/ikasougou.com\/ikanoel\/wp-content\/plugins\/pdf-generator-for-wp\/admin\/src\/images\/PDF_Tray.svg\" title=\"G\u00e9n\u00e9rer un PDF\" style=\"width:auto; height:45px;\"><\/a>\n\t\t<\/div>","protected":false},"excerpt":{"rendered":"<p>Vous aurez surement besoin de gobelets pour vos soir\u00e9es en cette p\u00e9riode de f\u00eate, Ikasougou vous propose 252 grands gobelets, de quoi couvrir largement toutes les 2 f\u00eates\u202f!<\/p>\n","protected":false},"featured_media":104,"comment_status":"open","ping_status":"closed","template":"","meta":[],"product_brand":[],"product_cat":[79],"product_tag":[19,20],"class_list":{"0":"post-103","1":"product","2":"type-product","3":"status-publish","4":"has-post-thumbnail","6":"product_cat-home","7":"product_tag-bamako","8":"product_tag-mali","10":"first","11":"instock","12":"shipping-taxable","13":"purchasable","14":"product-type-simple"},"ams_default_variation_id":0,"ams_product_points_reward":[],"ams_product_discount_percentage":0,"ams_price_to_display":15000,"aioseo_notices":[],"ams_acf":[],"_links":{"self":[{"href":"https:\/\/ikasougou.com\/ikanoel\/wp-json\/wp\/v2\/product\/103","targetHints":{"allow":["GET"]}}],"collection":[{"href":"https:\/\/ikasougou.com\/ikanoel\/wp-json\/wp\/v2\/product"}],"about":[{"href":"https:\/\/ikasougou.com\/ikanoel\/wp-json\/wp\/v2\/types\/product"}],"replies":[{"embeddable":true,"href":"https:\/\/ikasougou.com\/ikanoel\/wp-json\/wp\/v2\/comments?post=103"}],"wp:featuredmedia":[{"embeddable":true,"href":"https:\/\/ikasougou.com\/ikanoel\/wp-json\/wp\/v2\/media\/104"}],"wp:attachment":[{"href":"https:\/\/ikasougou.com\/ikanoel\/wp-json\/wp\/v2\/media?parent=103"}],"wp:term":[{"taxonomy":"product_brand","embeddable":true,"href":"https:\/\/ikasougou.com\/ikanoel\/wp-json\/wp\/v2\/product_brand?post=103"},{"taxonomy":"product_cat","embeddable":true,"href":"https:\/\/ikasougou.com\/ikanoel\/wp-json\/wp\/v2\/product_cat?post=103"},{"taxonomy":"product_tag","embeddable":true,"href":"https:\/\/ikasougou.com\/ikanoel\/wp-json\/wp\/v2\/product_tag?post=103"}],"curies":[{"name":"wp","href":"https:\/\/api.w.org\/{rel}","templated":true}]}}