{"id":1093,"date":"2022-12-21T17:11:28","date_gmt":"2022-12-21T16:11:28","guid":{"rendered":"http:\/\/ikasougou.com\/ikanoel\/sample-product\/10-sachets-lait-caille-harry-delices\/"},"modified":"2022-12-21T17:11:28","modified_gmt":"2022-12-21T16:11:28","slug":"10-sachets-lait-caille-harry-delices","status":"publish","type":"product","link":"https:\/\/ikasougou.com\/ikanoel\/produit\/10-sachets-lait-caille-harry-delices\/","title":{"rendered":"10 sachets Lait Caill\u00e9 Harry D\u00e9lices"},"content":{"rendered":"<p>Le<strong> lait caill\u00e9<\/strong> en sachet de <strong>Harry D\u00e9lices<\/strong>, riche en <strong>vitamines A et D<\/strong>. Le <strong>bonheur<\/strong> pour les petits et grands\u202f! Le lait au <strong>meilleur go\u00fbt !<\/strong><\/p>\n<div style=\"display:flex; gap:10px;justify-content:center\" class=\"wps-pgfw-pdf-generate-icon__wrapper-frontend\">\n\t\t<a  href=\"https:\/\/ikasougou.com\/ikanoel\/wp-json\/wp\/v2\/product\/1093?action=genpdf&amp;id=1093\" class=\"pgfw-single-pdf-download-button\" ><img src=\"https:\/\/ikasougou.com\/ikanoel\/wp-content\/plugins\/pdf-generator-for-wp\/admin\/src\/images\/PDF_Tray.svg\" title=\"G\u00e9n\u00e9rer un PDF\" style=\"width:auto; height:45px;\"><\/a>\n\t\t<\/div>","protected":false},"excerpt":{"rendered":"<p>Le lait caill\u00e9 en sachet de Harry D\u00e9lices, riche en vitamines A et D. Le bonheur pour les petits et grands\u202f! Le lait au meilleur go\u00fbt !<\/p>\n","protected":false},"featured_media":1094,"comment_status":"open","ping_status":"closed","template":"","meta":[],"product_brand":[],"product_cat":[16,373,372],"product_tag":[387,19,376,388,20,384],"class_list":{"0":"post-1093","1":"product","2":"type-product","3":"status-publish","4":"has-post-thumbnail","6":"product_cat-alimentaires","7":"product_cat-lait-en-sachets","8":"product_cat-rayon-frais","9":"product_tag-10-sachets-lait-caille-harry-delices","10":"product_tag-bamako","11":"product_tag-bestalimentaire","12":"product_tag-ikasougou-com-mali","13":"product_tag-mali","14":"product_tag-top-produits","16":"first","17":"instock","18":"shipping-taxable","19":"purchasable","20":"product-type-simple"},"ams_default_variation_id":0,"ams_product_points_reward":[],"ams_product_discount_percentage":0,"ams_price_to_display":2000,"aioseo_notices":[],"ams_acf":[],"_links":{"self":[{"href":"https:\/\/ikasougou.com\/ikanoel\/wp-json\/wp\/v2\/product\/1093","targetHints":{"allow":["GET"]}}],"collection":[{"href":"https:\/\/ikasougou.com\/ikanoel\/wp-json\/wp\/v2\/product"}],"about":[{"href":"https:\/\/ikasougou.com\/ikanoel\/wp-json\/wp\/v2\/types\/product"}],"replies":[{"embeddable":true,"href":"https:\/\/ikasougou.com\/ikanoel\/wp-json\/wp\/v2\/comments?post=1093"}],"wp:featuredmedia":[{"embeddable":true,"href":"https:\/\/ikasougou.com\/ikanoel\/wp-json\/wp\/v2\/media\/1094"}],"wp:attachment":[{"href":"https:\/\/ikasougou.com\/ikanoel\/wp-json\/wp\/v2\/media?parent=1093"}],"wp:term":[{"taxonomy":"product_brand","embeddable":true,"href":"https:\/\/ikasougou.com\/ikanoel\/wp-json\/wp\/v2\/product_brand?post=1093"},{"taxonomy":"product_cat","embeddable":true,"href":"https:\/\/ikasougou.com\/ikanoel\/wp-json\/wp\/v2\/product_cat?post=1093"},{"taxonomy":"product_tag","embeddable":true,"href":"https:\/\/ikasougou.com\/ikanoel\/wp-json\/wp\/v2\/product_tag?post=1093"}],"curies":[{"name":"wp","href":"https:\/\/api.w.org\/{rel}","templated":true}]}}