{"id":1125,"date":"2023-12-25T12:21:15","date_gmt":"2023-12-25T11:21:15","guid":{"rendered":"https:\/\/ikasougou.com\/ikanoel\/produit\/buches-de-noel-ganache-2\/"},"modified":"2023-12-25T12:21:15","modified_gmt":"2023-12-25T11:21:15","slug":"buches-de-noel-ganache-2","status":"publish","type":"product","link":"https:\/\/ikasougou.com\/ikanoel\/produit\/buches-de-noel-ganache-2\/","title":{"rendered":"Buches de Noel Ganache"},"content":{"rendered":"<p data-sourcepos=\"27:1-27:34\"><strong>B\u00fbche de No\u00ebl Ganache Chocolat<\/strong><\/p>\n<p data-sourcepos=\"29:1-29:259\"><strong>Imaginez une b\u00fbche onctueuse et gourmande, \u00e0 la ganache mont\u00e9e au chocolat irr\u00e9sistible. Ajoutez-y des biscuits au chocolat croquants et fondants. Vous obtenez la b\u00fbche de No\u00ebl Ganache Chocolat, le dessert parfait pour terminer un repas de No\u00ebl en beaut\u00e9.<\/strong><\/p>\n<p data-sourcepos=\"31:1-31:154\"><strong>Cette b\u00fbche est parfaite pour tous les go\u00fbts, des petits aux grands. Elle est gourmande et r\u00e9gressive, ce qui en fait un dessert id\u00e9al pour les f\u00eates.<\/strong><\/p>\n<p data-sourcepos=\"33:1-33:83\"><strong>Commandez d\u00e8s aujourd&#8217;hui votre b\u00fbche de No\u00ebl Ganache Chocolat sur Ika Sougou !<\/strong><\/p>\n<p data-sourcepos=\"35:1-35:75\"><strong>Laissez-vous tenter par ce dessert culte, et vivez un No\u00ebl inoubliable.<\/strong><\/p>\n<div style=\"display:flex; gap:10px;justify-content:center\" class=\"wps-pgfw-pdf-generate-icon__wrapper-frontend\">\n\t\t<a  href=\"https:\/\/ikasougou.com\/ikanoel\/wp-json\/wp\/v2\/product\/1125?action=genpdf&amp;id=1125\" class=\"pgfw-single-pdf-download-button\" ><img src=\"https:\/\/ikasougou.com\/ikanoel\/wp-content\/plugins\/pdf-generator-for-wp\/admin\/src\/images\/PDF_Tray.svg\" title=\"G\u00e9n\u00e9rer un PDF\" style=\"width:auto; height:45px;\"><\/a>\n\t\t<\/div>","protected":false},"excerpt":{"rendered":"<p>B\u00fbche de No\u00ebl Ganache Chocolat Imaginez une b\u00fbche onctueuse et gourmande, \u00e0 la ganache mont\u00e9e au chocolat irr\u00e9sistible. Ajoutez-y des biscuits au chocolat croquants et fondants. Vous obtenez la b\u00fbche de No\u00ebl Ganache Chocolat, le dessert parfait pour terminer un repas de No\u00ebl en beaut\u00e9. Cette b\u00fbche est parfaite pour tous les go\u00fbts, des petits [&#8230;]\n","protected":false},"featured_media":1123,"comment_status":"open","ping_status":"closed","template":"","meta":[],"product_brand":[],"product_cat":[92],"product_tag":[],"class_list":{"0":"post-1125","1":"product","2":"type-product","3":"status-publish","4":"has-post-thumbnail","6":"product_cat-gateaux","8":"first","9":"instock","10":"shipping-taxable","11":"purchasable","12":"product-type-variable"},"ams_default_variation_id":0,"ams_product_points_reward":[],"ams_product_discount_percentage":0,"ams_price_to_display":25000,"aioseo_notices":[],"ams_acf":[],"_links":{"self":[{"href":"https:\/\/ikasougou.com\/ikanoel\/wp-json\/wp\/v2\/product\/1125","targetHints":{"allow":["GET"]}}],"collection":[{"href":"https:\/\/ikasougou.com\/ikanoel\/wp-json\/wp\/v2\/product"}],"about":[{"href":"https:\/\/ikasougou.com\/ikanoel\/wp-json\/wp\/v2\/types\/product"}],"replies":[{"embeddable":true,"href":"https:\/\/ikasougou.com\/ikanoel\/wp-json\/wp\/v2\/comments?post=1125"}],"wp:featuredmedia":[{"embeddable":true,"href":"https:\/\/ikasougou.com\/ikanoel\/wp-json\/wp\/v2\/media\/1123"}],"wp:attachment":[{"href":"https:\/\/ikasougou.com\/ikanoel\/wp-json\/wp\/v2\/media?parent=1125"}],"wp:term":[{"taxonomy":"product_brand","embeddable":true,"href":"https:\/\/ikasougou.com\/ikanoel\/wp-json\/wp\/v2\/product_brand?post=1125"},{"taxonomy":"product_cat","embeddable":true,"href":"https:\/\/ikasougou.com\/ikanoel\/wp-json\/wp\/v2\/product_cat?post=1125"},{"taxonomy":"product_tag","embeddable":true,"href":"https:\/\/ikasougou.com\/ikanoel\/wp-json\/wp\/v2\/product_tag?post=1125"}],"curies":[{"name":"wp","href":"https:\/\/api.w.org\/{rel}","templated":true}]}}