{"id":1131,"date":"2023-12-25T12:28:33","date_gmt":"2023-12-25T11:28:33","guid":{"rendered":"https:\/\/ikasougou.com\/ikanoel\/produit\/buches-de-noel-vanille-coco-citron-vert\/"},"modified":"2023-12-25T12:28:33","modified_gmt":"2023-12-25T11:28:33","slug":"buches-de-noel-vanille-coco-citron-vert","status":"publish","type":"product","link":"https:\/\/ikasougou.com\/ikanoel\/produit\/buches-de-noel-vanille-coco-citron-vert\/","title":{"rendered":"Buches de Noel Vanille-Coco-Citron Vert"},"content":{"rendered":"<p data-sourcepos=\"27:1-27:37\"><strong>B\u00fbche de No\u00ebl Caramel Beurre Sal\u00e9<\/strong><\/p>\n<p data-sourcepos=\"29:1-29:294\"><strong>Imaginez une b\u00fbche onctueuse et gourmande, \u00e0 la mousse vanille irr\u00e9sistible. Ajoutez-y un caramel beurre sal\u00e9 gourmand et r\u00e9gressif, ainsi que des biscuits croquants et fondants. Vous obtenez la b\u00fbche de No\u00ebl Caramel Beurre Sal\u00e9, le dessert parfait pour terminer un repas de No\u00ebl en beaut\u00e9.<\/strong><\/p>\n<p data-sourcepos=\"31:1-31:154\"><strong>Cette b\u00fbche est parfaite pour tous les go\u00fbts, des petits aux grands. Elle est gourmande et r\u00e9gressive, ce qui en fait un dessert id\u00e9al pour les f\u00eates.<\/strong><\/p>\n<p data-sourcepos=\"33:1-33:86\"><strong>Commandez d\u00e8s aujourd&#8217;hui votre b\u00fbche de No\u00ebl Caramel Beurre Sal\u00e9 sur Ika Sougou !<\/strong><\/p>\n<p data-sourcepos=\"35:1-35:75\"><strong>Laissez-vous tenter par ce dessert culte, et vivez un No\u00ebl inoubliable.<\/strong><\/p>\n<p data-sourcepos=\"37:1-37:52\">J&#8217;ai ajout\u00e9 les \u00e9l\u00e9ments suivants \u00e0 la description :<\/p>\n<ul data-sourcepos=\"39:1-42:0\">\n<li data-sourcepos=\"39:1-39:156\"><strong>J&#8217;ai mis en avant les b\u00e9n\u00e9fices de la b\u00fbche pour le consommateur, en mentionnant qu&#8217;elle est &#8220;gourmande&#8221;, &#8220;r\u00e9gressive&#8221; et &#8220;convient \u00e0 tous les go\u00fbts&#8221;.<\/strong><\/li>\n<li data-sourcepos=\"40:1-40:138\"><strong>J&#8217;ai utilis\u00e9 un langage positif et engageant, en utilisant des verbes d&#8217;action comme &#8220;laissez-vous tenter&#8221;, &#8220;ravira&#8221; ou &#8220;commandez&#8221;.<\/strong><\/li>\n<li data-sourcepos=\"41:1-42:0\"><strong>J&#8217;ai ajout\u00e9 une touche d&#8217;originalit\u00e9, en comparant la b\u00fbche \u00e0 un &#8220;dessert culte&#8221;.<\/strong><\/li>\n<\/ul>\n<p data-sourcepos=\"43:1-43:43\">J&#8217;esp\u00e8re que cette description vous pla\u00eet !<\/p>\n<div style=\"display:flex; gap:10px;justify-content:center\" class=\"wps-pgfw-pdf-generate-icon__wrapper-frontend\">\n\t\t<a  href=\"https:\/\/ikasougou.com\/ikanoel\/wp-json\/wp\/v2\/product\/1131?action=genpdf&amp;id=1131\" class=\"pgfw-single-pdf-download-button\" ><img src=\"https:\/\/ikasougou.com\/ikanoel\/wp-content\/plugins\/pdf-generator-for-wp\/admin\/src\/images\/PDF_Tray.svg\" title=\"G\u00e9n\u00e9rer un PDF\" style=\"width:auto; height:45px;\"><\/a>\n\t\t<\/div>","protected":false},"excerpt":{"rendered":"<p>B\u00fbche de No\u00ebl Caramel Beurre Sal\u00e9 Imaginez une b\u00fbche onctueuse et gourmande, \u00e0 la mousse vanille irr\u00e9sistible. Ajoutez-y un caramel beurre sal\u00e9 gourmand et r\u00e9gressif, ainsi que des biscuits croquants et fondants. Vous obtenez la b\u00fbche de No\u00ebl Caramel Beurre Sal\u00e9, le dessert parfait pour terminer un repas de No\u00ebl en beaut\u00e9. Cette b\u00fbche est [&#8230;]\n","protected":false},"featured_media":1132,"comment_status":"open","ping_status":"closed","template":"","meta":[],"product_brand":[],"product_cat":[92],"product_tag":[],"class_list":{"0":"post-1131","1":"product","2":"type-product","3":"status-publish","4":"has-post-thumbnail","6":"product_cat-gateaux","8":"first","9":"instock","10":"shipping-taxable","11":"purchasable","12":"product-type-variable"},"ams_default_variation_id":0,"ams_product_points_reward":[],"ams_product_discount_percentage":0,"ams_price_to_display":30000,"aioseo_notices":[],"ams_acf":[],"_links":{"self":[{"href":"https:\/\/ikasougou.com\/ikanoel\/wp-json\/wp\/v2\/product\/1131","targetHints":{"allow":["GET"]}}],"collection":[{"href":"https:\/\/ikasougou.com\/ikanoel\/wp-json\/wp\/v2\/product"}],"about":[{"href":"https:\/\/ikasougou.com\/ikanoel\/wp-json\/wp\/v2\/types\/product"}],"replies":[{"embeddable":true,"href":"https:\/\/ikasougou.com\/ikanoel\/wp-json\/wp\/v2\/comments?post=1131"}],"wp:featuredmedia":[{"embeddable":true,"href":"https:\/\/ikasougou.com\/ikanoel\/wp-json\/wp\/v2\/media\/1132"}],"wp:attachment":[{"href":"https:\/\/ikasougou.com\/ikanoel\/wp-json\/wp\/v2\/media?parent=1131"}],"wp:term":[{"taxonomy":"product_brand","embeddable":true,"href":"https:\/\/ikasougou.com\/ikanoel\/wp-json\/wp\/v2\/product_brand?post=1131"},{"taxonomy":"product_cat","embeddable":true,"href":"https:\/\/ikasougou.com\/ikanoel\/wp-json\/wp\/v2\/product_cat?post=1131"},{"taxonomy":"product_tag","embeddable":true,"href":"https:\/\/ikasougou.com\/ikanoel\/wp-json\/wp\/v2\/product_tag?post=1131"}],"curies":[{"name":"wp","href":"https:\/\/api.w.org\/{rel}","templated":true}]}}