{"id":1142,"date":"2023-12-25T12:40:04","date_gmt":"2023-12-25T11:40:04","guid":{"rendered":"https:\/\/ikasougou.com\/ikanoel\/produit\/buches-de-noel-merveille-oreo-vanille-2\/"},"modified":"2023-12-25T12:40:04","modified_gmt":"2023-12-25T11:40:04","slug":"buches-de-noel-merveille-oreo-vanille-2","status":"publish","type":"product","link":"https:\/\/ikasougou.com\/ikanoel\/produit\/buches-de-noel-merveille-oreo-vanille-2\/","title":{"rendered":"Buches de Noel Paradise"},"content":{"rendered":"<div class=\"logo-gutter ng-tns-c2330390921-119 ng-star-inserted\">\n<div class=\"resize-observable\"><\/div>\n<\/div>\n<div class=\"response-container-content ng-tns-c2330390921-119\">\n<div class=\"response-content ng-trigger ng-trigger-responsePopulation ng-tns-c2330390921-119 ng-animate-disabled\">\n<div class=\"markdown markdown-main-panel\" dir=\"ltr\">\n<div class=\"attachment-container search-images\">\n<div class=\"image-container hide-from-message-actions ng-star-inserted\">\n<div class=\"caption ellipsis gmat-caption ng-star-inserted\" aria-hidden=\"true\"><\/div>\n<\/div>\n<\/div>\n<p data-sourcepos=\"5:1-5:105\"><strong>Pour un No\u00ebl exotique et gourmand, laissez-vous tenter par la b\u00fbche de No\u00ebl Paradise de Mamy D\u00e9lices.<\/strong><\/p>\n<p data-sourcepos=\"7:1-7:125\">Cette b\u00fbche all\u00e9chante associe trois saveurs d\u00e9licieuses : le bavarois vanille, les ananas caram\u00e9lis\u00e9s et le gla\u00e7age vanille.<\/p>\n<p data-sourcepos=\"9:1-9:257\">Le bavarois vanille est onctueux et savoureux, avec une note subtile de vanille. Les ananas caram\u00e9lis\u00e9s apportent une touche de fra\u00eecheur et de gourmandise, avec leur go\u00fbt sucr\u00e9 et acidul\u00e9. Le gla\u00e7age vanille apporte une touche de douceur et de gourmandise.<\/p>\n<p data-sourcepos=\"11:1-11:159\"><strong>Cette b\u00fbche est parfaite pour terminer un repas de No\u00ebl en beaut\u00e9. Elle ravira les petits comme les grands, avec son go\u00fbt exotique et ses textures vari\u00e9es.<\/strong><\/p>\n<p data-sourcepos=\"13:1-13:75\"><strong>Commandez d\u00e8s aujourd&#8217;hui votre b\u00fbche de No\u00ebl Paradise sur Ika Sougou !<\/strong><\/p>\n<p data-sourcepos=\"15:1-15:256\"><strong>En plus des saveurs vari\u00e9es, les b\u00fbches de No\u00ebl Mamy D\u00e9lices sont fabriqu\u00e9es artisanalement, avec des produits de qualit\u00e9. Les p\u00e2tissiers de Mamy D\u00e9lices utilisent des ingr\u00e9dients frais et de saison, pour vous garantir un dessert savoureux et gourmand.<\/strong><\/p>\n<p data-sourcepos=\"17:1-17:241\"><strong>Les b\u00fbches de No\u00ebl Mamy D\u00e9lices sont disponibles en pr\u00e9commande sur le site Ika Sougou. Vous pouvez choisir la taille et la quantit\u00e9 de b\u00fbches que vous souhaitez. Les b\u00fbches seront livr\u00e9es directement chez vous, \u00e0 la date de votre choix.<\/strong><\/p>\n<\/div>\n<\/div>\n<\/div>\n<div style=\"display:flex; gap:10px;justify-content:center\" class=\"wps-pgfw-pdf-generate-icon__wrapper-frontend\">\n\t\t<a  href=\"https:\/\/ikasougou.com\/ikanoel\/wp-json\/wp\/v2\/product\/1142?action=genpdf&amp;id=1142\" class=\"pgfw-single-pdf-download-button\" ><img src=\"https:\/\/ikasougou.com\/ikanoel\/wp-content\/plugins\/pdf-generator-for-wp\/admin\/src\/images\/PDF_Tray.svg\" title=\"G\u00e9n\u00e9rer un PDF\" style=\"width:auto; height:45px;\"><\/a>\n\t\t<\/div>","protected":false},"excerpt":{"rendered":"<p>Pour un No\u00ebl exotique et gourmand, laissez-vous tenter par la b\u00fbche de No\u00ebl Paradise de Mamy D\u00e9lices. Cette b\u00fbche all\u00e9chante associe trois saveurs d\u00e9licieuses : le bavarois vanille, les ananas caram\u00e9lis\u00e9s et le gla\u00e7age vanille. Le bavarois vanille est onctueux et savoureux, avec une note subtile de vanille. Les ananas caram\u00e9lis\u00e9s apportent une touche de [&#8230;]\n","protected":false},"featured_media":1140,"comment_status":"open","ping_status":"closed","template":"","meta":[],"product_brand":[],"product_cat":[92],"product_tag":[],"class_list":{"0":"post-1142","1":"product","2":"type-product","3":"status-publish","4":"has-post-thumbnail","6":"product_cat-gateaux","8":"first","9":"instock","10":"shipping-taxable","11":"purchasable","12":"product-type-variable"},"ams_default_variation_id":0,"ams_product_points_reward":[],"ams_product_discount_percentage":0,"ams_price_to_display":30000,"aioseo_notices":[],"ams_acf":[],"_links":{"self":[{"href":"https:\/\/ikasougou.com\/ikanoel\/wp-json\/wp\/v2\/product\/1142","targetHints":{"allow":["GET"]}}],"collection":[{"href":"https:\/\/ikasougou.com\/ikanoel\/wp-json\/wp\/v2\/product"}],"about":[{"href":"https:\/\/ikasougou.com\/ikanoel\/wp-json\/wp\/v2\/types\/product"}],"replies":[{"embeddable":true,"href":"https:\/\/ikasougou.com\/ikanoel\/wp-json\/wp\/v2\/comments?post=1142"}],"wp:featuredmedia":[{"embeddable":true,"href":"https:\/\/ikasougou.com\/ikanoel\/wp-json\/wp\/v2\/media\/1140"}],"wp:attachment":[{"href":"https:\/\/ikasougou.com\/ikanoel\/wp-json\/wp\/v2\/media?parent=1142"}],"wp:term":[{"taxonomy":"product_brand","embeddable":true,"href":"https:\/\/ikasougou.com\/ikanoel\/wp-json\/wp\/v2\/product_brand?post=1142"},{"taxonomy":"product_cat","embeddable":true,"href":"https:\/\/ikasougou.com\/ikanoel\/wp-json\/wp\/v2\/product_cat?post=1142"},{"taxonomy":"product_tag","embeddable":true,"href":"https:\/\/ikasougou.com\/ikanoel\/wp-json\/wp\/v2\/product_tag?post=1142"}],"curies":[{"name":"wp","href":"https:\/\/api.w.org\/{rel}","templated":true}]}}