{"id":1147,"date":"2023-12-25T15:00:50","date_gmt":"2023-12-25T14:00:50","guid":{"rendered":"https:\/\/ikasougou.com\/ikanoel\/produit\/chocolat-au-lait-ghana-noisettes-2\/"},"modified":"2023-12-25T15:00:50","modified_gmt":"2023-12-25T14:00:50","slug":"chocolat-au-lait-ghana-noisettes-2","status":"publish","type":"product","link":"https:\/\/ikasougou.com\/ikanoel\/produit\/chocolat-au-lait-ghana-noisettes-2\/","title":{"rendered":"Chocolat au lait Ghana Noisettes"},"content":{"rendered":"<div class=\"presented-response-container ng-tns-c2330390921-33\">\n<div class=\"response-container-content ng-tns-c2330390921-33\">\n<div class=\"response-content ng-trigger ng-trigger-responsePopulation ng-tns-c2330390921-33 ng-animate-disabled\">\n<div class=\"markdown markdown-main-panel\" dir=\"ltr\">\n<p data-sourcepos=\"5:1-5:121\"><strong>Laissez-vous tenter par cette b\u00fbche de No\u00ebl Chocolat au lait Ghana Noisettes, une cr\u00e9ation originale de Mamy D\u00e9lices.<\/strong><\/p>\n<p data-sourcepos=\"7:1-7:127\">Cette b\u00fbche est compos\u00e9e de biscuits dacquoise noisettes, de mousse pralin\u00e9 noisettes et de gla\u00e7age esquimaux chocolat au lait.<\/p>\n<p data-sourcepos=\"9:1-9:236\">Le biscuit dacquoise aux noisettes apporte une texture croustillante et gourmande. La mousse pralin\u00e9 noisettes est onctueuse et savoureuse, avec une note subtile de caramel. Le gla\u00e7age esquimaux chocolat au lait est brillant et fondant.<\/p>\n<p data-sourcepos=\"11:1-11:162\"><strong>Cette b\u00fbche est parfaite pour terminer un repas de No\u00ebl en beaut\u00e9. Elle ravira les petits comme les grands, avec son go\u00fbt chocolat\u00e9 et ses notes de noisettes.<\/strong><\/p>\n<p data-sourcepos=\"13:1-13:99\"><strong>Commandez d\u00e8s aujourd&#8217;hui votre b\u00fbche de No\u00ebl Chocolat au lait Ghana Noisettes sur Ika Sougou !<\/strong><\/p>\n<p data-sourcepos=\"15:1-15:256\"><strong>En plus des saveurs vari\u00e9es, les b\u00fbches de No\u00ebl Mamy D\u00e9lices sont fabriqu\u00e9es artisanalement, avec des produits de qualit\u00e9. Les p\u00e2tissiers de Mamy D\u00e9lices utilisent des ingr\u00e9dients frais et de saison, pour vous garantir un dessert savoureux et gourmand.<\/strong><\/p>\n<p data-sourcepos=\"17:1-17:241\"><strong>Les b\u00fbches de No\u00ebl Mamy D\u00e9lices sont disponibles en pr\u00e9commande sur le site Ika Sougou. Vous pouvez choisir la taille et la quantit\u00e9 de b\u00fbches que vous souhaitez. Les b\u00fbches seront livr\u00e9es directement chez vous, \u00e0 la date de votre choix.<\/strong><\/p>\n<\/div>\n<div class=\"response-footer ng-tns-c2724309939-32 complete gap\">\n<div class=\"sources-list-container\"><\/div>\n<\/div>\n<\/div>\n<\/div>\n<\/div>\n<div class=\"response-container-footer ng-tns-c2330390921-33 visd-patch\">\n<div class=\"actions-container-v2 ng-star-inserted\">\n<div class=\"buttons-container-v2 ng-star-inserted\"><\/div>\n<\/div>\n<\/div>\n<div class=\"menu-button-wrapper\"><\/div>\n<div style=\"display:flex; gap:10px;justify-content:center\" class=\"wps-pgfw-pdf-generate-icon__wrapper-frontend\">\n\t\t<a  href=\"https:\/\/ikasougou.com\/ikanoel\/wp-json\/wp\/v2\/product\/1147?action=genpdf&amp;id=1147\" class=\"pgfw-single-pdf-download-button\" ><img src=\"https:\/\/ikasougou.com\/ikanoel\/wp-content\/plugins\/pdf-generator-for-wp\/admin\/src\/images\/PDF_Tray.svg\" title=\"G\u00e9n\u00e9rer un PDF\" style=\"width:auto; height:45px;\"><\/a>\n\t\t<\/div>","protected":false},"excerpt":{"rendered":"<p>Laissez-vous tenter par cette b\u00fbche de No\u00ebl Chocolat au lait Ghana Noisettes, une cr\u00e9ation originale de Mamy D\u00e9lices. Cette b\u00fbche est compos\u00e9e de biscuits dacquoise noisettes, de mousse pralin\u00e9 noisettes et de gla\u00e7age esquimaux chocolat au lait. Le biscuit dacquoise aux noisettes apporte une texture croustillante et gourmande. La mousse pralin\u00e9 noisettes est onctueuse et [&#8230;]\n","protected":false},"featured_media":1121,"comment_status":"open","ping_status":"closed","template":"","meta":[],"product_brand":[],"product_cat":[92],"product_tag":[],"class_list":{"0":"post-1147","1":"product","2":"type-product","3":"status-publish","4":"has-post-thumbnail","6":"product_cat-gateaux","8":"first","9":"instock","10":"shipping-taxable","11":"purchasable","12":"product-type-variable"},"ams_default_variation_id":0,"ams_product_points_reward":[],"ams_product_discount_percentage":0,"ams_price_to_display":30000,"aioseo_notices":[],"ams_acf":[],"_links":{"self":[{"href":"https:\/\/ikasougou.com\/ikanoel\/wp-json\/wp\/v2\/product\/1147","targetHints":{"allow":["GET"]}}],"collection":[{"href":"https:\/\/ikasougou.com\/ikanoel\/wp-json\/wp\/v2\/product"}],"about":[{"href":"https:\/\/ikasougou.com\/ikanoel\/wp-json\/wp\/v2\/types\/product"}],"replies":[{"embeddable":true,"href":"https:\/\/ikasougou.com\/ikanoel\/wp-json\/wp\/v2\/comments?post=1147"}],"wp:featuredmedia":[{"embeddable":true,"href":"https:\/\/ikasougou.com\/ikanoel\/wp-json\/wp\/v2\/media\/1121"}],"wp:attachment":[{"href":"https:\/\/ikasougou.com\/ikanoel\/wp-json\/wp\/v2\/media?parent=1147"}],"wp:term":[{"taxonomy":"product_brand","embeddable":true,"href":"https:\/\/ikasougou.com\/ikanoel\/wp-json\/wp\/v2\/product_brand?post=1147"},{"taxonomy":"product_cat","embeddable":true,"href":"https:\/\/ikasougou.com\/ikanoel\/wp-json\/wp\/v2\/product_cat?post=1147"},{"taxonomy":"product_tag","embeddable":true,"href":"https:\/\/ikasougou.com\/ikanoel\/wp-json\/wp\/v2\/product_tag?post=1147"}],"curies":[{"name":"wp","href":"https:\/\/api.w.org\/{rel}","templated":true}]}}