{"id":1150,"date":"2023-12-25T15:03:32","date_gmt":"2023-12-25T14:03:32","guid":{"rendered":"https:\/\/ikasougou.com\/ikanoel\/produit\/buches-de-noel-foret-blanche\/"},"modified":"2023-12-25T15:03:32","modified_gmt":"2023-12-25T14:03:32","slug":"buches-de-noel-foret-blanche","status":"publish","type":"product","link":"https:\/\/ikasougou.com\/ikanoel\/produit\/buches-de-noel-foret-blanche\/","title":{"rendered":"Buches de Noel Foret Blanche"},"content":{"rendered":"<p data-sourcepos=\"31:1-31:112\"><strong>Pour un No\u00ebl frais et l\u00e9ger, laissez-vous tenter par la b\u00fbche de No\u00ebl D\u00e9lices For\u00eat Blanche de Mamy D\u00e9lices.<\/strong><\/p>\n<p data-sourcepos=\"33:1-33:316\"><strong>Imaginez une b\u00fbche onctueuse et savoureuse, \u00e0 la cr\u00e8me vanille d\u00e9licatement parfum\u00e9e. Ajoutez-y du chocolat blanc fondant et cr\u00e9meux, ainsi qu&#8217;une touche de fra\u00eecheur apport\u00e9e par des fruits mixtes. Vous obtenez la b\u00fbche de No\u00ebl D\u00e9lices For\u00eat Blanche, le dessert parfait pour terminer un repas de No\u00ebl en beaut\u00e9.<\/strong><\/p>\n<p data-sourcepos=\"35:1-35:148\"><strong>Cette b\u00fbche est parfaite pour tous les go\u00fbts, des petits aux grands. Elle est l\u00e9g\u00e8re et digeste, ce qui en fait un dessert id\u00e9al pour les f\u00eates.<\/strong><\/p>\n<p data-sourcepos=\"37:1-37:88\"><strong>Commandez d\u00e8s aujourd&#8217;hui votre b\u00fbche de No\u00ebl D\u00e9lices For\u00eat Blanche sur Ika Sougou !<\/strong><\/p>\n<p data-sourcepos=\"39:1-39:89\"><strong>Laissez-vous tenter par ce dessert gourmand et raffin\u00e9, et vivez un No\u00ebl inoubliable.<\/strong><\/p>\n<div style=\"display:flex; gap:10px;justify-content:center\" class=\"wps-pgfw-pdf-generate-icon__wrapper-frontend\">\n\t\t<a  href=\"https:\/\/ikasougou.com\/ikanoel\/wp-json\/wp\/v2\/product\/1150?action=genpdf&amp;id=1150\" class=\"pgfw-single-pdf-download-button\" ><img src=\"https:\/\/ikasougou.com\/ikanoel\/wp-content\/plugins\/pdf-generator-for-wp\/admin\/src\/images\/PDF_Tray.svg\" title=\"G\u00e9n\u00e9rer un PDF\" style=\"width:auto; height:45px;\"><\/a>\n\t\t<\/div>","protected":false},"excerpt":{"rendered":"<p>Pour un No\u00ebl frais et l\u00e9ger, laissez-vous tenter par la b\u00fbche de No\u00ebl D\u00e9lices For\u00eat Blanche de Mamy D\u00e9lices. Imaginez une b\u00fbche onctueuse et savoureuse, \u00e0 la cr\u00e8me vanille d\u00e9licatement parfum\u00e9e. Ajoutez-y du chocolat blanc fondant et cr\u00e9meux, ainsi qu&#8217;une touche de fra\u00eecheur apport\u00e9e par des fruits mixtes. Vous obtenez la b\u00fbche de No\u00ebl D\u00e9lices [&#8230;]\n","protected":false},"featured_media":1151,"comment_status":"open","ping_status":"closed","template":"","meta":[],"product_brand":[],"product_cat":[92],"product_tag":[],"class_list":{"0":"post-1150","1":"product","2":"type-product","3":"status-publish","4":"has-post-thumbnail","6":"product_cat-gateaux","8":"first","9":"instock","10":"shipping-taxable","11":"purchasable","12":"product-type-variable"},"ams_default_variation_id":0,"ams_product_points_reward":[],"ams_product_discount_percentage":0,"ams_price_to_display":25000,"aioseo_notices":[],"ams_acf":[],"_links":{"self":[{"href":"https:\/\/ikasougou.com\/ikanoel\/wp-json\/wp\/v2\/product\/1150","targetHints":{"allow":["GET"]}}],"collection":[{"href":"https:\/\/ikasougou.com\/ikanoel\/wp-json\/wp\/v2\/product"}],"about":[{"href":"https:\/\/ikasougou.com\/ikanoel\/wp-json\/wp\/v2\/types\/product"}],"replies":[{"embeddable":true,"href":"https:\/\/ikasougou.com\/ikanoel\/wp-json\/wp\/v2\/comments?post=1150"}],"wp:featuredmedia":[{"embeddable":true,"href":"https:\/\/ikasougou.com\/ikanoel\/wp-json\/wp\/v2\/media\/1151"}],"wp:attachment":[{"href":"https:\/\/ikasougou.com\/ikanoel\/wp-json\/wp\/v2\/media?parent=1150"}],"wp:term":[{"taxonomy":"product_brand","embeddable":true,"href":"https:\/\/ikasougou.com\/ikanoel\/wp-json\/wp\/v2\/product_brand?post=1150"},{"taxonomy":"product_cat","embeddable":true,"href":"https:\/\/ikasougou.com\/ikanoel\/wp-json\/wp\/v2\/product_cat?post=1150"},{"taxonomy":"product_tag","embeddable":true,"href":"https:\/\/ikasougou.com\/ikanoel\/wp-json\/wp\/v2\/product_tag?post=1150"}],"curies":[{"name":"wp","href":"https:\/\/api.w.org\/{rel}","templated":true}]}}