{"id":22,"date":"2021-12-15T18:52:10","date_gmt":"2021-12-15T17:52:10","guid":{"rendered":"https:\/\/ikasougou.com\/ikanoel\/?post_type=product&#038;p=22"},"modified":"2021-12-15T18:52:11","modified_gmt":"2021-12-15T17:52:11","slug":"airbus-airplane-jouet-pour-enfant","status":"publish","type":"product","link":"https:\/\/ikasougou.com\/ikanoel\/produit\/airbus-airplane-jouet-pour-enfant\/","title":{"rendered":"Airbus Airplane Jouet pour enfant"},"content":{"rendered":"<p>Cet jouet de qualit\u00e9 sup\u00e9rieure offre \u00e0 votre enfant des heures de jeu amusant et \u00e9ducatif<br \/>\nLe jouet Airbus convient aux d\u00e9butants et aux amateurs de jeux de vol interm\u00e9diaires, aux enfants. Le jouet avion est facile \u00e0 d\u00e9monter et \u00e0 assembler. Cet avion de chasse futuriste est \u00e9quip\u00e9 de la technologie Bump and Go lorsqu&#8217;il heurte un obstacle<br \/>\nLe jouet avion Airbus est un choix judicieux pour un enfant pour l&#8217;aider \u00e0 d\u00e9velopper ses capacit\u00e9s cognitives et motrices tout en jouant. L&#8217;avion d&#8217;aspect r\u00e9aliste de Toys fait d\u00e9couvrir \u00e0 un enfant les machines de transport modernes et leur fonctionnement dans la vie r\u00e9elle. Il aide les enfants \u00e0 utiliser leur imagination<br \/>\nSp\u00e9cifications des jouets d&#8217;avion Airbus t\u00e9l\u00e9command\u00e9s pour enfants<br \/>\nSKU169696354_PK-1339446158Type de batterie Non sp\u00e9cifi\u00e9<\/p>\n<p><img loading=\"lazy\" decoding=\"async\" class=\"alignnone size-medium wp-image-23\" src=\"https:\/\/ikasougou.com\/ikanoel\/wp-content\/uploads\/sites\/98\/2021\/12\/photo_2021-12-15_17-04-54-300x269.jpg\" alt=\"\" width=\"300\" height=\"269\" srcset=\"https:\/\/ikasougou.com\/ikanoel\/wp-content\/uploads\/sites\/98\/2021\/12\/photo_2021-12-15_17-04-54-300x269.jpg 300w, https:\/\/ikasougou.com\/ikanoel\/wp-content\/uploads\/sites\/98\/2021\/12\/photo_2021-12-15_17-04-54-1024x918.jpg 1024w, https:\/\/ikasougou.com\/ikanoel\/wp-content\/uploads\/sites\/98\/2021\/12\/photo_2021-12-15_17-04-54-768x689.jpg 768w, https:\/\/ikasougou.com\/ikanoel\/wp-content\/uploads\/sites\/98\/2021\/12\/photo_2021-12-15_17-04-54-510x457.jpg 510w, https:\/\/ikasougou.com\/ikanoel\/wp-content\/uploads\/sites\/98\/2021\/12\/photo_2021-12-15_17-04-54.jpg 1280w\" sizes=\"auto, (max-width: 300px) 100vw, 300px\" \/> <img loading=\"lazy\" decoding=\"async\" class=\"alignnone size-medium wp-image-24\" src=\"https:\/\/ikasougou.com\/ikanoel\/wp-content\/uploads\/sites\/98\/2021\/12\/photo_2021-12-15_17-05-00-300x266.jpg\" alt=\"\" width=\"300\" height=\"266\" srcset=\"https:\/\/ikasougou.com\/ikanoel\/wp-content\/uploads\/sites\/98\/2021\/12\/photo_2021-12-15_17-05-00-300x266.jpg 300w, https:\/\/ikasougou.com\/ikanoel\/wp-content\/uploads\/sites\/98\/2021\/12\/photo_2021-12-15_17-05-00-1024x906.jpg 1024w, https:\/\/ikasougou.com\/ikanoel\/wp-content\/uploads\/sites\/98\/2021\/12\/photo_2021-12-15_17-05-00-768x680.jpg 768w, https:\/\/ikasougou.com\/ikanoel\/wp-content\/uploads\/sites\/98\/2021\/12\/photo_2021-12-15_17-05-00-510x451.jpg 510w, https:\/\/ikasougou.com\/ikanoel\/wp-content\/uploads\/sites\/98\/2021\/12\/photo_2021-12-15_17-05-00.jpg 1280w\" sizes=\"auto, (max-width: 300px) 100vw, 300px\" \/> <img loading=\"lazy\" decoding=\"async\" class=\"alignnone size-medium wp-image-25\" src=\"https:\/\/ikasougou.com\/ikanoel\/wp-content\/uploads\/sites\/98\/2021\/12\/photo_2021-12-15_17-05-04-300x228.jpg\" alt=\"\" width=\"300\" height=\"228\" srcset=\"https:\/\/ikasougou.com\/ikanoel\/wp-content\/uploads\/sites\/98\/2021\/12\/photo_2021-12-15_17-05-04-300x228.jpg 300w, https:\/\/ikasougou.com\/ikanoel\/wp-content\/uploads\/sites\/98\/2021\/12\/photo_2021-12-15_17-05-04-1024x778.jpg 1024w, https:\/\/ikasougou.com\/ikanoel\/wp-content\/uploads\/sites\/98\/2021\/12\/photo_2021-12-15_17-05-04-768x584.jpg 768w, https:\/\/ikasougou.com\/ikanoel\/wp-content\/uploads\/sites\/98\/2021\/12\/photo_2021-12-15_17-05-04-510x388.jpg 510w, https:\/\/ikasougou.com\/ikanoel\/wp-content\/uploads\/sites\/98\/2021\/12\/photo_2021-12-15_17-05-04.jpg 1280w\" sizes=\"auto, (max-width: 300px) 100vw, 300px\" \/> <img loading=\"lazy\" decoding=\"async\" class=\"alignnone size-medium wp-image-26\" src=\"https:\/\/ikasougou.com\/ikanoel\/wp-content\/uploads\/sites\/98\/2021\/12\/photo_2021-12-15_17-05-09-300x240.jpg\" alt=\"\" width=\"300\" height=\"240\" srcset=\"https:\/\/ikasougou.com\/ikanoel\/wp-content\/uploads\/sites\/98\/2021\/12\/photo_2021-12-15_17-05-09-300x240.jpg 300w, https:\/\/ikasougou.com\/ikanoel\/wp-content\/uploads\/sites\/98\/2021\/12\/photo_2021-12-15_17-05-09-1024x818.jpg 1024w, https:\/\/ikasougou.com\/ikanoel\/wp-content\/uploads\/sites\/98\/2021\/12\/photo_2021-12-15_17-05-09-768x614.jpg 768w, https:\/\/ikasougou.com\/ikanoel\/wp-content\/uploads\/sites\/98\/2021\/12\/photo_2021-12-15_17-05-09-510x408.jpg 510w, https:\/\/ikasougou.com\/ikanoel\/wp-content\/uploads\/sites\/98\/2021\/12\/photo_2021-12-15_17-05-09.jpg 1280w\" sizes=\"auto, (max-width: 300px) 100vw, 300px\" \/><\/p>\n<div style=\"display:flex; gap:10px;justify-content:center\" class=\"wps-pgfw-pdf-generate-icon__wrapper-frontend\">\n\t\t<a  href=\"https:\/\/ikasougou.com\/ikanoel\/wp-json\/wp\/v2\/product\/22?action=genpdf&amp;id=22\" class=\"pgfw-single-pdf-download-button\" ><img src=\"https:\/\/ikasougou.com\/ikanoel\/wp-content\/plugins\/pdf-generator-for-wp\/admin\/src\/images\/PDF_Tray.svg\" title=\"G\u00e9n\u00e9rer un PDF\" style=\"width:auto; height:45px;\"><\/a>\n\t\t<\/div>","protected":false},"excerpt":{"rendered":"<p>Cet jouet de qualit\u00e9 sup\u00e9rieure offre \u00e0 votre enfant des heures de jeu amusant et \u00e9ducatif Le jouet Airbus convient aux d\u00e9butants et aux amateurs de jeux de vol interm\u00e9diaires, aux enfants. Le jouet avion est facile \u00e0 d\u00e9monter et \u00e0 assembler. Cet avion de chasse futuriste est \u00e9quip\u00e9 de la technologie Bump and Go [&#8230;]\n","protected":false},"featured_media":23,"comment_status":"open","ping_status":"closed","template":"","meta":[],"product_brand":[],"product_cat":[17],"product_tag":[18,19,21,22,20,23],"class_list":{"0":"post-22","1":"product","2":"type-product","3":"status-publish","4":"has-post-thumbnail","6":"product_cat-cadeaux-de-noel","7":"product_tag-airbus-airplane-jouet-pour-enfant","8":"product_tag-bamako","9":"product_tag-cadeau-de-noel","10":"product_tag-enfants","11":"product_tag-mali","12":"product_tag-pere-noel","14":"first","15":"instock","16":"shipping-taxable","17":"product-type-simple"},"ams_default_variation_id":0,"ams_product_points_reward":[],"ams_product_discount_percentage":0,"ams_price_to_display":0,"aioseo_notices":[],"ams_acf":[],"_links":{"self":[{"href":"https:\/\/ikasougou.com\/ikanoel\/wp-json\/wp\/v2\/product\/22","targetHints":{"allow":["GET"]}}],"collection":[{"href":"https:\/\/ikasougou.com\/ikanoel\/wp-json\/wp\/v2\/product"}],"about":[{"href":"https:\/\/ikasougou.com\/ikanoel\/wp-json\/wp\/v2\/types\/product"}],"replies":[{"embeddable":true,"href":"https:\/\/ikasougou.com\/ikanoel\/wp-json\/wp\/v2\/comments?post=22"}],"wp:featuredmedia":[{"embeddable":true,"href":"https:\/\/ikasougou.com\/ikanoel\/wp-json\/wp\/v2\/media\/23"}],"wp:attachment":[{"href":"https:\/\/ikasougou.com\/ikanoel\/wp-json\/wp\/v2\/media?parent=22"}],"wp:term":[{"taxonomy":"product_brand","embeddable":true,"href":"https:\/\/ikasougou.com\/ikanoel\/wp-json\/wp\/v2\/product_brand?post=22"},{"taxonomy":"product_cat","embeddable":true,"href":"https:\/\/ikasougou.com\/ikanoel\/wp-json\/wp\/v2\/product_cat?post=22"},{"taxonomy":"product_tag","embeddable":true,"href":"https:\/\/ikasougou.com\/ikanoel\/wp-json\/wp\/v2\/product_tag?post=22"}],"curies":[{"name":"wp","href":"https:\/\/api.w.org\/{rel}","templated":true}]}}