{"id":27,"date":"2021-12-15T19:14:01","date_gmt":"2021-12-15T18:14:01","guid":{"rendered":"https:\/\/ikasougou.com\/ikanoel\/?post_type=product&#038;p=27"},"modified":"2021-12-15T19:14:01","modified_gmt":"2021-12-15T18:14:01","slug":"pistolet-a-eau-hd-dream","status":"publish","type":"product","link":"https:\/\/ikasougou.com\/ikanoel\/produit\/pistolet-a-eau-hd-dream\/","title":{"rendered":"Pistolet \u00e0 eau HD Dream"},"content":{"rendered":"<p>Id\u00e9al pour s&#8217;amuser dans les combats d&#8217;eau, le pistolet \u00e0 eau vous donne le pouvoir de lancer des assauts a\u00e9riens sur vos amis et votre famille de mani\u00e8re amusante, quel que soit votre \u00e2ge. Achetez des pistolets \u00e0 eau et d&#8217;autres produits de sport, de sant\u00e9 et de fitness aux prix les plus bas sur IKASOUGOU.COM.<\/p>\n<p>Mat\u00e9riel: Plastique<br \/>\nCouleur : Multi<br \/>\nHaute pression<br \/>\nPetit r\u00e9servoir d&#8217;eau<br \/>\nAvec bandouli\u00e8re<br \/>\n<img loading=\"lazy\" decoding=\"async\" class=\"alignnone size-medium wp-image-28\" src=\"https:\/\/ikasougou.com\/ikanoel\/wp-content\/uploads\/sites\/98\/2021\/12\/photo_2021-12-15_17-04-19-300x222.jpg\" alt=\"\" width=\"300\" height=\"222\" srcset=\"https:\/\/ikasougou.com\/ikanoel\/wp-content\/uploads\/sites\/98\/2021\/12\/photo_2021-12-15_17-04-19-300x222.jpg 300w, https:\/\/ikasougou.com\/ikanoel\/wp-content\/uploads\/sites\/98\/2021\/12\/photo_2021-12-15_17-04-19-1024x758.jpg 1024w, https:\/\/ikasougou.com\/ikanoel\/wp-content\/uploads\/sites\/98\/2021\/12\/photo_2021-12-15_17-04-19-768x569.jpg 768w, https:\/\/ikasougou.com\/ikanoel\/wp-content\/uploads\/sites\/98\/2021\/12\/photo_2021-12-15_17-04-19-510x378.jpg 510w, https:\/\/ikasougou.com\/ikanoel\/wp-content\/uploads\/sites\/98\/2021\/12\/photo_2021-12-15_17-04-19.jpg 1280w\" sizes=\"auto, (max-width: 300px) 100vw, 300px\" \/><\/p>\n<div style=\"display:flex; gap:10px;justify-content:center\" class=\"wps-pgfw-pdf-generate-icon__wrapper-frontend\">\n\t\t<a  href=\"https:\/\/ikasougou.com\/ikanoel\/wp-json\/wp\/v2\/product\/27?action=genpdf&amp;id=27\" class=\"pgfw-single-pdf-download-button\" ><img src=\"https:\/\/ikasougou.com\/ikanoel\/wp-content\/plugins\/pdf-generator-for-wp\/admin\/src\/images\/PDF_Tray.svg\" title=\"G\u00e9n\u00e9rer un PDF\" style=\"width:auto; height:45px;\"><\/a>\n\t\t<\/div>","protected":false},"excerpt":{"rendered":"<p>Id\u00e9al pour s&#8217;amuser dans les combats d&#8217;eau, le pistolet \u00e0 eau vous donne le pouvoir de lancer des assauts a\u00e9riens sur vos amis et votre famille de mani\u00e8re amusante, quel que soit votre \u00e2ge. Achetez des pistolets \u00e0 eau et d&#8217;autres produits de sport, de sant\u00e9 et de fitness aux prix les plus bas sur [&#8230;]\n","protected":false},"featured_media":28,"comment_status":"open","ping_status":"closed","template":"","meta":[],"product_brand":[],"product_cat":[17],"product_tag":[19,21,22,20,23,24],"class_list":{"0":"post-27","1":"product","2":"type-product","3":"status-publish","4":"has-post-thumbnail","6":"product_cat-cadeaux-de-noel","7":"product_tag-bamako","8":"product_tag-cadeau-de-noel","9":"product_tag-enfants","10":"product_tag-mali","11":"product_tag-pere-noel","12":"product_tag-pistolet-a-eau-hd-dream","14":"first","15":"instock","16":"shipping-taxable","17":"product-type-simple"},"ams_default_variation_id":0,"ams_product_points_reward":[],"ams_product_discount_percentage":0,"ams_price_to_display":0,"aioseo_notices":[],"ams_acf":[],"_links":{"self":[{"href":"https:\/\/ikasougou.com\/ikanoel\/wp-json\/wp\/v2\/product\/27","targetHints":{"allow":["GET"]}}],"collection":[{"href":"https:\/\/ikasougou.com\/ikanoel\/wp-json\/wp\/v2\/product"}],"about":[{"href":"https:\/\/ikasougou.com\/ikanoel\/wp-json\/wp\/v2\/types\/product"}],"replies":[{"embeddable":true,"href":"https:\/\/ikasougou.com\/ikanoel\/wp-json\/wp\/v2\/comments?post=27"}],"wp:featuredmedia":[{"embeddable":true,"href":"https:\/\/ikasougou.com\/ikanoel\/wp-json\/wp\/v2\/media\/28"}],"wp:attachment":[{"href":"https:\/\/ikasougou.com\/ikanoel\/wp-json\/wp\/v2\/media?parent=27"}],"wp:term":[{"taxonomy":"product_brand","embeddable":true,"href":"https:\/\/ikasougou.com\/ikanoel\/wp-json\/wp\/v2\/product_brand?post=27"},{"taxonomy":"product_cat","embeddable":true,"href":"https:\/\/ikasougou.com\/ikanoel\/wp-json\/wp\/v2\/product_cat?post=27"},{"taxonomy":"product_tag","embeddable":true,"href":"https:\/\/ikasougou.com\/ikanoel\/wp-json\/wp\/v2\/product_tag?post=27"}],"curies":[{"name":"wp","href":"https:\/\/api.w.org\/{rel}","templated":true}]}}