{"id":57,"date":"2021-12-18T12:19:43","date_gmt":"2021-12-18T11:19:43","guid":{"rendered":"https:\/\/ikasougou.com\/ikanoel\/sample-product\/6-bouteilles-deau-minerale-assinie-de-15-litre\/"},"modified":"2021-12-18T12:19:48","modified_gmt":"2021-12-18T11:19:48","slug":"6-bouteilles-deau-minerale-assinie-de-15-litre","status":"publish","type":"product","link":"https:\/\/ikasougou.com\/ikanoel\/produit\/6-bouteilles-deau-minerale-assinie-de-15-litre\/","title":{"rendered":"6 Bouteilles d\u2019Eau Min\u00e9rale Assinie de 1,5 Litre"},"content":{"rendered":"<p>D\u00e9couvrez en exclusivit\u00e9 sur Ikasougou.com, l\u2019eau min\u00e9rale ASSINIE, une eau naturellement pure, l\u00e9g\u00e8re et douce. Nous vous proposons le format de 1,5 litre en un pack de 6 \u00e0 1500 FCFA.<\/p>\n<p><img loading=\"lazy\" decoding=\"async\" class=\"alignnone size-medium wp-image-58\" src=\"https:\/\/ikasougou.com\/ikanoel\/wp-content\/uploads\/sites\/98\/2021\/12\/eau-minerale-assini-15l-300x300.jpg\" alt=\"\" width=\"300\" height=\"300\" srcset=\"https:\/\/ikasougou.com\/ikanoel\/wp-content\/uploads\/sites\/98\/2021\/12\/eau-minerale-assini-15l-300x300.jpg 300w, https:\/\/ikasougou.com\/ikanoel\/wp-content\/uploads\/sites\/98\/2021\/12\/eau-minerale-assini-15l-150x150.jpg 150w, https:\/\/ikasougou.com\/ikanoel\/wp-content\/uploads\/sites\/98\/2021\/12\/eau-minerale-assini-15l-768x768.jpg 768w, https:\/\/ikasougou.com\/ikanoel\/wp-content\/uploads\/sites\/98\/2021\/12\/eau-minerale-assini-15l-510x510.jpg 510w, https:\/\/ikasougou.com\/ikanoel\/wp-content\/uploads\/sites\/98\/2021\/12\/eau-minerale-assini-15l-100x100.jpg 100w, https:\/\/ikasougou.com\/ikanoel\/wp-content\/uploads\/sites\/98\/2021\/12\/eau-minerale-assini-15l.jpg 800w\" sizes=\"auto, (max-width: 300px) 100vw, 300px\" \/><\/p>\n<div style=\"display:flex; gap:10px;justify-content:center\" class=\"wps-pgfw-pdf-generate-icon__wrapper-frontend\">\n\t\t<a  href=\"https:\/\/ikasougou.com\/ikanoel\/wp-json\/wp\/v2\/product\/57?action=genpdf&amp;id=57\" class=\"pgfw-single-pdf-download-button\" ><img src=\"https:\/\/ikasougou.com\/ikanoel\/wp-content\/plugins\/pdf-generator-for-wp\/admin\/src\/images\/PDF_Tray.svg\" title=\"G\u00e9n\u00e9rer un PDF\" style=\"width:auto; height:45px;\"><\/a>\n\t\t<\/div>","protected":false},"excerpt":{"rendered":"<p>D\u00e9couvrez en exclusivit\u00e9 sur Ikasougou.com, l\u2019eau min\u00e9rale ASSINIE, une eau naturellement pure, l\u00e9g\u00e8re et douce. Nous vous proposons le format de 1,5 litre en un pack de 6 \u00e0 1500 FCFA.<\/p>\n","protected":false},"featured_media":58,"comment_status":"open","ping_status":"closed","template":"","meta":[],"product_brand":[],"product_cat":[16,27],"product_tag":[34,19,35,36,20],"class_list":{"0":"post-57","1":"product","2":"type-product","3":"status-publish","4":"has-post-thumbnail","6":"product_cat-alimentaires","7":"product_cat-boissons","8":"product_tag-6-bouteilles-deau-minerale-assinie-de-1","9":"product_tag-bamako","10":"product_tag-eau-minerale-assinie","11":"product_tag-en-exclusivite","12":"product_tag-mali","14":"first","15":"instock","16":"shipping-taxable","17":"purchasable","18":"product-type-simple"},"ams_default_variation_id":0,"ams_product_points_reward":[],"ams_product_discount_percentage":0,"ams_price_to_display":1500,"aioseo_notices":[],"ams_acf":[],"_links":{"self":[{"href":"https:\/\/ikasougou.com\/ikanoel\/wp-json\/wp\/v2\/product\/57","targetHints":{"allow":["GET"]}}],"collection":[{"href":"https:\/\/ikasougou.com\/ikanoel\/wp-json\/wp\/v2\/product"}],"about":[{"href":"https:\/\/ikasougou.com\/ikanoel\/wp-json\/wp\/v2\/types\/product"}],"replies":[{"embeddable":true,"href":"https:\/\/ikasougou.com\/ikanoel\/wp-json\/wp\/v2\/comments?post=57"}],"wp:featuredmedia":[{"embeddable":true,"href":"https:\/\/ikasougou.com\/ikanoel\/wp-json\/wp\/v2\/media\/58"}],"wp:attachment":[{"href":"https:\/\/ikasougou.com\/ikanoel\/wp-json\/wp\/v2\/media?parent=57"}],"wp:term":[{"taxonomy":"product_brand","embeddable":true,"href":"https:\/\/ikasougou.com\/ikanoel\/wp-json\/wp\/v2\/product_brand?post=57"},{"taxonomy":"product_cat","embeddable":true,"href":"https:\/\/ikasougou.com\/ikanoel\/wp-json\/wp\/v2\/product_cat?post=57"},{"taxonomy":"product_tag","embeddable":true,"href":"https:\/\/ikasougou.com\/ikanoel\/wp-json\/wp\/v2\/product_tag?post=57"}],"curies":[{"name":"wp","href":"https:\/\/api.w.org\/{rel}","templated":true}]}}