{"id":71,"date":"2021-12-18T12:41:24","date_gmt":"2021-12-18T11:41:24","guid":{"rendered":"https:\/\/ikasougou.com\/ikanoel\/sample-product\/un-carton-de-48-pots-de-pringles\/"},"modified":"2021-12-18T12:42:19","modified_gmt":"2021-12-18T11:42:19","slug":"un-carton-de-48-pots-de-pringles","status":"publish","type":"product","link":"https:\/\/ikasougou.com\/ikanoel\/produit\/un-carton-de-48-pots-de-pringles\/","title":{"rendered":"Un Carton de 48 pots de Pringles"},"content":{"rendered":"<p>Pringles Snack Stacks<br \/>\nId\u00e9al pour les go\u00fbters, les picnic, les soir\u00e9es cin\u00e9ma etc , ce paquet de pringles \u00e0 3 saveurs est parfait pour contr\u00f4ler les portions que vous devez manger. Dans le paquet, vous avez en tout 48 chips et \u00e7a co\u00fbte 15 000 fcfa.<\/p>\n<p><img loading=\"lazy\" decoding=\"async\" class=\"alignnone size-medium wp-image-72\" src=\"https:\/\/ikasougou.com\/ventengros\/wp-content\/uploads\/sites\/96\/2021\/11\/pringles_690x350-300x152.jpg\" alt=\"\" width=\"300\" height=\"152\" \/> <img loading=\"lazy\" decoding=\"async\" class=\"alignnone size-medium wp-image-73\" src=\"https:\/\/ikasougou.com\/ventengros\/wp-content\/uploads\/sites\/96\/2021\/11\/IMG_20211111_182450-300x199.png\" alt=\"\" width=\"300\" height=\"199\" \/> <img loading=\"lazy\" decoding=\"async\" class=\"alignnone size-medium wp-image-74\" src=\"https:\/\/ikasougou.com\/ventengros\/wp-content\/uploads\/sites\/96\/2021\/11\/IMG_20211111_182511-300x201.png\" alt=\"\" width=\"300\" height=\"201\" \/> <img loading=\"lazy\" decoding=\"async\" class=\"alignnone size-medium wp-image-75\" src=\"https:\/\/ikasougou.com\/ventengros\/wp-content\/uploads\/sites\/96\/2021\/11\/IMG_20211111_182604-300x236.png\" alt=\"\" width=\"300\" height=\"236\" \/> <img loading=\"lazy\" decoding=\"async\" class=\"alignnone size-medium wp-image-76\" src=\"https:\/\/ikasougou.com\/ventengros\/wp-content\/uploads\/sites\/96\/2021\/11\/IMG_20211111_182530-300x215.png\" alt=\"\" width=\"300\" height=\"215\" \/> <img loading=\"lazy\" decoding=\"async\" class=\"alignnone size-medium wp-image-77\" src=\"https:\/\/ikasougou.com\/ventengros\/wp-content\/uploads\/sites\/96\/2021\/11\/IMG_20211111_182545-300x197.png\" alt=\"\" width=\"300\" height=\"197\" \/><\/p>\n<div style=\"display:flex; gap:10px;justify-content:center\" class=\"wps-pgfw-pdf-generate-icon__wrapper-frontend\">\n\t\t<a  href=\"https:\/\/ikasougou.com\/ikanoel\/wp-json\/wp\/v2\/product\/71?action=genpdf&amp;id=71\" class=\"pgfw-single-pdf-download-button\" ><img src=\"https:\/\/ikasougou.com\/ikanoel\/wp-content\/plugins\/pdf-generator-for-wp\/admin\/src\/images\/PDF_Tray.svg\" title=\"G\u00e9n\u00e9rer un PDF\" style=\"width:auto; height:45px;\"><\/a>\n\t\t<\/div>","protected":false},"excerpt":{"rendered":"<p>Pringles Snack Stacks Id\u00e9al pour les go\u00fbters, les picnic, les soir\u00e9es cin\u00e9ma etc , ce paquet de pringles \u00e0 3 saveurs est parfait pour contr\u00f4ler les portions que vous devez manger. Dans le paquet, vous avez en tout 48 chips et \u00e7a co\u00fbte 15 000 fcfa.<\/p>\n","protected":false},"featured_media":76,"comment_status":"open","ping_status":"closed","template":"","meta":[],"product_brand":[],"product_cat":[16,43],"product_tag":[45,19,50,20,51],"class_list":{"0":"post-71","1":"product","2":"type-product","3":"status-publish","4":"has-post-thumbnail","6":"product_cat-alimentaires","7":"product_cat-amuse-bouche","8":"product_tag-amuse-bouche","9":"product_tag-bamako","10":"product_tag-dessert","11":"product_tag-mali","12":"product_tag-pringles","14":"first","15":"instock","16":"shipping-taxable","17":"purchasable","18":"product-type-simple"},"ams_default_variation_id":0,"ams_product_points_reward":[],"ams_product_discount_percentage":0,"ams_price_to_display":15000,"aioseo_notices":[],"ams_acf":[],"_links":{"self":[{"href":"https:\/\/ikasougou.com\/ikanoel\/wp-json\/wp\/v2\/product\/71","targetHints":{"allow":["GET"]}}],"collection":[{"href":"https:\/\/ikasougou.com\/ikanoel\/wp-json\/wp\/v2\/product"}],"about":[{"href":"https:\/\/ikasougou.com\/ikanoel\/wp-json\/wp\/v2\/types\/product"}],"replies":[{"embeddable":true,"href":"https:\/\/ikasougou.com\/ikanoel\/wp-json\/wp\/v2\/comments?post=71"}],"wp:featuredmedia":[{"embeddable":true,"href":"https:\/\/ikasougou.com\/ikanoel\/wp-json\/wp\/v2\/media\/76"}],"wp:attachment":[{"href":"https:\/\/ikasougou.com\/ikanoel\/wp-json\/wp\/v2\/media?parent=71"}],"wp:term":[{"taxonomy":"product_brand","embeddable":true,"href":"https:\/\/ikasougou.com\/ikanoel\/wp-json\/wp\/v2\/product_brand?post=71"},{"taxonomy":"product_cat","embeddable":true,"href":"https:\/\/ikasougou.com\/ikanoel\/wp-json\/wp\/v2\/product_cat?post=71"},{"taxonomy":"product_tag","embeddable":true,"href":"https:\/\/ikasougou.com\/ikanoel\/wp-json\/wp\/v2\/product_tag?post=71"}],"curies":[{"name":"wp","href":"https:\/\/api.w.org\/{rel}","templated":true}]}}