{"id":850,"date":"2021-12-22T14:25:19","date_gmt":"2021-12-22T13:25:19","guid":{"rendered":"https:\/\/ikasougou.com\/ikanoel\/?post_type=product&#038;p=850"},"modified":"2022-12-24T18:20:43","modified_gmt":"2022-12-24T17:20:43","slug":"buche-de-noel-tiramisu-pistache","status":"publish","type":"product","link":"https:\/\/ikasougou.com\/ikanoel\/produit\/buche-de-noel-tiramisu-pistache\/","title":{"rendered":"Buche de Noel TIRAMISU PISTACHE"},"content":{"rendered":"<p>Composition<\/p>\n<p>Compos\u00e9 de :<\/p>\n<p>cr\u00e8me mascarpone \u00e0 la vanille<\/p>\n<p>Cr\u00e8me d&#8217;amande pistache<\/p>\n<p>Ganache \u00e0 la pistache<\/p>\n<p>Insert de coulis de pistache \u00e0 l&#8217;amande<\/p>\n<p>Biscuit dacquoise<\/p>\n<div style=\"display:flex; gap:10px;justify-content:center\" class=\"wps-pgfw-pdf-generate-icon__wrapper-frontend\">\n\t\t<a  href=\"https:\/\/ikasougou.com\/ikanoel\/wp-json\/wp\/v2\/product\/850?action=genpdf&amp;id=850\" class=\"pgfw-single-pdf-download-button\" ><img src=\"https:\/\/ikasougou.com\/ikanoel\/wp-content\/plugins\/pdf-generator-for-wp\/admin\/src\/images\/PDF_Tray.svg\" title=\"G\u00e9n\u00e9rer un PDF\" style=\"width:auto; height:45px;\"><\/a>\n\t\t<\/div>","protected":false},"excerpt":{"rendered":"<p>Compos\u00e9 de cr\u00e8me mascarpone, caf\u00e9 et biscuit vanille<\/p>\n","protected":false},"featured_media":1100,"comment_status":"open","ping_status":"closed","template":"","meta":[],"product_brand":[],"product_cat":[306],"product_tag":[19,396,311,395,312,313,20],"class_list":{"0":"post-850","1":"product","2":"type-product","3":"status-publish","4":"has-post-thumbnail","6":"product_cat-buches-de-noel","7":"product_tag-bamako","8":"product_tag-bestikanoel","9":"product_tag-biscuit-vanille","10":"product_tag-buche-de-noel","11":"product_tag-cafe","12":"product_tag-creme-mascarpone","13":"product_tag-mali","15":"first","16":"instock","17":"shipping-taxable","18":"purchasable","19":"product-type-variable"},"ams_default_variation_id":0,"ams_product_points_reward":[],"ams_product_discount_percentage":0,"ams_price_to_display":18000,"aioseo_notices":[],"ams_acf":[],"_links":{"self":[{"href":"https:\/\/ikasougou.com\/ikanoel\/wp-json\/wp\/v2\/product\/850","targetHints":{"allow":["GET"]}}],"collection":[{"href":"https:\/\/ikasougou.com\/ikanoel\/wp-json\/wp\/v2\/product"}],"about":[{"href":"https:\/\/ikasougou.com\/ikanoel\/wp-json\/wp\/v2\/types\/product"}],"replies":[{"embeddable":true,"href":"https:\/\/ikasougou.com\/ikanoel\/wp-json\/wp\/v2\/comments?post=850"}],"wp:featuredmedia":[{"embeddable":true,"href":"https:\/\/ikasougou.com\/ikanoel\/wp-json\/wp\/v2\/media\/1100"}],"wp:attachment":[{"href":"https:\/\/ikasougou.com\/ikanoel\/wp-json\/wp\/v2\/media?parent=850"}],"wp:term":[{"taxonomy":"product_brand","embeddable":true,"href":"https:\/\/ikasougou.com\/ikanoel\/wp-json\/wp\/v2\/product_brand?post=850"},{"taxonomy":"product_cat","embeddable":true,"href":"https:\/\/ikasougou.com\/ikanoel\/wp-json\/wp\/v2\/product_cat?post=850"},{"taxonomy":"product_tag","embeddable":true,"href":"https:\/\/ikasougou.com\/ikanoel\/wp-json\/wp\/v2\/product_tag?post=850"}],"curies":[{"name":"wp","href":"https:\/\/api.w.org\/{rel}","templated":true}]}}