{"id":263,"date":"2023-02-13T14:57:28","date_gmt":"2023-02-13T13:57:28","guid":{"rendered":"https:\/\/ikasougou.com\/ikasaintvalentin\/?post_type=product&#038;p=263"},"modified":"2023-02-13T14:57:28","modified_gmt":"2023-02-13T13:57:28","slug":"box-romance-saint-valentin","status":"publish","type":"product","link":"https:\/\/ikasougou.com\/ikasaintvalentin\/produit\/box-romance-saint-valentin\/","title":{"rendered":"Box Romance Saint-Valentin"},"content":{"rendered":"<p>La Box de Romance pour la Saint-Valentin est le choix parfait pour t\u00e9moigner votre amour \u00e0 votre moiti\u00e9. Cette box comprend une s\u00e9lection de d\u00e9licieux desserts pour faire battre le coeur de votre bien-aim\u00e9(e). Les cupcakes vanille parfum\u00e9s \u00e0 la passion seront un v\u00e9ritable r\u00e9gal pour les papilles, tandis que les fraises glac\u00e9es sabl\u00e9es personnalis\u00e9es feront de chaque bouch\u00e9e un moment de bonheur. Les donuts vanille moelleux et d\u00e9licieux vous transporteront dans un monde de plaisir culinaire, tandis qu&#8217;un g\u00e2teau coeur 3D ajoutera une touche romantique \u00e0 ce d\u00e9licieux repas. Et pour couronner le tout, une tige de rose viendra sceller ce moment inoubliable. Offrez la Box de Romance pour la Saint-Valentin \u00e0 votre moiti\u00e9 pour une soir\u00e9e romantique inoubliable.<\/p>\n<p><img data-recalc-dims=\"1\" loading=\"lazy\" decoding=\"async\" class=\"alignnone size-medium wp-image-264\" src=\"https:\/\/i0.wp.com\/ikasougou.com\/ikasaintvalentin\/wp-content\/uploads\/sites\/103\/2023\/02\/SaintValentin-02.jpeg?resize=212%2C300&#038;ssl=1\" alt=\"\" width=\"212\" height=\"300\" srcset=\"https:\/\/i0.wp.com\/ikasougou.com\/ikasaintvalentin\/wp-content\/uploads\/sites\/103\/2023\/02\/SaintValentin-02.jpeg?resize=212%2C300&amp;ssl=1 212w, https:\/\/i0.wp.com\/ikasougou.com\/ikasaintvalentin\/wp-content\/uploads\/sites\/103\/2023\/02\/SaintValentin-02.jpeg?resize=724%2C1024&amp;ssl=1 724w, https:\/\/i0.wp.com\/ikasougou.com\/ikasaintvalentin\/wp-content\/uploads\/sites\/103\/2023\/02\/SaintValentin-02.jpeg?resize=768%2C1086&amp;ssl=1 768w, https:\/\/i0.wp.com\/ikasougou.com\/ikasaintvalentin\/wp-content\/uploads\/sites\/103\/2023\/02\/SaintValentin-02.jpeg?resize=1086%2C1536&amp;ssl=1 1086w, https:\/\/i0.wp.com\/ikasougou.com\/ikasaintvalentin\/wp-content\/uploads\/sites\/103\/2023\/02\/SaintValentin-02.jpeg?resize=510%2C721&amp;ssl=1 510w, https:\/\/i0.wp.com\/ikasougou.com\/ikasaintvalentin\/wp-content\/uploads\/sites\/103\/2023\/02\/SaintValentin-02.jpeg?w=1131&amp;ssl=1 1131w\" sizes=\"auto, (max-width: 212px) 100vw, 212px\" \/><\/p>\n<div style=\"display:flex; gap:10px;justify-content:center\" class=\"wps-pgfw-pdf-generate-icon__wrapper-frontend\">\n\t\t<a  href=\"https:\/\/ikasougou.com\/ikasaintvalentin\/wp-json\/wp\/v2\/product\/263?action=genpdf&amp;id=263\" class=\"pgfw-single-pdf-download-button\" ><img src=\"https:\/\/ikasougou.com\/ikasaintvalentin\/wp-content\/plugins\/pdf-generator-for-wp\/admin\/src\/images\/PDF_Tray.svg\" title=\"G\u00e9n\u00e9rer un PDF\" style=\"width:auto; height:45px;\"><\/a>\n\t\t<\/div>","protected":false},"excerpt":{"rendered":"<p>La Box de Romance pour la Saint-Valentin est le choix parfait pour t\u00e9moigner votre amour \u00e0 votre moiti\u00e9. Cette box comprend une s\u00e9lection de d\u00e9licieux desserts pour faire battre le coeur de votre bien-aim\u00e9(e). Les cupcakes vanille parfum\u00e9s \u00e0 la passion seront un v\u00e9ritable r\u00e9gal pour les papilles, tandis que les fraises glac\u00e9es sabl\u00e9es personnalis\u00e9es [&#8230;]\n","protected":false},"featured_media":264,"comment_status":"open","ping_status":"closed","template":"","meta":{"jetpack_publicize_message":"","jetpack_publicize_feature_enabled":true,"jetpack_social_post_already_shared":true,"jetpack_social_options":{"image_generator_settings":{"template":"highway","default_image_id":0,"font":"","enabled":false},"version":2}},"product_brand":[],"product_cat":[18],"product_tag":[23,38,29,37,30,39],"class_list":{"0":"post-263","1":"product","2":"type-product","3":"status-publish","4":"has-post-thumbnail","6":"product_cat-idees-cadeaux-couple","7":"product_tag-amour","8":"product_tag-bamako","9":"product_tag-gateau","10":"product_tag-mali","11":"product_tag-mamy-delices","12":"product_tag-saint-valentin","14":"first","15":"instock","16":"shipping-taxable","17":"purchasable","18":"product-type-simple"},"ams_default_variation_id":0,"ams_product_points_reward":[],"ams_product_discount_percentage":0,"ams_price_to_display":25000,"aioseo_notices":[],"ams_acf":[],"jetpack_publicize_connections":[],"jetpack_sharing_enabled":true,"jetpack_likes_enabled":true,"jetpack-related-posts":[],"_links":{"self":[{"href":"https:\/\/ikasougou.com\/ikasaintvalentin\/wp-json\/wp\/v2\/product\/263","targetHints":{"allow":["GET"]}}],"collection":[{"href":"https:\/\/ikasougou.com\/ikasaintvalentin\/wp-json\/wp\/v2\/product"}],"about":[{"href":"https:\/\/ikasougou.com\/ikasaintvalentin\/wp-json\/wp\/v2\/types\/product"}],"replies":[{"embeddable":true,"href":"https:\/\/ikasougou.com\/ikasaintvalentin\/wp-json\/wp\/v2\/comments?post=263"}],"wp:featuredmedia":[{"embeddable":true,"href":"https:\/\/ikasougou.com\/ikasaintvalentin\/wp-json\/wp\/v2\/media\/264"}],"wp:attachment":[{"href":"https:\/\/ikasougou.com\/ikasaintvalentin\/wp-json\/wp\/v2\/media?parent=263"}],"wp:term":[{"taxonomy":"product_brand","embeddable":true,"href":"https:\/\/ikasougou.com\/ikasaintvalentin\/wp-json\/wp\/v2\/product_brand?post=263"},{"taxonomy":"product_cat","embeddable":true,"href":"https:\/\/ikasougou.com\/ikasaintvalentin\/wp-json\/wp\/v2\/product_cat?post=263"},{"taxonomy":"product_tag","embeddable":true,"href":"https:\/\/ikasougou.com\/ikasaintvalentin\/wp-json\/wp\/v2\/product_tag?post=263"}],"curies":[{"name":"wp","href":"https:\/\/api.w.org\/{rel}","templated":true}]}}