{"id":279,"date":"2023-02-13T15:56:03","date_gmt":"2023-02-13T14:56:03","guid":{"rendered":"https:\/\/ikasougou.com\/ikasaintvalentin\/?post_type=product&#038;p=279"},"modified":"2023-02-13T15:56:03","modified_gmt":"2023-02-13T14:56:03","slug":"gateaux-saint-valentin-mielleux","status":"publish","type":"product","link":"https:\/\/ikasougou.com\/ikasaintvalentin\/produit\/gateaux-saint-valentin-mielleux\/","title":{"rendered":"G\u00e2teaux Saint-Valentin Mielleux"},"content":{"rendered":"<p>Le g\u00e2teau Saint-Valentin Mielleux est le choix parfait pour t\u00e9moigner votre amour \u00e0 votre moiti\u00e9. Ce g\u00e2teau en forme de deux c\u0153urs coll\u00e9s est un d\u00e9lice pour les yeux et les papilles. La cr\u00e8me vanill\u00e9e \u00e0 la fraise d\u00e9licieusement parfum\u00e9e et la g\u00e9noise d&#8217;acquise framboise moelleuse sont compl\u00e9t\u00e9es par un coulis de fraise g\u00e9n\u00e9reux et un gla\u00e7age miroir galaxie qui ajoutent une touche de couleur \u00e0 ce d\u00e9licieux g\u00e2teau. Offrez ce g\u00e2teau Saint-Valentin Mielleux \u00e0 votre moiti\u00e9 pour un moment de d\u00e9tente et de d\u00e9gustation. Ce cadeau gourmand sera un souvenir d\u00e9licieux de votre amour \u00e9ternel.<\/p>\n<p><img data-recalc-dims=\"1\" loading=\"lazy\" decoding=\"async\" class=\"alignnone size-medium wp-image-280\" src=\"https:\/\/i0.wp.com\/ikasougou.com\/ikasaintvalentin\/wp-content\/uploads\/sites\/103\/2023\/02\/SaintValentin-08.jpeg?resize=212%2C300&#038;ssl=1\" alt=\"\" width=\"212\" height=\"300\" srcset=\"https:\/\/i0.wp.com\/ikasougou.com\/ikasaintvalentin\/wp-content\/uploads\/sites\/103\/2023\/02\/SaintValentin-08.jpeg?resize=212%2C300&amp;ssl=1 212w, https:\/\/i0.wp.com\/ikasougou.com\/ikasaintvalentin\/wp-content\/uploads\/sites\/103\/2023\/02\/SaintValentin-08.jpeg?resize=724%2C1024&amp;ssl=1 724w, https:\/\/i0.wp.com\/ikasougou.com\/ikasaintvalentin\/wp-content\/uploads\/sites\/103\/2023\/02\/SaintValentin-08.jpeg?resize=768%2C1086&amp;ssl=1 768w, https:\/\/i0.wp.com\/ikasougou.com\/ikasaintvalentin\/wp-content\/uploads\/sites\/103\/2023\/02\/SaintValentin-08.jpeg?resize=1086%2C1536&amp;ssl=1 1086w, https:\/\/i0.wp.com\/ikasougou.com\/ikasaintvalentin\/wp-content\/uploads\/sites\/103\/2023\/02\/SaintValentin-08.jpeg?resize=510%2C721&amp;ssl=1 510w, https:\/\/i0.wp.com\/ikasougou.com\/ikasaintvalentin\/wp-content\/uploads\/sites\/103\/2023\/02\/SaintValentin-08.jpeg?w=1131&amp;ssl=1 1131w\" sizes=\"auto, (max-width: 212px) 100vw, 212px\" \/><\/p>\n<div style=\"display:flex; gap:10px;justify-content:center\" class=\"wps-pgfw-pdf-generate-icon__wrapper-frontend\">\n\t\t<a  href=\"https:\/\/ikasougou.com\/ikasaintvalentin\/wp-json\/wp\/v2\/product\/279?action=genpdf&amp;id=279\" class=\"pgfw-single-pdf-download-button\" ><img src=\"https:\/\/ikasougou.com\/ikasaintvalentin\/wp-content\/plugins\/pdf-generator-for-wp\/admin\/src\/images\/PDF_Tray.svg\" title=\"G\u00e9n\u00e9rer un PDF\" style=\"width:auto; height:45px;\"><\/a>\n\t\t<\/div>","protected":false},"excerpt":{"rendered":"<p>Le g\u00e2teau Saint-Valentin Mielleux est le choix parfait pour t\u00e9moigner votre amour \u00e0 votre moiti\u00e9. Ce g\u00e2teau en forme de deux c\u0153urs coll\u00e9s est un d\u00e9lice pour les yeux et les papilles. La cr\u00e8me vanill\u00e9e \u00e0 la fraise d\u00e9licieusement parfum\u00e9e et la g\u00e9noise d&#8217;acquise framboise moelleuse sont compl\u00e9t\u00e9es par un coulis de fraise g\u00e9n\u00e9reux et [&#8230;]\n","protected":false},"featured_media":280,"comment_status":"open","ping_status":"closed","template":"","meta":{"jetpack_publicize_message":"","jetpack_publicize_feature_enabled":true,"jetpack_social_post_already_shared":true,"jetpack_social_options":{"image_generator_settings":{"template":"highway","default_image_id":0,"font":"","enabled":false},"version":2}},"product_brand":[],"product_cat":[18],"product_tag":[23,43,38,29,48,37,30,39],"class_list":{"0":"post-279","1":"product","2":"type-product","3":"status-publish","4":"has-post-thumbnail","6":"product_cat-idees-cadeaux-couple","7":"product_tag-amour","8":"product_tag-amoureux","9":"product_tag-bamako","10":"product_tag-gateau","11":"product_tag-gateaux-saint-valentin-mielleux","12":"product_tag-mali","13":"product_tag-mamy-delices","14":"product_tag-saint-valentin","16":"first","17":"instock","18":"shipping-taxable","19":"purchasable","20":"product-type-simple"},"ams_default_variation_id":0,"ams_product_points_reward":[],"ams_product_discount_percentage":0,"ams_price_to_display":15000,"aioseo_notices":[],"ams_acf":[],"jetpack_publicize_connections":[],"jetpack_sharing_enabled":true,"jetpack_likes_enabled":true,"jetpack-related-posts":[],"_links":{"self":[{"href":"https:\/\/ikasougou.com\/ikasaintvalentin\/wp-json\/wp\/v2\/product\/279","targetHints":{"allow":["GET"]}}],"collection":[{"href":"https:\/\/ikasougou.com\/ikasaintvalentin\/wp-json\/wp\/v2\/product"}],"about":[{"href":"https:\/\/ikasougou.com\/ikasaintvalentin\/wp-json\/wp\/v2\/types\/product"}],"replies":[{"embeddable":true,"href":"https:\/\/ikasougou.com\/ikasaintvalentin\/wp-json\/wp\/v2\/comments?post=279"}],"wp:featuredmedia":[{"embeddable":true,"href":"https:\/\/ikasougou.com\/ikasaintvalentin\/wp-json\/wp\/v2\/media\/280"}],"wp:attachment":[{"href":"https:\/\/ikasougou.com\/ikasaintvalentin\/wp-json\/wp\/v2\/media?parent=279"}],"wp:term":[{"taxonomy":"product_brand","embeddable":true,"href":"https:\/\/ikasougou.com\/ikasaintvalentin\/wp-json\/wp\/v2\/product_brand?post=279"},{"taxonomy":"product_cat","embeddable":true,"href":"https:\/\/ikasougou.com\/ikasaintvalentin\/wp-json\/wp\/v2\/product_cat?post=279"},{"taxonomy":"product_tag","embeddable":true,"href":"https:\/\/ikasougou.com\/ikasaintvalentin\/wp-json\/wp\/v2\/product_tag?post=279"}],"curies":[{"name":"wp","href":"https:\/\/api.w.org\/{rel}","templated":true}]}}