{"id":281,"date":"2023-02-13T16:00:59","date_gmt":"2023-02-13T15:00:59","guid":{"rendered":"https:\/\/ikasougou.com\/ikasaintvalentin\/?post_type=product&#038;p=281"},"modified":"2023-02-13T16:00:59","modified_gmt":"2023-02-13T15:00:59","slug":"macarons-saint-valentin","status":"publish","type":"product","link":"https:\/\/ikasougou.com\/ikasaintvalentin\/produit\/macarons-saint-valentin\/","title":{"rendered":"Macarons Saint-Valentin"},"content":{"rendered":"<p>La bo\u00eete de macarons sp\u00e9ciale Saint-Valentin est un choix parfait pour c\u00e9l\u00e9brer l&#8217;amour avec votre moiti\u00e9. Cette s\u00e9lection de macarons d\u00e9licieux est compos\u00e9e de parfums classiques tels que la pistache, le caramel, la fraise, la vanille et le chocolat au lait. Chaque macaron est une bouff\u00e9e de saveur en bouche, avec une coque croquante et une garniture fondante. Offrez cette bo\u00eete de macarons pour la Saint-Valentin \u00e0 votre bien-aim\u00e9(e) pour un moment de d\u00e9tente et de d\u00e9gustation. Ce cadeau gourmand sera un souvenir d\u00e9licieux de votre amour \u00e9ternel.<\/p>\n<p><img data-recalc-dims=\"1\" loading=\"lazy\" decoding=\"async\" class=\"alignnone size-medium wp-image-282\" src=\"https:\/\/i0.wp.com\/ikasougou.com\/ikasaintvalentin\/wp-content\/uploads\/sites\/103\/2023\/02\/SaintValentin-09.jpeg?resize=212%2C300&#038;ssl=1\" alt=\"\" width=\"212\" height=\"300\" srcset=\"https:\/\/i0.wp.com\/ikasougou.com\/ikasaintvalentin\/wp-content\/uploads\/sites\/103\/2023\/02\/SaintValentin-09.jpeg?resize=212%2C300&amp;ssl=1 212w, https:\/\/i0.wp.com\/ikasougou.com\/ikasaintvalentin\/wp-content\/uploads\/sites\/103\/2023\/02\/SaintValentin-09.jpeg?resize=724%2C1024&amp;ssl=1 724w, https:\/\/i0.wp.com\/ikasougou.com\/ikasaintvalentin\/wp-content\/uploads\/sites\/103\/2023\/02\/SaintValentin-09.jpeg?resize=768%2C1086&amp;ssl=1 768w, https:\/\/i0.wp.com\/ikasougou.com\/ikasaintvalentin\/wp-content\/uploads\/sites\/103\/2023\/02\/SaintValentin-09.jpeg?resize=1086%2C1536&amp;ssl=1 1086w, https:\/\/i0.wp.com\/ikasougou.com\/ikasaintvalentin\/wp-content\/uploads\/sites\/103\/2023\/02\/SaintValentin-09.jpeg?resize=510%2C721&amp;ssl=1 510w, https:\/\/i0.wp.com\/ikasougou.com\/ikasaintvalentin\/wp-content\/uploads\/sites\/103\/2023\/02\/SaintValentin-09.jpeg?w=1131&amp;ssl=1 1131w\" sizes=\"auto, (max-width: 212px) 100vw, 212px\" \/><\/p>\n<div style=\"display:flex; gap:10px;justify-content:center\" class=\"wps-pgfw-pdf-generate-icon__wrapper-frontend\">\n\t\t<a  href=\"https:\/\/ikasougou.com\/ikasaintvalentin\/wp-json\/wp\/v2\/product\/281?action=genpdf&amp;id=281\" class=\"pgfw-single-pdf-download-button\" ><img src=\"https:\/\/ikasougou.com\/ikasaintvalentin\/wp-content\/plugins\/pdf-generator-for-wp\/admin\/src\/images\/PDF_Tray.svg\" title=\"G\u00e9n\u00e9rer un PDF\" style=\"width:auto; height:45px;\"><\/a>\n\t\t<\/div>","protected":false},"excerpt":{"rendered":"<p>La bo\u00eete de macarons sp\u00e9ciale Saint-Valentin est un choix parfait pour c\u00e9l\u00e9brer l&#8217;amour avec votre moiti\u00e9. Cette s\u00e9lection de macarons d\u00e9licieux est compos\u00e9e de parfums classiques tels que la pistache, le caramel, la fraise, la vanille et le chocolat au lait. Chaque macaron est une bouff\u00e9e de saveur en bouche, avec une coque croquante et [&#8230;]\n","protected":false},"featured_media":282,"comment_status":"open","ping_status":"closed","template":"","meta":{"jetpack_publicize_message":"","jetpack_publicize_feature_enabled":true,"jetpack_social_post_already_shared":true,"jetpack_social_options":{"image_generator_settings":{"template":"highway","default_image_id":0,"font":"","enabled":false},"version":2}},"product_brand":[],"product_cat":[18],"product_tag":[23,43,38,29,37,30,39],"class_list":{"0":"post-281","1":"product","2":"type-product","3":"status-publish","4":"has-post-thumbnail","6":"product_cat-idees-cadeaux-couple","7":"product_tag-amour","8":"product_tag-amoureux","9":"product_tag-bamako","10":"product_tag-gateau","11":"product_tag-mali","12":"product_tag-mamy-delices","13":"product_tag-saint-valentin","15":"first","16":"instock","17":"shipping-taxable","18":"purchasable","19":"product-type-simple"},"ams_default_variation_id":0,"ams_product_points_reward":[],"ams_product_discount_percentage":0,"ams_price_to_display":10000,"aioseo_notices":[],"ams_acf":[],"jetpack_publicize_connections":[],"jetpack_sharing_enabled":true,"jetpack_likes_enabled":true,"jetpack-related-posts":[],"_links":{"self":[{"href":"https:\/\/ikasougou.com\/ikasaintvalentin\/wp-json\/wp\/v2\/product\/281","targetHints":{"allow":["GET"]}}],"collection":[{"href":"https:\/\/ikasougou.com\/ikasaintvalentin\/wp-json\/wp\/v2\/product"}],"about":[{"href":"https:\/\/ikasougou.com\/ikasaintvalentin\/wp-json\/wp\/v2\/types\/product"}],"replies":[{"embeddable":true,"href":"https:\/\/ikasougou.com\/ikasaintvalentin\/wp-json\/wp\/v2\/comments?post=281"}],"wp:featuredmedia":[{"embeddable":true,"href":"https:\/\/ikasougou.com\/ikasaintvalentin\/wp-json\/wp\/v2\/media\/282"}],"wp:attachment":[{"href":"https:\/\/ikasougou.com\/ikasaintvalentin\/wp-json\/wp\/v2\/media?parent=281"}],"wp:term":[{"taxonomy":"product_brand","embeddable":true,"href":"https:\/\/ikasougou.com\/ikasaintvalentin\/wp-json\/wp\/v2\/product_brand?post=281"},{"taxonomy":"product_cat","embeddable":true,"href":"https:\/\/ikasougou.com\/ikasaintvalentin\/wp-json\/wp\/v2\/product_cat?post=281"},{"taxonomy":"product_tag","embeddable":true,"href":"https:\/\/ikasougou.com\/ikasaintvalentin\/wp-json\/wp\/v2\/product_tag?post=281"}],"curies":[{"name":"wp","href":"https:\/\/api.w.org\/{rel}","templated":true}]}}