{"id":46,"date":"2022-02-07T13:14:16","date_gmt":"2022-02-07T12:14:16","guid":{"rendered":"https:\/\/ikasougou.com\/ikasaintvalentin\/?post_type=product&#038;p=46"},"modified":"2022-02-10T12:29:39","modified_gmt":"2022-02-10T11:29:39","slug":"coffret-pour-femme-coquine","status":"publish","type":"product","link":"https:\/\/ikasougou.com\/ikasaintvalentin\/produit\/coffret-pour-femme-coquine\/","title":{"rendered":"COFFRET FEMME FATALE"},"content":{"rendered":"<p>C\u00e9l\u00e9brez votre amour avec ce magnifique coffret, o\u00f9 votre dulcin\u00e9e trouvera un choix de produits sexy !<\/p>\n<p>&#8211; Baya<br \/>\n&#8211; Robe de nuit en dentelle<br \/>\n&#8211; Rouge \u00e0 l\u00e8vres<br \/>\n&#8211; Parfum<br \/>\n&#8211; Montre<\/p>\n<div style=\"display:flex; gap:10px;justify-content:center\" class=\"wps-pgfw-pdf-generate-icon__wrapper-frontend\">\n\t\t<a  href=\"https:\/\/ikasougou.com\/ikasaintvalentin\/wp-json\/wp\/v2\/product\/46?action=genpdf&amp;id=46\" class=\"pgfw-single-pdf-download-button\" ><img src=\"https:\/\/ikasougou.com\/ikasaintvalentin\/wp-content\/plugins\/pdf-generator-for-wp\/admin\/src\/images\/PDF_Tray.svg\" title=\"G\u00e9n\u00e9rer un PDF\" style=\"width:auto; height:45px;\"><\/a>\n\t\t<\/div>","protected":false},"excerpt":{"rendered":"<p>Magnifique coffret, o\u00f9 votre dulcin\u00e9e trouvera un choix de produits sexy<\/p>\n<p>&#8211; Baya<br \/>\n&#8211; Robe de nuit en dentelle<br \/>\n&#8211; Rouge \u00e0 l\u00e8vres<br \/>\n&#8211; Parfum<br \/>\n&#8211; Montre<\/p>\n","protected":false},"featured_media":53,"comment_status":"open","ping_status":"closed","template":"","meta":{"jetpack_publicize_message":"","jetpack_publicize_feature_enabled":true,"jetpack_social_post_already_shared":false,"jetpack_social_options":{"image_generator_settings":{"template":"highway","default_image_id":0,"font":"","enabled":false},"version":2}},"product_brand":[],"product_cat":[17],"product_tag":[19,21,20],"class_list":{"0":"post-46","1":"product","2":"type-product","3":"status-publish","4":"has-post-thumbnail","6":"product_cat-idees-cadeaux-femme","7":"product_tag-coffret","8":"product_tag-femme","9":"product_tag-sexy","11":"first","12":"instock","13":"shipping-taxable","14":"purchasable","15":"product-type-simple"},"ams_default_variation_id":0,"ams_product_points_reward":[],"ams_product_discount_percentage":0,"ams_price_to_display":15000,"aioseo_notices":[],"ams_acf":[],"jetpack_publicize_connections":[],"jetpack_sharing_enabled":true,"jetpack_likes_enabled":true,"jetpack-related-posts":[],"_links":{"self":[{"href":"https:\/\/ikasougou.com\/ikasaintvalentin\/wp-json\/wp\/v2\/product\/46","targetHints":{"allow":["GET"]}}],"collection":[{"href":"https:\/\/ikasougou.com\/ikasaintvalentin\/wp-json\/wp\/v2\/product"}],"about":[{"href":"https:\/\/ikasougou.com\/ikasaintvalentin\/wp-json\/wp\/v2\/types\/product"}],"replies":[{"embeddable":true,"href":"https:\/\/ikasougou.com\/ikasaintvalentin\/wp-json\/wp\/v2\/comments?post=46"}],"wp:featuredmedia":[{"embeddable":true,"href":"https:\/\/ikasougou.com\/ikasaintvalentin\/wp-json\/wp\/v2\/media\/53"}],"wp:attachment":[{"href":"https:\/\/ikasougou.com\/ikasaintvalentin\/wp-json\/wp\/v2\/media?parent=46"}],"wp:term":[{"taxonomy":"product_brand","embeddable":true,"href":"https:\/\/ikasougou.com\/ikasaintvalentin\/wp-json\/wp\/v2\/product_brand?post=46"},{"taxonomy":"product_cat","embeddable":true,"href":"https:\/\/ikasougou.com\/ikasaintvalentin\/wp-json\/wp\/v2\/product_cat?post=46"},{"taxonomy":"product_tag","embeddable":true,"href":"https:\/\/ikasougou.com\/ikasaintvalentin\/wp-json\/wp\/v2\/product_tag?post=46"}],"curies":[{"name":"wp","href":"https:\/\/api.w.org\/{rel}","templated":true}]}}