{"id":1377,"date":"2022-06-29T16:34:44","date_gmt":"2022-06-29T14:34:44","guid":{"rendered":"https:\/\/ikasougou.com\/ikaseliba\/?post_type=product&#038;p=1377"},"modified":"2022-06-29T16:35:03","modified_gmt":"2022-06-29T14:35:03","slug":"carton-de-12-bouteilles-deau-minerale-arawane-1l","status":"publish","type":"product","link":"https:\/\/ikasougou.com\/ikaseliba\/produit\/carton-de-12-bouteilles-deau-minerale-arawane-1l\/","title":{"rendered":"Carton de 12 Bouteilles d&#8217;Eau Min\u00e9rale ARAWANE 1L"},"content":{"rendered":"<div class=\"wWOJcd\" tabindex=\"0\" role=\"button\" aria-controls=\"exacc_h-jJYZTYIpLZsAfulpT4Bg36\" aria-expanded=\"true\" aria-labelledby=\"exacc_h-jJYZTYIpLZsAfulpT4Bg35\">\n<div class=\"r21Kzd\" data-hveid=\"CBIQAQ\" data-ved=\"2ahUKEwjUt_qCsoT1AhWSLOwKHW4LBW8Quk56BAgSEAE\"><span style=\"font-size: 14.4px;\">L&#8217;eau<\/span><b style=\"font-size: 14.4px;\">\u00a0de source ARAWANE est une<\/b><span style=\"font-size: 14.4px;\">\u00a0<\/span><b style=\"font-size: 14.4px;\">eau<\/b><span style=\"font-size: 14.4px;\"> d&#8217;origine souterraine. Elle est potable \u00e0 l&#8217;\u00e9tat naturel et embouteill\u00e9es \u00e0 la <\/span><b style=\"font-size: 14.4px;\">source<\/b><span style=\"font-size: 14.4px;\">.\u00a0<\/span><\/div>\n<div data-hveid=\"CBIQAQ\" data-ved=\"2ahUKEwjUt_qCsoT1AhWSLOwKHW4LBW8Quk56BAgSEAE\"><strong>ARAWANE<\/strong> favorise le drainage de l&#8217;organisme, l&#8217;\u00e9limination des d\u00e9chets m\u00e9taboliques et permet de lutter contre la r\u00e9tention d&#8217;<b>eau<\/b>. C&#8217;est une eau riche en min\u00e9raux (sulfates, magn\u00e9sium, bicarbonates) il a en plus des propri\u00e9t\u00e9s diur\u00e9tiques.<\/div>\n<\/div>\n<div style=\"display:flex; gap:10px;justify-content:center\" class=\"wps-pgfw-pdf-generate-icon__wrapper-frontend\">\n\t\t<a  href=\"https:\/\/ikasougou.com\/ikaseliba\/wp-json\/wp\/v2\/product\/1377?action=genpdf&amp;id=1377\" class=\"pgfw-single-pdf-download-button\" ><img src=\"https:\/\/ikasougou.com\/ikaseliba\/wp-content\/plugins\/pdf-generator-for-wp\/admin\/src\/images\/PDF_Tray.svg\" title=\"G\u00e9n\u00e9rer un PDF\" style=\"width:auto; height:45px;\"><\/a>\n\t\t<\/div>","protected":false},"excerpt":{"rendered":"<p>Favorise le drainage de l&#8217;organisme, l&#8217;\u00e9limination des d\u00e9chets m\u00e9taboliques et permet de lutter contre la r\u00e9tention d&#8217;<b>eau<\/b>.<\/p>\n","protected":false},"featured_media":1401,"comment_status":"open","ping_status":"closed","template":"","meta":{"jetpack_publicize_message":"","jetpack_publicize_feature_enabled":true,"jetpack_social_post_already_shared":true,"jetpack_social_options":{"image_generator_settings":{"template":"highway","default_image_id":0,"font":"","enabled":false},"version":2}},"product_brand":[],"product_cat":[467],"product_tag":[468,469,339,470,471,472],"class_list":{"0":"post-1377","1":"product","2":"type-product","3":"status-publish","4":"has-post-thumbnail","6":"product_cat-eau","7":"product_tag-bicarbonates","8":"product_tag-diuretiques","9":"product_tag-eau","10":"product_tag-magnesium","11":"product_tag-minerale","12":"product_tag-sulfates","14":"first","15":"instock","16":"shipping-taxable","17":"purchasable","18":"product-type-simple"},"ams_default_variation_id":0,"ams_product_points_reward":[],"ams_product_discount_percentage":0,"ams_price_to_display":2000,"aioseo_notices":[],"ams_acf":[],"jetpack_publicize_connections":[],"jetpack-related-posts":[],"jetpack_sharing_enabled":true,"jetpack_likes_enabled":true,"_links":{"self":[{"href":"https:\/\/ikasougou.com\/ikaseliba\/wp-json\/wp\/v2\/product\/1377","targetHints":{"allow":["GET"]}}],"collection":[{"href":"https:\/\/ikasougou.com\/ikaseliba\/wp-json\/wp\/v2\/product"}],"about":[{"href":"https:\/\/ikasougou.com\/ikaseliba\/wp-json\/wp\/v2\/types\/product"}],"replies":[{"embeddable":true,"href":"https:\/\/ikasougou.com\/ikaseliba\/wp-json\/wp\/v2\/comments?post=1377"}],"wp:featuredmedia":[{"embeddable":true,"href":"https:\/\/ikasougou.com\/ikaseliba\/wp-json\/wp\/v2\/media\/1401"}],"wp:attachment":[{"href":"https:\/\/ikasougou.com\/ikaseliba\/wp-json\/wp\/v2\/media?parent=1377"}],"wp:term":[{"taxonomy":"product_brand","embeddable":true,"href":"https:\/\/ikasougou.com\/ikaseliba\/wp-json\/wp\/v2\/product_brand?post=1377"},{"taxonomy":"product_cat","embeddable":true,"href":"https:\/\/ikasougou.com\/ikaseliba\/wp-json\/wp\/v2\/product_cat?post=1377"},{"taxonomy":"product_tag","embeddable":true,"href":"https:\/\/ikasougou.com\/ikaseliba\/wp-json\/wp\/v2\/product_tag?post=1377"}],"curies":[{"name":"wp","href":"https:\/\/api.w.org\/{rel}","templated":true}]}}