{"id":1492,"date":"2022-06-30T16:01:52","date_gmt":"2022-06-30T14:01:52","guid":{"rendered":"https:\/\/ikasougou.com\/ikaseliba\/?post_type=product&#038;p=1492"},"modified":"2023-06-19T15:07:56","modified_gmt":"2023-06-19T13:07:56","slug":"moutons","status":"publish","type":"product","link":"https:\/\/ikasougou.com\/ikaseliba\/produit\/moutons\/","title":{"rendered":"Mouton pour la F\u00eate (Petite Famille)"},"content":{"rendered":"<p>C\u00e9l\u00e9brez l&#8217;A\u00efd el K\u00e9bir en famille avec notre magnifique b\u00e9lier sp\u00e9cialement s\u00e9lectionn\u00e9 pour vous, \u00e0 un prix abordable de seulement 110 000 FCFA ! Nous comprenons que chaque famille a des besoins diff\u00e9rents, c&#8217;est pourquoi nous avons choisi un b\u00e9lier adapt\u00e9 aux petites familles qui souhaitent partager un moment sp\u00e9cial pendant cette f\u00eate. Notre b\u00e9lier est \u00e9lev\u00e9 avec soin et nourri avec une alimentation de qualit\u00e9 pour assurer une viande d\u00e9licieuse et tendre. Ne manquez pas cette opportunit\u00e9 unique d&#8217;acqu\u00e9rir un b\u00e9lier de qualit\u00e9 pour votre petite famille lors de l&#8217;A\u00efd el K\u00e9bir. R\u00e9servez d\u00e8s maintenant en nous contactant au 79 09 63 36. Faites de cette f\u00eate religieuse un moment de joie et de partage avec notre b\u00e9lier\u00a0!<\/p>\n<div style=\"display:flex; gap:10px;justify-content:center\" class=\"wps-pgfw-pdf-generate-icon__wrapper-frontend\">\n\t\t<a  href=\"https:\/\/ikasougou.com\/ikaseliba\/wp-json\/wp\/v2\/product\/1492?action=genpdf&amp;id=1492\" class=\"pgfw-single-pdf-download-button\" ><img src=\"https:\/\/ikasougou.com\/ikaseliba\/wp-content\/plugins\/pdf-generator-for-wp\/admin\/src\/images\/PDF_Tray.svg\" title=\"G\u00e9n\u00e9rer un PDF\" style=\"width:auto; height:45px;\"><\/a>\n\t\t<\/div>","protected":false},"excerpt":{"rendered":"<p>C\u00e9l\u00e9brez l&#8217;A\u00efd el K\u00e9bir en famille avec notre magnifique b\u00e9lier sp\u00e9cialement s\u00e9lectionn\u00e9 pour vous, \u00e0 un prix abordable de seulement 110 000 FCFA ! Nous comprenons que chaque famille a des besoins diff\u00e9rents, c&#8217;est pourquoi nous avons choisi un b\u00e9lier adapt\u00e9 aux petites familles qui souhaitent partager un moment sp\u00e9cial pendant cette f\u00eate. Notre b\u00e9lier [&#8230;]\n","protected":false},"featured_media":1964,"comment_status":"open","ping_status":"closed","template":"","meta":{"jetpack_publicize_message":"","jetpack_publicize_feature_enabled":true,"jetpack_social_post_already_shared":true,"jetpack_social_options":{"image_generator_settings":{"template":"highway","default_image_id":0,"font":"","enabled":false},"version":2}},"product_brand":[],"product_cat":[506,186],"product_tag":[507,367,113,78,504,505,358],"class_list":{"0":"post-1492","1":"product","2":"type-product","3":"status-publish","4":"has-post-thumbnail","6":"product_cat-moutons","7":"product_cat-alimentaires","8":"product_tag-acheter-mouton-bamako","9":"product_tag-eid-el-kebir","10":"product_tag-islam","11":"product_tag-mali","12":"product_tag-mouton","13":"product_tag-sacrifice","14":"product_tag-tabaski","16":"first","17":"instock","18":"shipping-taxable","19":"purchasable","20":"product-type-simple"},"ams_default_variation_id":0,"ams_product_points_reward":[],"ams_product_discount_percentage":0,"ams_price_to_display":110000,"aioseo_notices":[],"ams_acf":[],"jetpack_publicize_connections":[],"jetpack-related-posts":[],"jetpack_sharing_enabled":true,"jetpack_likes_enabled":true,"_links":{"self":[{"href":"https:\/\/ikasougou.com\/ikaseliba\/wp-json\/wp\/v2\/product\/1492","targetHints":{"allow":["GET"]}}],"collection":[{"href":"https:\/\/ikasougou.com\/ikaseliba\/wp-json\/wp\/v2\/product"}],"about":[{"href":"https:\/\/ikasougou.com\/ikaseliba\/wp-json\/wp\/v2\/types\/product"}],"replies":[{"embeddable":true,"href":"https:\/\/ikasougou.com\/ikaseliba\/wp-json\/wp\/v2\/comments?post=1492"}],"wp:featuredmedia":[{"embeddable":true,"href":"https:\/\/ikasougou.com\/ikaseliba\/wp-json\/wp\/v2\/media\/1964"}],"wp:attachment":[{"href":"https:\/\/ikasougou.com\/ikaseliba\/wp-json\/wp\/v2\/media?parent=1492"}],"wp:term":[{"taxonomy":"product_brand","embeddable":true,"href":"https:\/\/ikasougou.com\/ikaseliba\/wp-json\/wp\/v2\/product_brand?post=1492"},{"taxonomy":"product_cat","embeddable":true,"href":"https:\/\/ikasougou.com\/ikaseliba\/wp-json\/wp\/v2\/product_cat?post=1492"},{"taxonomy":"product_tag","embeddable":true,"href":"https:\/\/ikasougou.com\/ikaseliba\/wp-json\/wp\/v2\/product_tag?post=1492"}],"curies":[{"name":"wp","href":"https:\/\/api.w.org\/{rel}","templated":true}]}}