{"id":1501,"date":"2022-07-01T11:22:09","date_gmt":"2022-07-01T09:22:09","guid":{"rendered":"https:\/\/ikasougou.com\/ikaseliba\/?post_type=product&#038;p=1501"},"modified":"2023-06-19T14:36:14","modified_gmt":"2023-06-19T12:36:14","slug":"mouton-pour-la-fete-2","status":"publish","type":"product","link":"https:\/\/ikasougou.com\/ikaseliba\/produit\/mouton-pour-la-fete-2\/","title":{"rendered":"Mouton pour la F\u00eate (Famille Moyenne)"},"content":{"rendered":"<p>D\u00e9couvrez le sommet de l&#8217;excellence pour votre c\u00e9l\u00e9bration de l&#8217;A\u00efd el K\u00e9bir en optant pour notre b\u00e9lier d&#8217;exception, sp\u00e9cialement s\u00e9lectionn\u00e9 pour les familles moyennes. \u00c0 un prix imbattable de 140 000-200 000 FCFA, ce b\u00e9lier offre une exp\u00e9rience unique et inoubliable pour cette f\u00eate religieuse tant attendue. Notre b\u00e9lier a \u00e9t\u00e9 \u00e9lev\u00e9 avec le plus grand soin et une alimentation de qualit\u00e9. Avec sa taille adapt\u00e9e aux besoins d&#8217;une famille moyenne, ce b\u00e9lier ajoutera une dimension de grandeur et de fiert\u00e9 \u00e0 votre festin, avec une atmosph\u00e8re de convivialit\u00e9 et de joie. R\u00e9servez le v\u00f4tre d\u00e8s maintenant en nous contactant au [num\u00e9ro de t\u00e9l\u00e9phone]. Faites de cette f\u00eate religieuse un moment m\u00e9morable et remplie de d\u00e9lices pour toute votre famille.<\/p>\n<div style=\"display:flex; gap:10px;justify-content:center\" class=\"wps-pgfw-pdf-generate-icon__wrapper-frontend\">\n\t\t<a  href=\"https:\/\/ikasougou.com\/ikaseliba\/wp-json\/wp\/v2\/product\/1501?action=genpdf&amp;id=1501\" class=\"pgfw-single-pdf-download-button\" ><img src=\"https:\/\/ikasougou.com\/ikaseliba\/wp-content\/plugins\/pdf-generator-for-wp\/admin\/src\/images\/PDF_Tray.svg\" title=\"G\u00e9n\u00e9rer un PDF\" style=\"width:auto; height:45px;\"><\/a>\n\t\t<\/div>","protected":false},"excerpt":{"rendered":"<p>D\u00e9couvrez le sommet de l&#8217;excellence pour votre c\u00e9l\u00e9bration de l&#8217;A\u00efd el K\u00e9bir en optant pour notre b\u00e9lier d&#8217;exception, sp\u00e9cialement s\u00e9lectionn\u00e9 pour les familles moyennes. \u00c0 un prix imbattable de 140 000-200 000 FCFA, ce b\u00e9lier offre une exp\u00e9rience unique et inoubliable pour cette f\u00eate religieuse tant attendue. Notre b\u00e9lier a \u00e9t\u00e9 \u00e9lev\u00e9 avec le plus [&#8230;]\n","protected":false},"featured_media":1974,"comment_status":"open","ping_status":"closed","template":"","meta":{"jetpack_publicize_message":"","jetpack_publicize_feature_enabled":true,"jetpack_social_post_already_shared":true,"jetpack_social_options":{"image_generator_settings":{"template":"highway","default_image_id":0,"font":"","enabled":false},"version":2}},"product_brand":[],"product_cat":[506,186],"product_tag":[507,72,78,504,505,358],"class_list":{"0":"post-1501","1":"product","2":"type-product","3":"status-publish","4":"has-post-thumbnail","6":"product_cat-moutons","7":"product_cat-alimentaires","8":"product_tag-acheter-mouton-bamako","9":"product_tag-bamako","10":"product_tag-mali","11":"product_tag-mouton","12":"product_tag-sacrifice","13":"product_tag-tabaski","15":"first","16":"instock","17":"shipping-taxable","18":"purchasable","19":"product-type-simple"},"ams_default_variation_id":0,"ams_product_points_reward":[],"ams_product_discount_percentage":0,"ams_price_to_display":140000,"aioseo_notices":[],"ams_acf":[],"jetpack_publicize_connections":[],"jetpack-related-posts":[],"jetpack_sharing_enabled":true,"jetpack_likes_enabled":true,"_links":{"self":[{"href":"https:\/\/ikasougou.com\/ikaseliba\/wp-json\/wp\/v2\/product\/1501","targetHints":{"allow":["GET"]}}],"collection":[{"href":"https:\/\/ikasougou.com\/ikaseliba\/wp-json\/wp\/v2\/product"}],"about":[{"href":"https:\/\/ikasougou.com\/ikaseliba\/wp-json\/wp\/v2\/types\/product"}],"replies":[{"embeddable":true,"href":"https:\/\/ikasougou.com\/ikaseliba\/wp-json\/wp\/v2\/comments?post=1501"}],"wp:featuredmedia":[{"embeddable":true,"href":"https:\/\/ikasougou.com\/ikaseliba\/wp-json\/wp\/v2\/media\/1974"}],"wp:attachment":[{"href":"https:\/\/ikasougou.com\/ikaseliba\/wp-json\/wp\/v2\/media?parent=1501"}],"wp:term":[{"taxonomy":"product_brand","embeddable":true,"href":"https:\/\/ikasougou.com\/ikaseliba\/wp-json\/wp\/v2\/product_brand?post=1501"},{"taxonomy":"product_cat","embeddable":true,"href":"https:\/\/ikasougou.com\/ikaseliba\/wp-json\/wp\/v2\/product_cat?post=1501"},{"taxonomy":"product_tag","embeddable":true,"href":"https:\/\/ikasougou.com\/ikaseliba\/wp-json\/wp\/v2\/product_tag?post=1501"}],"curies":[{"name":"wp","href":"https:\/\/api.w.org\/{rel}","templated":true}]}}