{"id":1541,"date":"2022-07-01T12:48:11","date_gmt":"2022-07-01T10:48:11","guid":{"rendered":"https:\/\/ikasougou.com\/ikaseliba\/?post_type=product&#038;p=1541"},"modified":"2022-07-04T12:44:05","modified_gmt":"2022-07-04T10:44:05","slug":"hommes-tissus-cousus-6","status":"publish","type":"product","link":"https:\/\/ikasougou.com\/ikaseliba\/produit\/hommes-tissus-cousus-6\/","title":{"rendered":"Hommes &#8211; Tissus Cousus"},"content":{"rendered":"<p>Cette tenue \u00e9l\u00e9gante est faite main avec amour. La chemise est con\u00e7ue avec des mat\u00e9riaux de haute qualit\u00e9 et aussi des normes de confection \u00e9lev\u00e9es. Il convient \u00e0 toutes sortes d\u2019occasions, surtout pour la f\u00eate de l\u2019A\u00efd EL Fitr qui approche. Cet ensemble est livr\u00e9 avec une chemise et un pantalon assortis. Le pantalon est de style avec une ficelle de tirage pour faciliter le port.<\/p>\n<div style=\"display:flex; gap:10px;justify-content:center\" class=\"wps-pgfw-pdf-generate-icon__wrapper-frontend\">\n\t\t<a  href=\"https:\/\/ikasougou.com\/ikaseliba\/wp-json\/wp\/v2\/product\/1541?action=genpdf&amp;id=1541\" class=\"pgfw-single-pdf-download-button\" ><img src=\"https:\/\/ikasougou.com\/ikaseliba\/wp-content\/plugins\/pdf-generator-for-wp\/admin\/src\/images\/PDF_Tray.svg\" title=\"G\u00e9n\u00e9rer un PDF\" style=\"width:auto; height:45px;\"><\/a>\n\t\t<\/div>","protected":false},"excerpt":{"rendered":"<p>Cette tenue \u00e9l\u00e9gante est faite main avec amour. La chemise est con\u00e7ue avec des mat\u00e9riaux de haute qualit\u00e9 et aussi des normes de confection \u00e9lev\u00e9es. Il convient \u00e0 toutes sortes d\u2019occasions, surtout pour la f\u00eate de l\u2019A\u00efd EL Fitr qui approche. Cet ensemble est livr\u00e9 avec une chemise et un pantalon assortis. Le pantalon est [&#8230;]\n","protected":false},"featured_media":1532,"comment_status":"open","ping_status":"closed","template":"","meta":{"jetpack_publicize_message":"","jetpack_publicize_feature_enabled":true,"jetpack_social_post_already_shared":true,"jetpack_social_options":{"image_generator_settings":{"template":"highway","default_image_id":0,"font":"","enabled":false},"version":2}},"product_brand":[],"product_cat":[496,431,439],"product_tag":[],"class_list":{"0":"post-1541","1":"product","2":"type-product","3":"status-publish","4":"has-post-thumbnail","6":"product_cat-2-pieces","7":"product_cat-textiles-bijoux-fashion","8":"product_cat-vetements-homme","10":"first","11":"instock","12":"shipping-taxable","13":"purchasable","14":"product-type-simple"},"ams_default_variation_id":0,"ams_product_points_reward":[],"ams_product_discount_percentage":0,"ams_price_to_display":27500,"aioseo_notices":[],"ams_acf":[],"jetpack_publicize_connections":[],"jetpack-related-posts":[],"jetpack_sharing_enabled":true,"jetpack_likes_enabled":true,"_links":{"self":[{"href":"https:\/\/ikasougou.com\/ikaseliba\/wp-json\/wp\/v2\/product\/1541","targetHints":{"allow":["GET"]}}],"collection":[{"href":"https:\/\/ikasougou.com\/ikaseliba\/wp-json\/wp\/v2\/product"}],"about":[{"href":"https:\/\/ikasougou.com\/ikaseliba\/wp-json\/wp\/v2\/types\/product"}],"replies":[{"embeddable":true,"href":"https:\/\/ikasougou.com\/ikaseliba\/wp-json\/wp\/v2\/comments?post=1541"}],"wp:featuredmedia":[{"embeddable":true,"href":"https:\/\/ikasougou.com\/ikaseliba\/wp-json\/wp\/v2\/media\/1532"}],"wp:attachment":[{"href":"https:\/\/ikasougou.com\/ikaseliba\/wp-json\/wp\/v2\/media?parent=1541"}],"wp:term":[{"taxonomy":"product_brand","embeddable":true,"href":"https:\/\/ikasougou.com\/ikaseliba\/wp-json\/wp\/v2\/product_brand?post=1541"},{"taxonomy":"product_cat","embeddable":true,"href":"https:\/\/ikasougou.com\/ikaseliba\/wp-json\/wp\/v2\/product_cat?post=1541"},{"taxonomy":"product_tag","embeddable":true,"href":"https:\/\/ikasougou.com\/ikaseliba\/wp-json\/wp\/v2\/product_tag?post=1541"}],"curies":[{"name":"wp","href":"https:\/\/api.w.org\/{rel}","templated":true}]}}