{"id":1640,"date":"2022-07-04T13:23:17","date_gmt":"2022-07-04T11:23:17","guid":{"rendered":"https:\/\/ikasougou.com\/ikaseliba\/?post_type=product&#038;p=1640"},"modified":"2022-07-04T13:23:17","modified_gmt":"2022-07-04T11:23:17","slug":"barbecue-portable-panier-a-griller-en-acier-inoxydable-antiadhesif","status":"publish","type":"product","link":"https:\/\/ikasougou.com\/ikaseliba\/produit\/barbecue-portable-panier-a-griller-en-acier-inoxydable-antiadhesif\/","title":{"rendered":"Barbecue Portable panier \u00e0 griller en acier inoxydable antiadh\u00e9sif"},"content":{"rendered":"<div class=\"css-901oao css-cens5h r-k2gkaz r-12rm3iy r-1wbh5a2 r-7tdf6r r-1x35g6 r-16dba41 r-1ifxtd0 r-1ow6zhx r-88pszg r-1wzrnnt r-13my0p9\" dir=\"auto\">Barbecue Portable, panier \u00e0 griller en acier inoxydable antiadh\u00e9sif. Barbecue Grill outils grille maille pour poisson l\u00e9gume Steak viande Hamburger. Plus un couteau pour la petite d\u00e9coupe.<\/div>\n<div class=\"css-1dbjc4n r-1awozwy r-11kvaaj r-18u37iz r-1wbh5a2 r-5oul0u r-1ow6zhx r-88pszg r-knv0ih\">\n<div class=\"css-1dbjc4n r-11kvaaj r-1wbh5a2 r-13qz1uu\">\n<div class=\"css-1dbjc4n r-1awozwy r-11kvaaj r-18u37iz r-1wbh5a2 r-5oul0u r-11wrixw r-1kb76zh r-knv0ih\">\n<div class=\"css-1dbjc4n r-11kvaaj r-18u37iz r-1wbh5a2 r-3691iy\">\n<div class=\"css-1dbjc4n r-1awozwy r-exgj4v r-r34m99 r-1leeghx r-1kw7ve r-3c7vnj r-11kvaaj r-1q142lx r-1777fci r-88pszg r-rwqe4o\"><\/div>\n<\/div>\n<\/div>\n<\/div>\n<\/div>\n<div style=\"display:flex; gap:10px;justify-content:center\" class=\"wps-pgfw-pdf-generate-icon__wrapper-frontend\">\n\t\t<a  href=\"https:\/\/ikasougou.com\/ikaseliba\/wp-json\/wp\/v2\/product\/1640?action=genpdf&amp;id=1640\" class=\"pgfw-single-pdf-download-button\" ><img src=\"https:\/\/ikasougou.com\/ikaseliba\/wp-content\/plugins\/pdf-generator-for-wp\/admin\/src\/images\/PDF_Tray.svg\" title=\"G\u00e9n\u00e9rer un PDF\" style=\"width:auto; height:45px;\"><\/a>\n\t\t<\/div>","protected":false},"excerpt":{"rendered":"<p>Barbecue Portable + Couteau<\/p>\n","protected":false},"featured_media":1641,"comment_status":"open","ping_status":"closed","template":"","meta":{"jetpack_publicize_message":"","jetpack_publicize_feature_enabled":true,"jetpack_social_post_already_shared":true,"jetpack_social_options":{"image_generator_settings":{"template":"highway","default_image_id":0,"font":"","enabled":false},"version":2}},"product_brand":[],"product_cat":[115],"product_tag":[523,524],"class_list":{"0":"post-1640","1":"product","2":"type-product","3":"status-publish","4":"has-post-thumbnail","6":"product_cat-maison","7":"product_tag-barbecue-portable","8":"product_tag-couteau","10":"first","11":"instock","12":"shipping-taxable","13":"purchasable","14":"product-type-simple"},"ams_default_variation_id":0,"ams_product_points_reward":[],"ams_product_discount_percentage":0,"ams_price_to_display":4500,"aioseo_notices":[],"ams_acf":[],"jetpack_publicize_connections":[],"jetpack-related-posts":[],"jetpack_sharing_enabled":true,"jetpack_likes_enabled":true,"_links":{"self":[{"href":"https:\/\/ikasougou.com\/ikaseliba\/wp-json\/wp\/v2\/product\/1640","targetHints":{"allow":["GET"]}}],"collection":[{"href":"https:\/\/ikasougou.com\/ikaseliba\/wp-json\/wp\/v2\/product"}],"about":[{"href":"https:\/\/ikasougou.com\/ikaseliba\/wp-json\/wp\/v2\/types\/product"}],"replies":[{"embeddable":true,"href":"https:\/\/ikasougou.com\/ikaseliba\/wp-json\/wp\/v2\/comments?post=1640"}],"wp:featuredmedia":[{"embeddable":true,"href":"https:\/\/ikasougou.com\/ikaseliba\/wp-json\/wp\/v2\/media\/1641"}],"wp:attachment":[{"href":"https:\/\/ikasougou.com\/ikaseliba\/wp-json\/wp\/v2\/media?parent=1640"}],"wp:term":[{"taxonomy":"product_brand","embeddable":true,"href":"https:\/\/ikasougou.com\/ikaseliba\/wp-json\/wp\/v2\/product_brand?post=1640"},{"taxonomy":"product_cat","embeddable":true,"href":"https:\/\/ikasougou.com\/ikaseliba\/wp-json\/wp\/v2\/product_cat?post=1640"},{"taxonomy":"product_tag","embeddable":true,"href":"https:\/\/ikasougou.com\/ikaseliba\/wp-json\/wp\/v2\/product_tag?post=1640"}],"curies":[{"name":"wp","href":"https:\/\/api.w.org\/{rel}","templated":true}]}}