{"id":1898,"date":"2022-07-07T13:47:40","date_gmt":"2022-07-07T11:47:40","guid":{"rendered":"https:\/\/ikasougou.com\/ikaseliba\/?post_type=product&#038;p=1898"},"modified":"2022-07-07T13:53:02","modified_gmt":"2022-07-07T11:53:02","slug":"collection-tabaski-sandales-a-brides-13","status":"publish","type":"product","link":"https:\/\/ikasougou.com\/ikaseliba\/produit\/collection-tabaski-sandales-a-brides-13\/","title":{"rendered":"Collection Tabaski sandales \u00e0 brides"},"content":{"rendered":"<p>Ces sandales \u00e0 brides droites ou crois\u00e9es, dans des coloris noirs et marrons, donnent de l&#8217;\u00e9l\u00e9gance \u00e0 vos pieds. Elles permettent un bon maintien du pied, malgr\u00e9 l\u2019absence de la lani\u00e8re \u00e0 l\u2019arri\u00e8re. Elles apportent vraiment du style et de la personnalit\u00e9 \u00e0 votre Look.<\/p>\n<div style=\"display:flex; gap:10px;justify-content:center\" class=\"wps-pgfw-pdf-generate-icon__wrapper-frontend\">\n\t\t<a  href=\"https:\/\/ikasougou.com\/ikaseliba\/wp-json\/wp\/v2\/product\/1898?action=genpdf&amp;id=1898\" class=\"pgfw-single-pdf-download-button\" ><img src=\"https:\/\/ikasougou.com\/ikaseliba\/wp-content\/plugins\/pdf-generator-for-wp\/admin\/src\/images\/PDF_Tray.svg\" title=\"G\u00e9n\u00e9rer un PDF\" style=\"width:auto; height:45px;\"><\/a>\n\t\t<\/div>","protected":false},"excerpt":{"rendered":"<p>Ces sandales \u00e0 brides droites ou crois\u00e9es, dans des coloris noirs et marrons, donnent de l&#8217;\u00e9l\u00e9gance \u00e0 vos pieds. Elles permettent un bon maintien du pied, malgr\u00e9 l\u2019absence de la lani\u00e8re \u00e0 l\u2019arri\u00e8re. Elles apportent vraiment du style et de la personnalit\u00e9 \u00e0 votre Look.<\/p>\n","protected":false},"featured_media":1875,"comment_status":"open","ping_status":"closed","template":"","meta":{"jetpack_publicize_message":"","jetpack_publicize_feature_enabled":true,"jetpack_social_post_already_shared":true,"jetpack_social_options":{"image_generator_settings":{"template":"highway","default_image_id":0,"font":"","enabled":false},"version":2}},"product_brand":[],"product_cat":[399,431],"product_tag":[551,358],"class_list":{"0":"post-1898","1":"product","2":"type-product","3":"status-publish","4":"has-post-thumbnail","6":"product_cat-accessoires-de-mode","7":"product_cat-textiles-bijoux-fashion","8":"product_tag-sandales-a-brides","9":"product_tag-tabaski","11":"first","12":"instock","13":"shipping-taxable","14":"purchasable","15":"product-type-simple"},"ams_default_variation_id":0,"ams_product_points_reward":[],"ams_product_discount_percentage":0,"ams_price_to_display":12500,"aioseo_notices":[],"ams_acf":[],"jetpack_publicize_connections":[],"jetpack-related-posts":[],"jetpack_sharing_enabled":true,"jetpack_likes_enabled":true,"_links":{"self":[{"href":"https:\/\/ikasougou.com\/ikaseliba\/wp-json\/wp\/v2\/product\/1898","targetHints":{"allow":["GET"]}}],"collection":[{"href":"https:\/\/ikasougou.com\/ikaseliba\/wp-json\/wp\/v2\/product"}],"about":[{"href":"https:\/\/ikasougou.com\/ikaseliba\/wp-json\/wp\/v2\/types\/product"}],"replies":[{"embeddable":true,"href":"https:\/\/ikasougou.com\/ikaseliba\/wp-json\/wp\/v2\/comments?post=1898"}],"wp:featuredmedia":[{"embeddable":true,"href":"https:\/\/ikasougou.com\/ikaseliba\/wp-json\/wp\/v2\/media\/1875"}],"wp:attachment":[{"href":"https:\/\/ikasougou.com\/ikaseliba\/wp-json\/wp\/v2\/media?parent=1898"}],"wp:term":[{"taxonomy":"product_brand","embeddable":true,"href":"https:\/\/ikasougou.com\/ikaseliba\/wp-json\/wp\/v2\/product_brand?post=1898"},{"taxonomy":"product_cat","embeddable":true,"href":"https:\/\/ikasougou.com\/ikaseliba\/wp-json\/wp\/v2\/product_cat?post=1898"},{"taxonomy":"product_tag","embeddable":true,"href":"https:\/\/ikasougou.com\/ikaseliba\/wp-json\/wp\/v2\/product_tag?post=1898"}],"curies":[{"name":"wp","href":"https:\/\/api.w.org\/{rel}","templated":true}]}}