{"id":363,"date":"2021-07-02T17:50:17","date_gmt":"2021-07-02T15:50:17","guid":{"rendered":"https:\/\/ikasougou.com\/ikaseliba\/?post_type=product&#038;p=363"},"modified":"2021-07-03T13:30:46","modified_gmt":"2021-07-03T11:30:46","slug":"huile-dinor-90cl","status":"publish","type":"product","link":"https:\/\/ikasougou.com\/ikaseliba\/produit\/huile-dinor-90cl\/","title":{"rendered":"Huile Dinor 90CL"},"content":{"rendered":"<p>Pr\u00e9parez de d\u00e9licieux repas avec nos huiles Dinor v\u00e9g\u00e9tales .<\/p>\n<p>Les huiles v\u00e9g\u00e9tales contiennent uniquement des\u00a0<strong>lipides<\/strong>, c\u2019est-\u00e0-dire des mati\u00e8res grasses. Cependant, elles sont essentielles \u00e0 notre organisme car elles participent \u00e0 l\u2019apport de lipide de notre ration quotidienne qui doit repr\u00e9senter entre 30 et 35 % de l\u2019\u00e9nergie totale. De plus, les huiles v\u00e9g\u00e9tales regorgent d\u2019acides gras essentiels que l\u2019organisme ne sait fabriquer comme les om\u00e9ga 6 ou les om\u00e9ga 3.<\/p>\n<p>La\u00a0<strong>vitamine E<\/strong>\u00a0est un puissant antioxydant essentiellement pr\u00e9sent dans les huiles v\u00e9g\u00e9tales. Elle prot\u00e8ge la membrane qui entoure les cellules du corps, en particulier les globules rouges et les globules blancs (cellules du syst\u00e8me immunitaire). Il est \u00e0 noter que le contenu en vitamine E est g\u00e9n\u00e9ralement plus \u00e9lev\u00e9 dans les huiles de premi\u00e8re pression \u00e0 froid que dans les huiles raffin\u00e9es.<\/p>\n<p>Les huiles v\u00e9g\u00e9tales ne contiennent pas de cholest\u00e9rol mais participe \u00e0 la r\u00e9gulation du cholest\u00e9rol sanguin lorsqu\u2019on varie les huiles de son alimentation.<\/p>\n<p><img data-recalc-dims=\"1\" loading=\"lazy\" decoding=\"async\" class=\"alignnone size-medium wp-image-44\" src=\"https:\/\/i0.wp.com\/ikasougou.com\/supermarchekane\/wp-content\/uploads\/sites\/89\/2021\/05\/huile-dinor-400x400.jpg?resize=400%2C400&#038;ssl=1\" alt=\"\" width=\"400\" height=\"400\" \/><\/p>\n<div style=\"display:flex; gap:10px;justify-content:center\" class=\"wps-pgfw-pdf-generate-icon__wrapper-frontend\">\n\t\t<a  href=\"https:\/\/ikasougou.com\/ikaseliba\/wp-json\/wp\/v2\/product\/363?action=genpdf&amp;id=363\" class=\"pgfw-single-pdf-download-button\" ><img src=\"https:\/\/ikasougou.com\/ikaseliba\/wp-content\/plugins\/pdf-generator-for-wp\/admin\/src\/images\/PDF_Tray.svg\" title=\"G\u00e9n\u00e9rer un PDF\" style=\"width:auto; height:45px;\"><\/a>\n\t\t<\/div>","protected":false},"excerpt":{"rendered":"<p>Pr\u00e9parez de d\u00e9licieux repas avec nos huiles Dinor v\u00e9g\u00e9tales . Les huiles v\u00e9g\u00e9tales contiennent uniquement des\u00a0lipides, c\u2019est-\u00e0-dire des mati\u00e8res grasses. Cependant, elles sont essentielles \u00e0 notre organisme car elles participent \u00e0 l\u2019apport de lipide de notre ration quotidienne qui doit repr\u00e9senter entre 30 et 35 % de l\u2019\u00e9nergie totale. De plus, les huiles v\u00e9g\u00e9tales regorgent [&#8230;]\n","protected":false},"featured_media":394,"comment_status":"open","ping_status":"closed","template":"","meta":{"jetpack_publicize_message":"","jetpack_publicize_feature_enabled":true,"jetpack_social_post_already_shared":false,"jetpack_social_options":{"image_generator_settings":{"template":"highway","default_image_id":0,"font":"","enabled":false},"version":2}},"product_brand":[],"product_cat":[186],"product_tag":[],"class_list":{"0":"post-363","1":"product","2":"type-product","3":"status-publish","4":"has-post-thumbnail","6":"product_cat-alimentaires","8":"first","9":"instock","10":"shipping-taxable","11":"purchasable","12":"product-type-simple"},"ams_default_variation_id":0,"ams_product_points_reward":[],"ams_product_discount_percentage":0,"ams_price_to_display":1100,"aioseo_notices":[],"ams_acf":[],"jetpack_publicize_connections":[],"jetpack-related-posts":[],"jetpack_sharing_enabled":true,"jetpack_likes_enabled":true,"_links":{"self":[{"href":"https:\/\/ikasougou.com\/ikaseliba\/wp-json\/wp\/v2\/product\/363","targetHints":{"allow":["GET"]}}],"collection":[{"href":"https:\/\/ikasougou.com\/ikaseliba\/wp-json\/wp\/v2\/product"}],"about":[{"href":"https:\/\/ikasougou.com\/ikaseliba\/wp-json\/wp\/v2\/types\/product"}],"replies":[{"embeddable":true,"href":"https:\/\/ikasougou.com\/ikaseliba\/wp-json\/wp\/v2\/comments?post=363"}],"wp:featuredmedia":[{"embeddable":true,"href":"https:\/\/ikasougou.com\/ikaseliba\/wp-json\/wp\/v2\/media\/394"}],"wp:attachment":[{"href":"https:\/\/ikasougou.com\/ikaseliba\/wp-json\/wp\/v2\/media?parent=363"}],"wp:term":[{"taxonomy":"product_brand","embeddable":true,"href":"https:\/\/ikasougou.com\/ikaseliba\/wp-json\/wp\/v2\/product_brand?post=363"},{"taxonomy":"product_cat","embeddable":true,"href":"https:\/\/ikasougou.com\/ikaseliba\/wp-json\/wp\/v2\/product_cat?post=363"},{"taxonomy":"product_tag","embeddable":true,"href":"https:\/\/ikasougou.com\/ikaseliba\/wp-json\/wp\/v2\/product_tag?post=363"}],"curies":[{"name":"wp","href":"https:\/\/api.w.org\/{rel}","templated":true}]}}