{"id":371,"date":"2021-07-02T17:50:19","date_gmt":"2021-07-02T15:50:19","guid":{"rendered":"https:\/\/ikasougou.com\/ikaseliba\/?post_type=product&#038;p=371"},"modified":"2021-07-03T13:30:42","modified_gmt":"2021-07-03T11:30:42","slug":"dinor-huile-90cl","status":"publish","type":"product","link":"https:\/\/ikasougou.com\/ikaseliba\/produit\/dinor-huile-90cl\/","title":{"rendered":"Dinor Huile 90cl"},"content":{"rendered":"<p>Dinor est une huile de palme sans cholest\u00e9rol. Naturellement riche en\u00a0<strong>vitamine E<\/strong>\u00a0et enrichie en\u00a0<strong>Vitamine A<\/strong>, elle vient de notre belle terre ivoirienne.<\/p>\n<p>Au commencement, c\u2019\u00e9tait une graine, devenue une huile. Mais une huile pas comme les autres :\u00a0<strong>raffin\u00e9e, naturelle, l\u00e9g\u00e8re et digeste<\/strong>. L\u2019huile Dinor est au service des femmes soucieuses du bien-\u00eatre de leur famille.<\/p>\n<div style=\"display:flex; gap:10px;justify-content:center\" class=\"wps-pgfw-pdf-generate-icon__wrapper-frontend\">\n\t\t<a  href=\"https:\/\/ikasougou.com\/ikaseliba\/wp-json\/wp\/v2\/product\/371?action=genpdf&amp;id=371\" class=\"pgfw-single-pdf-download-button\" ><img src=\"https:\/\/ikasougou.com\/ikaseliba\/wp-content\/plugins\/pdf-generator-for-wp\/admin\/src\/images\/PDF_Tray.svg\" title=\"G\u00e9n\u00e9rer un PDF\" style=\"width:auto; height:45px;\"><\/a>\n\t\t<\/div>","protected":false},"excerpt":{"rendered":"<p>Dinor est une huile de palme sans cholest\u00e9rol. Naturellement riche en\u00a0vitamine E\u00a0et enrichie en\u00a0Vitamine A, elle vient de notre belle terre ivoirienne. Au commencement, c\u2019\u00e9tait une graine, devenue une huile. Mais une huile pas comme les autres :\u00a0raffin\u00e9e, naturelle, l\u00e9g\u00e8re et digeste. L\u2019huile Dinor est au service des femmes soucieuses du bien-\u00eatre de leur famille.<\/p>\n","protected":false},"featured_media":411,"comment_status":"open","ping_status":"closed","template":"","meta":{"jetpack_publicize_message":"","jetpack_publicize_feature_enabled":true,"jetpack_social_post_already_shared":false,"jetpack_social_options":{"image_generator_settings":{"template":"highway","default_image_id":0,"font":"","enabled":false},"version":2}},"product_brand":[],"product_cat":[186],"product_tag":[72,125,126,112,78,95],"class_list":{"0":"post-371","1":"product","2":"type-product","3":"status-publish","4":"has-post-thumbnail","6":"product_cat-alimentaires","7":"product_tag-bamako","8":"product_tag-dinor","9":"product_tag-huile","10":"product_tag-ikasougou","11":"product_tag-mali","12":"product_tag-supermarchekane","14":"first","15":"instock","16":"shipping-taxable","17":"purchasable","18":"product-type-simple"},"ams_default_variation_id":0,"ams_product_points_reward":[],"ams_product_discount_percentage":0,"ams_price_to_display":1100,"aioseo_notices":[],"ams_acf":[],"jetpack_publicize_connections":[],"jetpack-related-posts":[],"jetpack_sharing_enabled":true,"jetpack_likes_enabled":true,"_links":{"self":[{"href":"https:\/\/ikasougou.com\/ikaseliba\/wp-json\/wp\/v2\/product\/371","targetHints":{"allow":["GET"]}}],"collection":[{"href":"https:\/\/ikasougou.com\/ikaseliba\/wp-json\/wp\/v2\/product"}],"about":[{"href":"https:\/\/ikasougou.com\/ikaseliba\/wp-json\/wp\/v2\/types\/product"}],"replies":[{"embeddable":true,"href":"https:\/\/ikasougou.com\/ikaseliba\/wp-json\/wp\/v2\/comments?post=371"}],"wp:featuredmedia":[{"embeddable":true,"href":"https:\/\/ikasougou.com\/ikaseliba\/wp-json\/wp\/v2\/media\/411"}],"wp:attachment":[{"href":"https:\/\/ikasougou.com\/ikaseliba\/wp-json\/wp\/v2\/media?parent=371"}],"wp:term":[{"taxonomy":"product_brand","embeddable":true,"href":"https:\/\/ikasougou.com\/ikaseliba\/wp-json\/wp\/v2\/product_brand?post=371"},{"taxonomy":"product_cat","embeddable":true,"href":"https:\/\/ikasougou.com\/ikaseliba\/wp-json\/wp\/v2\/product_cat?post=371"},{"taxonomy":"product_tag","embeddable":true,"href":"https:\/\/ikasougou.com\/ikaseliba\/wp-json\/wp\/v2\/product_tag?post=371"}],"curies":[{"name":"wp","href":"https:\/\/api.w.org\/{rel}","templated":true}]}}