{"id":376,"date":"2021-07-02T17:50:20","date_gmt":"2021-07-02T15:50:20","guid":{"rendered":"https:\/\/ikasougou.com\/ikaseliba\/?post_type=product&#038;p=376"},"modified":"2021-07-03T13:30:40","modified_gmt":"2021-07-03T11:30:40","slug":"pringles-barbeque","status":"publish","type":"product","link":"https:\/\/ikasougou.com\/ikaseliba\/produit\/pringles-barbeque\/","title":{"rendered":"Pringles Barbeque"},"content":{"rendered":"<p>Les collations deviennent incroyables lorsque vous ajoutez le go\u00fbt du barbecue au m\u00e9lange. C&#8217;est la saveur qui apporte une ambiance de plein air \u00e0 tout rassemblement, que vous soyez \u00e0 la maison, en train de pique-niquer ou en voyage.<\/p>\n<div class=\"grid__item     \">\n<p class=\"kstl-product-description\">La petite touche de barbecue qui transforme n&#8217;importe quel snack en une mini aventure. Pour croquer les vacances \u00e0 pleines dents en toutes circonstances, \u00e0 la maison, en pique-nique ou lors d&#8217;un road trip.<\/p>\n<\/div>\n<div class=\"grid__item     \"><\/div>\n<div style=\"display:flex; gap:10px;justify-content:center\" class=\"wps-pgfw-pdf-generate-icon__wrapper-frontend\">\n\t\t<a  href=\"https:\/\/ikasougou.com\/ikaseliba\/wp-json\/wp\/v2\/product\/376?action=genpdf&amp;id=376\" class=\"pgfw-single-pdf-download-button\" ><img src=\"https:\/\/ikasougou.com\/ikaseliba\/wp-content\/plugins\/pdf-generator-for-wp\/admin\/src\/images\/PDF_Tray.svg\" title=\"G\u00e9n\u00e9rer un PDF\" style=\"width:auto; height:45px;\"><\/a>\n\t\t<\/div>","protected":false},"excerpt":{"rendered":"<p>Les collations deviennent incroyables lorsque vous ajoutez le go\u00fbt du barbecue au m\u00e9lange. C&#8217;est la saveur qui apporte une ambiance de plein air \u00e0 tout rassemblement, que vous soyez \u00e0 la maison, en train de pique-niquer ou en voyage. La petite touche de barbecue qui transforme n&#8217;importe quel snack en une mini aventure. Pour croquer [&#8230;]\n","protected":false},"featured_media":416,"comment_status":"open","ping_status":"closed","template":"","meta":{"jetpack_publicize_message":"","jetpack_publicize_feature_enabled":true,"jetpack_social_post_already_shared":false,"jetpack_social_options":{"image_generator_settings":{"template":"highway","default_image_id":0,"font":"","enabled":false},"version":2}},"product_brand":[],"product_cat":[186],"product_tag":[72,136,112,78,134,95],"class_list":{"0":"post-376","1":"product","2":"type-product","3":"status-publish","4":"has-post-thumbnail","6":"product_cat-alimentaires","7":"product_tag-bamako","8":"product_tag-barbeque","9":"product_tag-ikasougou","10":"product_tag-mali","11":"product_tag-pringles","12":"product_tag-supermarchekane","14":"first","15":"instock","16":"shipping-taxable","17":"purchasable","18":"product-type-simple"},"ams_default_variation_id":0,"ams_product_points_reward":[],"ams_product_discount_percentage":0,"ams_price_to_display":750,"aioseo_notices":[],"ams_acf":[],"jetpack_publicize_connections":[],"jetpack-related-posts":[],"jetpack_sharing_enabled":true,"jetpack_likes_enabled":true,"_links":{"self":[{"href":"https:\/\/ikasougou.com\/ikaseliba\/wp-json\/wp\/v2\/product\/376","targetHints":{"allow":["GET"]}}],"collection":[{"href":"https:\/\/ikasougou.com\/ikaseliba\/wp-json\/wp\/v2\/product"}],"about":[{"href":"https:\/\/ikasougou.com\/ikaseliba\/wp-json\/wp\/v2\/types\/product"}],"replies":[{"embeddable":true,"href":"https:\/\/ikasougou.com\/ikaseliba\/wp-json\/wp\/v2\/comments?post=376"}],"wp:featuredmedia":[{"embeddable":true,"href":"https:\/\/ikasougou.com\/ikaseliba\/wp-json\/wp\/v2\/media\/416"}],"wp:attachment":[{"href":"https:\/\/ikasougou.com\/ikaseliba\/wp-json\/wp\/v2\/media?parent=376"}],"wp:term":[{"taxonomy":"product_brand","embeddable":true,"href":"https:\/\/ikasougou.com\/ikaseliba\/wp-json\/wp\/v2\/product_brand?post=376"},{"taxonomy":"product_cat","embeddable":true,"href":"https:\/\/ikasougou.com\/ikaseliba\/wp-json\/wp\/v2\/product_cat?post=376"},{"taxonomy":"product_tag","embeddable":true,"href":"https:\/\/ikasougou.com\/ikaseliba\/wp-json\/wp\/v2\/product_tag?post=376"}],"curies":[{"name":"wp","href":"https:\/\/api.w.org\/{rel}","templated":true}]}}