{"id":377,"date":"2021-07-02T17:50:20","date_gmt":"2021-07-02T15:50:20","guid":{"rendered":"https:\/\/ikasougou.com\/ikaseliba\/?post_type=product&#038;p=377"},"modified":"2021-07-03T13:30:40","modified_gmt":"2021-07-03T11:30:40","slug":"pringles-hot-spicy-2","status":"publish","type":"product","link":"https:\/\/ikasougou.com\/ikaseliba\/produit\/pringles-hot-spicy-2\/","title":{"rendered":"Pringles Hot &#038; Spicy"},"content":{"rendered":"<p>Les Pringles Hot &amp; Spicy sont un peu comme une chevauch\u00e9e fantastique \u00e0 travers des saveurs infernales et tout le monde ne veut qu&#8217;une chose : repartir pour un tour. Sauf qu&#8217;il y en a d&#8217;autres qui sont affam\u00e9s ! Alors savoure tes Pringles&#8230; tant qu&#8217;il en est encore temps !<\/p>\n<p>*Piquant et \u00e9pic\u00e9<\/p>\n<div style=\"display:flex; gap:10px;justify-content:center\" class=\"wps-pgfw-pdf-generate-icon__wrapper-frontend\">\n\t\t<a  href=\"https:\/\/ikasougou.com\/ikaseliba\/wp-json\/wp\/v2\/product\/377?action=genpdf&amp;id=377\" class=\"pgfw-single-pdf-download-button\" ><img src=\"https:\/\/ikasougou.com\/ikaseliba\/wp-content\/plugins\/pdf-generator-for-wp\/admin\/src\/images\/PDF_Tray.svg\" title=\"G\u00e9n\u00e9rer un PDF\" style=\"width:auto; height:45px;\"><\/a>\n\t\t<\/div>","protected":false},"excerpt":{"rendered":"<p>Les Pringles Hot &amp; Spicy sont un peu comme une chevauch\u00e9e fantastique \u00e0 travers des saveurs infernales et tout le monde ne veut qu&#8217;une chose : repartir pour un tour. Sauf qu&#8217;il y en a d&#8217;autres qui sont affam\u00e9s ! Alors savoure tes Pringles&#8230; tant qu&#8217;il en est encore temps ! *Piquant et \u00e9pic\u00e9<\/p>\n","protected":false},"featured_media":417,"comment_status":"open","ping_status":"closed","template":"","meta":{"jetpack_publicize_message":"","jetpack_publicize_feature_enabled":true,"jetpack_social_post_already_shared":false,"jetpack_social_options":{"image_generator_settings":{"template":"highway","default_image_id":0,"font":"","enabled":false},"version":2}},"product_brand":[],"product_cat":[186],"product_tag":[72,133,112,78,134,95],"class_list":{"0":"post-377","1":"product","2":"type-product","3":"status-publish","4":"has-post-thumbnail","6":"product_cat-alimentaires","7":"product_tag-bamako","8":"product_tag-hot-spicy","9":"product_tag-ikasougou","10":"product_tag-mali","11":"product_tag-pringles","12":"product_tag-supermarchekane","14":"first","15":"instock","16":"shipping-taxable","17":"purchasable","18":"product-type-simple"},"ams_default_variation_id":0,"ams_product_points_reward":[],"ams_product_discount_percentage":0,"ams_price_to_display":1750,"aioseo_notices":[],"ams_acf":[],"jetpack_publicize_connections":[],"jetpack-related-posts":[],"jetpack_sharing_enabled":true,"jetpack_likes_enabled":true,"_links":{"self":[{"href":"https:\/\/ikasougou.com\/ikaseliba\/wp-json\/wp\/v2\/product\/377","targetHints":{"allow":["GET"]}}],"collection":[{"href":"https:\/\/ikasougou.com\/ikaseliba\/wp-json\/wp\/v2\/product"}],"about":[{"href":"https:\/\/ikasougou.com\/ikaseliba\/wp-json\/wp\/v2\/types\/product"}],"replies":[{"embeddable":true,"href":"https:\/\/ikasougou.com\/ikaseliba\/wp-json\/wp\/v2\/comments?post=377"}],"wp:featuredmedia":[{"embeddable":true,"href":"https:\/\/ikasougou.com\/ikaseliba\/wp-json\/wp\/v2\/media\/417"}],"wp:attachment":[{"href":"https:\/\/ikasougou.com\/ikaseliba\/wp-json\/wp\/v2\/media?parent=377"}],"wp:term":[{"taxonomy":"product_brand","embeddable":true,"href":"https:\/\/ikasougou.com\/ikaseliba\/wp-json\/wp\/v2\/product_brand?post=377"},{"taxonomy":"product_cat","embeddable":true,"href":"https:\/\/ikasougou.com\/ikaseliba\/wp-json\/wp\/v2\/product_cat?post=377"},{"taxonomy":"product_tag","embeddable":true,"href":"https:\/\/ikasougou.com\/ikaseliba\/wp-json\/wp\/v2\/product_tag?post=377"}],"curies":[{"name":"wp","href":"https:\/\/api.w.org\/{rel}","templated":true}]}}