{"id":387,"date":"2021-07-02T17:50:22","date_gmt":"2021-07-02T15:50:22","guid":{"rendered":"https:\/\/ikasougou.com\/ikaseliba\/?post_type=product&#038;p=387"},"modified":"2021-07-03T13:30:35","modified_gmt":"2021-07-03T11:30:35","slug":"sunquick-orange","status":"publish","type":"product","link":"https:\/\/ikasougou.com\/ikaseliba\/produit\/sunquick-orange\/","title":{"rendered":"Sunquick Orange"},"content":{"rendered":"<ul>\n<li>A base de fruit<\/li>\n<li>Sans ar\u00f4mes artificiel<\/li>\n<li>Vitamines C<\/li>\n<\/ul>\n<p>Sunquick Concentrate a \u00e9t\u00e9 aim\u00e9 et approuv\u00e9 par des g\u00e9n\u00e9rations. Inspir\u00e9 de la nature et disponible en orange et dans une large gamme d&#8217;ar\u00f4mes fruit\u00e9s, Sunquick est fait de jus de fruits et sans ar\u00f4mes, colorants et \u00e9dulcorants artificiels. Il apporte \u00e9galement de la vitamine C. Avec son go\u00fbt distinct, riche et rafra\u00eechissant, chaque flacon de ce concentr\u00e9 de qualit\u00e9 pr\u00e9mium contient de nombreux verres, et constitue le rafra\u00eechissement parfait \u00e0 placer au c\u0153ur de moments joyeux en famille et entre amis.<\/p>\n<div style=\"display:flex; gap:10px;justify-content:center\" class=\"wps-pgfw-pdf-generate-icon__wrapper-frontend\">\n\t\t<a  href=\"https:\/\/ikasougou.com\/ikaseliba\/wp-json\/wp\/v2\/product\/387?action=genpdf&amp;id=387\" class=\"pgfw-single-pdf-download-button\" ><img src=\"https:\/\/ikasougou.com\/ikaseliba\/wp-content\/plugins\/pdf-generator-for-wp\/admin\/src\/images\/PDF_Tray.svg\" title=\"G\u00e9n\u00e9rer un PDF\" style=\"width:auto; height:45px;\"><\/a>\n\t\t<\/div>","protected":false},"excerpt":{"rendered":"<ul>\n<li>A base de fruit<\/li>\n<li>Sans ar\u00f4mes artificiel<\/li>\n<li>Vitamines C<\/li>\n<\/ul>\n","protected":false},"featured_media":437,"comment_status":"open","ping_status":"closed","template":"","meta":{"jetpack_publicize_message":"","jetpack_publicize_feature_enabled":true,"jetpack_social_post_already_shared":false,"jetpack_social_options":{"image_generator_settings":{"template":"highway","default_image_id":0,"font":"","enabled":false},"version":2}},"product_brand":[],"product_cat":[186],"product_tag":[72,152,112,153,154,95],"class_list":{"0":"post-387","1":"product","2":"type-product","3":"status-publish","4":"has-post-thumbnail","6":"product_cat-alimentaires","7":"product_tag-bamako","8":"product_tag-fruit","9":"product_tag-ikasougou","10":"product_tag-orange","11":"product_tag-sunquick","12":"product_tag-supermarchekane","14":"first","15":"instock","16":"shipping-taxable","17":"purchasable","18":"product-type-simple"},"ams_default_variation_id":0,"ams_product_points_reward":[],"ams_product_discount_percentage":0,"ams_price_to_display":2750,"aioseo_notices":[],"ams_acf":[],"jetpack_publicize_connections":[],"jetpack-related-posts":[],"jetpack_sharing_enabled":true,"jetpack_likes_enabled":true,"_links":{"self":[{"href":"https:\/\/ikasougou.com\/ikaseliba\/wp-json\/wp\/v2\/product\/387","targetHints":{"allow":["GET"]}}],"collection":[{"href":"https:\/\/ikasougou.com\/ikaseliba\/wp-json\/wp\/v2\/product"}],"about":[{"href":"https:\/\/ikasougou.com\/ikaseliba\/wp-json\/wp\/v2\/types\/product"}],"replies":[{"embeddable":true,"href":"https:\/\/ikasougou.com\/ikaseliba\/wp-json\/wp\/v2\/comments?post=387"}],"wp:featuredmedia":[{"embeddable":true,"href":"https:\/\/ikasougou.com\/ikaseliba\/wp-json\/wp\/v2\/media\/437"}],"wp:attachment":[{"href":"https:\/\/ikasougou.com\/ikaseliba\/wp-json\/wp\/v2\/media?parent=387"}],"wp:term":[{"taxonomy":"product_brand","embeddable":true,"href":"https:\/\/ikasougou.com\/ikaseliba\/wp-json\/wp\/v2\/product_brand?post=387"},{"taxonomy":"product_cat","embeddable":true,"href":"https:\/\/ikasougou.com\/ikaseliba\/wp-json\/wp\/v2\/product_cat?post=387"},{"taxonomy":"product_tag","embeddable":true,"href":"https:\/\/ikasougou.com\/ikaseliba\/wp-json\/wp\/v2\/product_tag?post=387"}],"curies":[{"name":"wp","href":"https:\/\/api.w.org\/{rel}","templated":true}]}}