{"id":388,"date":"2021-07-02T17:50:22","date_gmt":"2021-07-02T15:50:22","guid":{"rendered":"https:\/\/ikasougou.com\/ikaseliba\/?post_type=product&#038;p=388"},"modified":"2021-07-03T13:30:35","modified_gmt":"2021-07-03T11:30:35","slug":"ramy-jus-dorange","status":"publish","type":"product","link":"https:\/\/ikasougou.com\/ikaseliba\/produit\/ramy-jus-dorange\/","title":{"rendered":"Ramy Jus d&#8217;Orange"},"content":{"rendered":"<h3>Conseils de conservation<\/h3>\n<ul>\n<li>Ne pas exposer aux rayons du soleil.<\/li>\n<li>Apres ouverture, \u00e0 conserver au r\u00e9frig\u00e9rateur.<\/li>\n<li>A consommer de pr\u00e9f\u00e9rence avant 03 jours.<\/li>\n<\/ul>\n<h3>Ingr\u00e9dients<\/h3>\n<p>Eau trait\u00e9e, Sucre, Concentr\u00e9s de jus et pulpe d\u2019orange , cellules naturelles d&#8217;orange, ar\u00f4me d&#8217;orange, Additifs alimentaire :SIN330: r\u00e9gulateur d&#8217;acidit\u00e9, SIN(415,466): stabilisant.<\/p>\n<p>SIN300\u00a0: antioxydant, SIN160a: Colorant), SIN 900a\u00a0: anti moussant, SIN (414.445): \u00e9mulsifiant<\/p>\n<p>Cocktail de vitamines(A,E,B1,B2,B6,C)<\/p>\n<div style=\"display:flex; gap:10px;justify-content:center\" class=\"wps-pgfw-pdf-generate-icon__wrapper-frontend\">\n\t\t<a  href=\"https:\/\/ikasougou.com\/ikaseliba\/wp-json\/wp\/v2\/product\/388?action=genpdf&amp;id=388\" class=\"pgfw-single-pdf-download-button\" ><img src=\"https:\/\/ikasougou.com\/ikaseliba\/wp-content\/plugins\/pdf-generator-for-wp\/admin\/src\/images\/PDF_Tray.svg\" title=\"G\u00e9n\u00e9rer un PDF\" style=\"width:auto; height:45px;\"><\/a>\n\t\t<\/div>","protected":false},"excerpt":{"rendered":"<ul>\n<li>Ne pas exposer aux rayons du soleil.<\/li>\n<li>Apres ouverture, \u00e0 conserver au r\u00e9frig\u00e9rateur.<\/li>\n<li>A consommer de pr\u00e9f\u00e9rence avant 03 jours.<\/li>\n<\/ul>\n","protected":false},"featured_media":438,"comment_status":"open","ping_status":"closed","template":"","meta":{"jetpack_publicize_message":"","jetpack_publicize_feature_enabled":true,"jetpack_social_post_already_shared":false,"jetpack_social_options":{"image_generator_settings":{"template":"highway","default_image_id":0,"font":"","enabled":false},"version":2}},"product_brand":[],"product_cat":[186],"product_tag":[72,112,155,78,156,95],"class_list":{"0":"post-388","1":"product","2":"type-product","3":"status-publish","4":"has-post-thumbnail","6":"product_cat-alimentaires","7":"product_tag-bamako","8":"product_tag-ikasougou","9":"product_tag-jus-dorange","10":"product_tag-mali","11":"product_tag-ramy","12":"product_tag-supermarchekane","14":"first","15":"instock","16":"shipping-taxable","17":"purchasable","18":"product-type-simple"},"ams_default_variation_id":0,"ams_product_points_reward":[],"ams_product_discount_percentage":0,"ams_price_to_display":1250,"aioseo_notices":[],"ams_acf":[],"jetpack_publicize_connections":[],"jetpack-related-posts":[],"jetpack_sharing_enabled":true,"jetpack_likes_enabled":true,"_links":{"self":[{"href":"https:\/\/ikasougou.com\/ikaseliba\/wp-json\/wp\/v2\/product\/388","targetHints":{"allow":["GET"]}}],"collection":[{"href":"https:\/\/ikasougou.com\/ikaseliba\/wp-json\/wp\/v2\/product"}],"about":[{"href":"https:\/\/ikasougou.com\/ikaseliba\/wp-json\/wp\/v2\/types\/product"}],"replies":[{"embeddable":true,"href":"https:\/\/ikasougou.com\/ikaseliba\/wp-json\/wp\/v2\/comments?post=388"}],"wp:featuredmedia":[{"embeddable":true,"href":"https:\/\/ikasougou.com\/ikaseliba\/wp-json\/wp\/v2\/media\/438"}],"wp:attachment":[{"href":"https:\/\/ikasougou.com\/ikaseliba\/wp-json\/wp\/v2\/media?parent=388"}],"wp:term":[{"taxonomy":"product_brand","embeddable":true,"href":"https:\/\/ikasougou.com\/ikaseliba\/wp-json\/wp\/v2\/product_brand?post=388"},{"taxonomy":"product_cat","embeddable":true,"href":"https:\/\/ikasougou.com\/ikaseliba\/wp-json\/wp\/v2\/product_cat?post=388"},{"taxonomy":"product_tag","embeddable":true,"href":"https:\/\/ikasougou.com\/ikaseliba\/wp-json\/wp\/v2\/product_tag?post=388"}],"curies":[{"name":"wp","href":"https:\/\/api.w.org\/{rel}","templated":true}]}}