{"id":389,"date":"2021-07-02T17:50:22","date_gmt":"2021-07-02T15:50:22","guid":{"rendered":"https:\/\/ikasougou.com\/ikaseliba\/?post_type=product&#038;p=389"},"modified":"2021-07-03T13:30:34","modified_gmt":"2021-07-03T11:30:34","slug":"double-seven-77-energy-drink","status":"publish","type":"product","link":"https:\/\/ikasougou.com\/ikaseliba\/produit\/double-seven-77-energy-drink\/","title":{"rendered":"Double Seven 77 Energy Drink"},"content":{"rendered":"<div class=\"wpb_column vc_column_container vc_col-sm-1\/5 vc_hidden-md vc_hidden-sm vc_hidden-xs\">\n<div class=\"vc_column-inner\">\n<div class=\"wpb_wrapper\">\n<div class=\"eltdf-elements-holder eltdf-responsive-mode-768\">\n<div class=\"eltdf-eh-item \" data-item-class=\"eltdf-eh-custom-173415\">\n<div class=\"eltdf-eh-item-inner\">\n<div class=\"eltdf-eh-item-content eltdf-eh-custom-173415\">\n<h3 class=\"vc_custom_heading\">CAF\u00c9INE<\/h3>\n<h3 class=\"vc_custom_heading\">Tu peux la trouver dans certains aliments comme le caf\u00e9, le th\u00e9 et le chocolat et elle stimule tes fonctions cognitives afin que tu puisses \u00eatre plus concentr\u00e9 et toujours en alerte<\/h3>\n<\/div>\n<\/div>\n<\/div>\n<\/div>\n<\/div>\n<\/div>\n<\/div>\n<div class=\"wpb_column vc_column_container vc_col-sm-1\/5 vc_hidden-md vc_hidden-sm vc_hidden-xs\">\n<div class=\"vc_column-inner\">\n<div class=\"wpb_wrapper\">\n<div class=\"eltdf-elements-holder eltdf-responsive-mode-768\">\n<div class=\"eltdf-eh-item \" data-item-class=\"eltdf-eh-custom-938876\">\n<div class=\"eltdf-eh-item-inner\">\n<div class=\"eltdf-eh-item-content eltdf-eh-custom-938876\">\n<h3 class=\"vc_custom_heading\">TAURINE<\/h3>\n<h3 class=\"vc_custom_heading\">Il s\u2019agit d\u2019un aminoacide naturellement pr\u00e9sent dans notre corps puisque qu\u2019il est important dans les processus m\u00e9taboliques Il poss\u00e8de \u00e9galement des propri\u00e9t\u00e9s antioxydantes. Sa consommation permet une meilleure performance physique et mentale<\/h3>\n<\/div>\n<\/div>\n<\/div>\n<\/div>\n<\/div>\n<\/div>\n<\/div>\n<div class=\"wpb_column vc_column_container vc_col-sm-1\/5 vc_hidden-md vc_hidden-sm vc_hidden-xs\">\n<div class=\"vc_column-inner\">\n<div class=\"wpb_wrapper\">\n<div class=\"eltdf-elements-holder eltdf-responsive-mode-768\">\n<div class=\"eltdf-eh-item \" data-item-class=\"eltdf-eh-custom-748659\">\n<div class=\"eltdf-eh-item-inner\">\n<div class=\"eltdf-eh-item-content eltdf-eh-custom-748659\">\n<h3 class=\"vc_custom_heading\">VITAMINES B6 ET B12<\/h3>\n<h3 class=\"vc_custom_heading\">Ces vitamines du groupe B r\u00e9duisent la fatigue. Elles jouent un r\u00f4le fondamental dans le cerveau et contribuent au bon fonctionnement du syst\u00e8me nerveux<\/h3>\n<\/div>\n<\/div>\n<\/div>\n<\/div>\n<\/div>\n<\/div>\n<\/div>\n<div style=\"display:flex; gap:10px;justify-content:center\" class=\"wps-pgfw-pdf-generate-icon__wrapper-frontend\">\n\t\t<a  href=\"https:\/\/ikasougou.com\/ikaseliba\/wp-json\/wp\/v2\/product\/389?action=genpdf&amp;id=389\" class=\"pgfw-single-pdf-download-button\" ><img src=\"https:\/\/ikasougou.com\/ikaseliba\/wp-content\/plugins\/pdf-generator-for-wp\/admin\/src\/images\/PDF_Tray.svg\" title=\"G\u00e9n\u00e9rer un PDF\" style=\"width:auto; height:45px;\"><\/a>\n\t\t<\/div>","protected":false},"excerpt":{"rendered":"<ul>\n<li class=\"vc_custom_heading\">CAF\u00c9INE<\/li>\n<li class=\"vc_custom_heading\">TAURINE<\/li>\n<li class=\"vc_custom_heading\">VITAMINES B6 ET B12<\/li>\n<\/ul>\n","protected":false},"featured_media":442,"comment_status":"open","ping_status":"closed","template":"","meta":{"jetpack_publicize_message":"","jetpack_publicize_feature_enabled":true,"jetpack_social_post_already_shared":false,"jetpack_social_options":{"image_generator_settings":{"template":"highway","default_image_id":0,"font":"","enabled":false},"version":2}},"product_brand":[],"product_cat":[186],"product_tag":[157,72,158,159,112,78,95],"class_list":{"0":"post-389","1":"product","2":"type-product","3":"status-publish","4":"has-post-thumbnail","6":"product_cat-alimentaires","7":"product_tag-157","8":"product_tag-bamako","9":"product_tag-double-seven","10":"product_tag-energy-drink","11":"product_tag-ikasougou","12":"product_tag-mali","13":"product_tag-supermarchekane","15":"first","16":"instock","17":"shipping-taxable","18":"purchasable","19":"product-type-simple"},"ams_default_variation_id":0,"ams_product_points_reward":[],"ams_product_discount_percentage":0,"ams_price_to_display":500,"aioseo_notices":[],"ams_acf":[],"jetpack_publicize_connections":[],"jetpack-related-posts":[],"jetpack_sharing_enabled":true,"jetpack_likes_enabled":true,"_links":{"self":[{"href":"https:\/\/ikasougou.com\/ikaseliba\/wp-json\/wp\/v2\/product\/389","targetHints":{"allow":["GET"]}}],"collection":[{"href":"https:\/\/ikasougou.com\/ikaseliba\/wp-json\/wp\/v2\/product"}],"about":[{"href":"https:\/\/ikasougou.com\/ikaseliba\/wp-json\/wp\/v2\/types\/product"}],"replies":[{"embeddable":true,"href":"https:\/\/ikasougou.com\/ikaseliba\/wp-json\/wp\/v2\/comments?post=389"}],"wp:featuredmedia":[{"embeddable":true,"href":"https:\/\/ikasougou.com\/ikaseliba\/wp-json\/wp\/v2\/media\/442"}],"wp:attachment":[{"href":"https:\/\/ikasougou.com\/ikaseliba\/wp-json\/wp\/v2\/media?parent=389"}],"wp:term":[{"taxonomy":"product_brand","embeddable":true,"href":"https:\/\/ikasougou.com\/ikaseliba\/wp-json\/wp\/v2\/product_brand?post=389"},{"taxonomy":"product_cat","embeddable":true,"href":"https:\/\/ikasougou.com\/ikaseliba\/wp-json\/wp\/v2\/product_cat?post=389"},{"taxonomy":"product_tag","embeddable":true,"href":"https:\/\/ikasougou.com\/ikaseliba\/wp-json\/wp\/v2\/product_tag?post=389"}],"curies":[{"name":"wp","href":"https:\/\/api.w.org\/{rel}","templated":true}]}}