{"id":401,"date":"2021-07-02T17:50:49","date_gmt":"2021-07-02T15:50:49","guid":{"rendered":"https:\/\/ikasougou.com\/ikaseliba\/?post_type=product&#038;p=401"},"modified":"2021-07-03T13:30:31","modified_gmt":"2021-07-03T11:30:31","slug":"belle-france-jus-dananas-brick-1l","status":"publish","type":"product","link":"https:\/\/ikasougou.com\/ikaseliba\/produit\/belle-france-jus-dananas-brick-1l\/","title":{"rendered":"BELLE FRANCE JUS D&#8217;ANANAS BRICK 1L"},"content":{"rendered":"<p>L\u2019ananas est un fruit tropical embl\u00e9matique, au go\u00fbt tr\u00e8s sucr\u00e9 et \u00e0 la teneur en nutriments tr\u00e8s \u00e9lev\u00e9e. On le retrouve aussi dans de nombreuses recettes sucr\u00e9es sal\u00e9es, notamment durant sa pleine saison qui est l\u2019\u00e9t\u00e9. Il s\u2019agit du fruit d\u2019une plante x\u00e9rophyte, dont les origines se situent en Afrique du Sud et plus pr\u00e9cis\u00e9ment au Paraguay, au sud du Br\u00e9sil et au nord-est de l\u2019Argentine. On le cultive aussi dans quelques pays d\u2019Afrique et en Asie\u00a0: Malaisie, Tha\u00eflande, Philippines, Inde, etc. L\u2019ananas appartient donc \u00e0 la famille des brom\u00e9liac\u00e9es, et il s\u2019agit d\u2019une vari\u00e9t\u00e9 terrestre. Comme il s\u2019agit du fruit d\u2019une plante tropical, il est sensible au gel et pr\u00e9f\u00e8re les sols riches, acides et drain\u00e9s. Nous avons tous en t\u00eate d\u2019aspect unique de l\u2019ananas, de couleur jaune-orang\u00e9 et surmont\u00e9e de quelques feuilles.<\/p>\n<div style=\"display:flex; gap:10px;justify-content:center\" class=\"wps-pgfw-pdf-generate-icon__wrapper-frontend\">\n\t\t<a  href=\"https:\/\/ikasougou.com\/ikaseliba\/wp-json\/wp\/v2\/product\/401?action=genpdf&amp;id=401\" class=\"pgfw-single-pdf-download-button\" ><img src=\"https:\/\/ikasougou.com\/ikaseliba\/wp-content\/plugins\/pdf-generator-for-wp\/admin\/src\/images\/PDF_Tray.svg\" title=\"G\u00e9n\u00e9rer un PDF\" style=\"width:auto; height:45px;\"><\/a>\n\t\t<\/div>","protected":false},"excerpt":{"rendered":"<p>L\u2019ananas est un fruit tropical embl\u00e9matique, au go\u00fbt tr\u00e8s sucr\u00e9 et \u00e0 la teneur en nutriments tr\u00e8s \u00e9lev\u00e9e. On le retrouve aussi dans de nombreuses recettes sucr\u00e9es sal\u00e9es, notamment durant sa pleine saison qui est l\u2019\u00e9t\u00e9. Il s\u2019agit du fruit d\u2019une plante x\u00e9rophyte, dont les origines se situent en Afrique du Sud et plus pr\u00e9cis\u00e9ment [&#8230;]\n","protected":false},"featured_media":444,"comment_status":"open","ping_status":"closed","template":"","meta":{"jetpack_publicize_message":"","jetpack_publicize_feature_enabled":true,"jetpack_social_post_already_shared":false,"jetpack_social_options":{"image_generator_settings":{"template":"highway","default_image_id":0,"font":"","enabled":false},"version":2}},"product_brand":[],"product_cat":[186],"product_tag":[138,112,161,78,95],"class_list":{"0":"post-401","1":"product","2":"type-product","3":"status-publish","4":"has-post-thumbnail","6":"product_cat-alimentaires","7":"product_tag-belle-france","8":"product_tag-ikasougou","9":"product_tag-jus-dananas","10":"product_tag-mali","11":"product_tag-supermarchekane","13":"first","14":"instock","15":"shipping-taxable","16":"purchasable","17":"product-type-simple"},"ams_default_variation_id":0,"ams_product_points_reward":[],"ams_product_discount_percentage":0,"ams_price_to_display":1500,"aioseo_notices":[],"ams_acf":[],"jetpack_publicize_connections":[],"jetpack-related-posts":[],"jetpack_sharing_enabled":true,"jetpack_likes_enabled":true,"_links":{"self":[{"href":"https:\/\/ikasougou.com\/ikaseliba\/wp-json\/wp\/v2\/product\/401","targetHints":{"allow":["GET"]}}],"collection":[{"href":"https:\/\/ikasougou.com\/ikaseliba\/wp-json\/wp\/v2\/product"}],"about":[{"href":"https:\/\/ikasougou.com\/ikaseliba\/wp-json\/wp\/v2\/types\/product"}],"replies":[{"embeddable":true,"href":"https:\/\/ikasougou.com\/ikaseliba\/wp-json\/wp\/v2\/comments?post=401"}],"wp:featuredmedia":[{"embeddable":true,"href":"https:\/\/ikasougou.com\/ikaseliba\/wp-json\/wp\/v2\/media\/444"}],"wp:attachment":[{"href":"https:\/\/ikasougou.com\/ikaseliba\/wp-json\/wp\/v2\/media?parent=401"}],"wp:term":[{"taxonomy":"product_brand","embeddable":true,"href":"https:\/\/ikasougou.com\/ikaseliba\/wp-json\/wp\/v2\/product_brand?post=401"},{"taxonomy":"product_cat","embeddable":true,"href":"https:\/\/ikasougou.com\/ikaseliba\/wp-json\/wp\/v2\/product_cat?post=401"},{"taxonomy":"product_tag","embeddable":true,"href":"https:\/\/ikasougou.com\/ikaseliba\/wp-json\/wp\/v2\/product_tag?post=401"}],"curies":[{"name":"wp","href":"https:\/\/api.w.org\/{rel}","templated":true}]}}