{"id":402,"date":"2021-07-02T17:50:49","date_gmt":"2021-07-02T15:50:49","guid":{"rendered":"https:\/\/ikasougou.com\/ikaseliba\/?post_type=product&#038;p=402"},"modified":"2021-07-03T13:30:32","modified_gmt":"2021-07-03T11:30:32","slug":"happy-day-100-orange-1l","status":"publish","type":"product","link":"https:\/\/ikasougou.com\/ikaseliba\/produit\/happy-day-100-orange-1l\/","title":{"rendered":"HAPPY DAY 100% orange 1L"},"content":{"rendered":"<p>Les jus de fruits HAPPY DAY de Rauch sont parfaits pour \u00e9tancher la soif.\u00a0100% fruit pour 100% de rafra\u00eechissement.\u00a0<span class=\"\">Disponible dans de nombreux types et diff\u00e9rents packages.<\/span><\/p>\n<p>Rauch HAPPY DAY est synonyme de la plus haute qualit\u00e9 \u2013 seuls des fruits soigneusement s\u00e9lectionn\u00e9s sont utilis\u00e9s pour la production.<\/p>\n<div class=\"col product-detail-shortdescription-container product-detail-shortdescription-en px-0\"><span class=\"\">Sentiment d\u2019\u00e9t\u00e9 \u2013 toute l\u2019ann\u00e9e!\u00a0<\/span><span class=\"goog-text-highlight\">Le soleil se l\u00e8ve lorsque vous buvez ce grand jus d\u2019orange.\u00a0<\/span>HAPPY DAY \u2013 un plaisir de fruits unique offert par l\u2019une des plus grandes marques d\u2019Autriche!<\/div>\n<div style=\"display:flex; gap:10px;justify-content:center\" class=\"wps-pgfw-pdf-generate-icon__wrapper-frontend\">\n\t\t<a  href=\"https:\/\/ikasougou.com\/ikaseliba\/wp-json\/wp\/v2\/product\/402?action=genpdf&amp;id=402\" class=\"pgfw-single-pdf-download-button\" ><img src=\"https:\/\/ikasougou.com\/ikaseliba\/wp-content\/plugins\/pdf-generator-for-wp\/admin\/src\/images\/PDF_Tray.svg\" title=\"G\u00e9n\u00e9rer un PDF\" style=\"width:auto; height:45px;\"><\/a>\n\t\t<\/div>","protected":false},"excerpt":{"rendered":"<p>Les jus de fruits HAPPY DAY de Rauch sont parfaits pour \u00e9tancher la soif.\u00a0100% fruit pour 100% de rafra\u00eechissement.\u00a0Disponible dans de nombreux types et diff\u00e9rents packages. Rauch HAPPY DAY est synonyme de la plus haute qualit\u00e9 \u2013 seuls des fruits soigneusement s\u00e9lectionn\u00e9s sont utilis\u00e9s pour la production. Sentiment d\u2019\u00e9t\u00e9 \u2013 toute l\u2019ann\u00e9e!\u00a0Le soleil se l\u00e8ve [&#8230;]\n","protected":false},"featured_media":445,"comment_status":"open","ping_status":"closed","template":"","meta":{"jetpack_publicize_message":"","jetpack_publicize_feature_enabled":true,"jetpack_social_post_already_shared":false,"jetpack_social_options":{"image_generator_settings":{"template":"highway","default_image_id":0,"font":"","enabled":false},"version":2}},"product_brand":[],"product_cat":[186],"product_tag":[72,162,112,78,153,95],"class_list":{"0":"post-402","1":"product","2":"type-product","3":"status-publish","4":"has-post-thumbnail","6":"product_cat-alimentaires","7":"product_tag-bamako","8":"product_tag-happy-day","9":"product_tag-ikasougou","10":"product_tag-mali","11":"product_tag-orange","12":"product_tag-supermarchekane","14":"first","15":"instock","16":"shipping-taxable","17":"purchasable","18":"product-type-simple"},"ams_default_variation_id":0,"ams_product_points_reward":[],"ams_product_discount_percentage":0,"ams_price_to_display":1250,"aioseo_notices":[],"ams_acf":[],"jetpack_publicize_connections":[],"jetpack-related-posts":[],"jetpack_sharing_enabled":true,"jetpack_likes_enabled":true,"_links":{"self":[{"href":"https:\/\/ikasougou.com\/ikaseliba\/wp-json\/wp\/v2\/product\/402","targetHints":{"allow":["GET"]}}],"collection":[{"href":"https:\/\/ikasougou.com\/ikaseliba\/wp-json\/wp\/v2\/product"}],"about":[{"href":"https:\/\/ikasougou.com\/ikaseliba\/wp-json\/wp\/v2\/types\/product"}],"replies":[{"embeddable":true,"href":"https:\/\/ikasougou.com\/ikaseliba\/wp-json\/wp\/v2\/comments?post=402"}],"wp:featuredmedia":[{"embeddable":true,"href":"https:\/\/ikasougou.com\/ikaseliba\/wp-json\/wp\/v2\/media\/445"}],"wp:attachment":[{"href":"https:\/\/ikasougou.com\/ikaseliba\/wp-json\/wp\/v2\/media?parent=402"}],"wp:term":[{"taxonomy":"product_brand","embeddable":true,"href":"https:\/\/ikasougou.com\/ikaseliba\/wp-json\/wp\/v2\/product_brand?post=402"},{"taxonomy":"product_cat","embeddable":true,"href":"https:\/\/ikasougou.com\/ikaseliba\/wp-json\/wp\/v2\/product_cat?post=402"},{"taxonomy":"product_tag","embeddable":true,"href":"https:\/\/ikasougou.com\/ikaseliba\/wp-json\/wp\/v2\/product_tag?post=402"}],"curies":[{"name":"wp","href":"https:\/\/api.w.org\/{rel}","templated":true}]}}