{"id":424,"date":"2021-07-02T17:51:16","date_gmt":"2021-07-02T15:51:16","guid":{"rendered":"https:\/\/ikasougou.com\/ikaseliba\/?post_type=product&#038;p=424"},"modified":"2021-07-03T13:30:28","modified_gmt":"2021-07-03T11:30:28","slug":"al-baraka-the-au-jasmin-2","status":"publish","type":"product","link":"https:\/\/ikasougou.com\/ikaseliba\/produit\/al-baraka-the-au-jasmin-2\/","title":{"rendered":"Al baraka &#8211; Th\u00e9 au Jasmin"},"content":{"rendered":"<p>Cr\u00e9\u00e9 sous la dynastie des Song (960-1279), le\u00a0<strong>th\u00e9 au jasmin<\/strong>\u00a0est l\u2019un des rares th\u00e9s parfum\u00e9s traditionnels en Chine, o\u00f9 le th\u00e9 est le plus souvent consomm\u00e9 nature. En effet, l\u2019art de l\u2019aromatisation des th\u00e9s est typiquement occidental. Mais les Chinois ma\u00eetrisent depuis des si\u00e8cles l\u2019art d\u00e9licat de m\u00e9langer les\u00a0<strong>feuilles fra\u00eeches de th\u00e9\u00a0<\/strong>et des<strong>\u00a0fleurs fra\u00eeches de jasmin\u00a0<\/strong>en les laissant s\u00e9cher ensemble apr\u00e8s leurs cueillettes. Ainsi, le jasmin parfume subtilement les feuilles de th\u00e9, cr\u00e9ant des notes d\u00e9licieuses et un parfum envo\u00fbtant.<\/p>\n<p>La beaut\u00e9 de ses d\u00e9licates fleurs blanches et son parfum envo\u00fbtant font du jasmin une fleur tr\u00e8s populaire et appr\u00e9ci\u00e9e. En Chine,\u00a0<strong>la fleur de<\/strong>\u00a0<strong>jasmin<\/strong>\u00a0symbolise l\u2019amour et le romantisme car son parfum se fait plus pr\u00e9sent \u00e0 la tomb\u00e9e de la nuit.<\/p>\n<p>Outre sa beaut\u00e9, le jasmin poss\u00e8de de nombreuses vertus. Ainsi, l\u2019huile essentielle de jasmin est utilis\u00e9e dans la cosm\u00e9tique, la parfumerie, l\u2019aromath\u00e9rapie, ainsi que la phytoth\u00e9rapie.<\/p>\n<p>C\u2019est une fleur tr\u00e8s pr\u00e9cieuse car il ne faut pas moins de 2,5 kg de fleurs de jasmin pour produire 1 kg de th\u00e9 au jasmin\u00a0! Et quand on sait que 100 fleurs p\u00e8sent \u00e0 peine 25 grammes\u2026 on comprend que le th\u00e9 au jasmin soit si pr\u00e9cieux\u00a0!<\/p>\n<p>&nbsp;<\/p>\n<h3><strong>LES VERTUS DU TH\u00c9 VERT AU JASMIN<\/strong><\/h3>\n<p>La douceur et les notes fleuries du<strong>\u00a0th\u00e9 vert au jasmin<\/strong>\u00a0s\u00e9duisent aussi bien les amateurs de th\u00e9 que les novices. Riche en antioxydants et en cat\u00e9chines, le th\u00e9 vert est un v\u00e9ritable alli\u00e9 minceur et lutte contre les facteurs du vieillissement pour un effet anti-\u00e2ge.<\/p>\n<p>Avec son go\u00fbt doux et agr\u00e9able, et ses\u00a0<strong>bienfaits pour la sant\u00e9<\/strong>, le th\u00e9 vert au jasmin a tout pour plaire, et on comprend pourquoi il est si populaire depuis des si\u00e8cles !<\/p>\n<p>A noter\u00a0: tr\u00e8s tonique, il doit \u00eatre consomm\u00e9 jusqu\u2019en milieu d\u2019apr\u00e8s-midi uniquement, sous peine d\u2019avoir du mal \u00e0 trouver le sommeil le soir venu\u00a0!<\/p>\n<div style=\"display:flex; gap:10px;justify-content:center\" class=\"wps-pgfw-pdf-generate-icon__wrapper-frontend\">\n\t\t<a  href=\"https:\/\/ikasougou.com\/ikaseliba\/wp-json\/wp\/v2\/product\/424?action=genpdf&amp;id=424\" class=\"pgfw-single-pdf-download-button\" ><img src=\"https:\/\/ikasougou.com\/ikaseliba\/wp-content\/plugins\/pdf-generator-for-wp\/admin\/src\/images\/PDF_Tray.svg\" title=\"G\u00e9n\u00e9rer un PDF\" style=\"width:auto; height:45px;\"><\/a>\n\t\t<\/div>","protected":false},"excerpt":{"rendered":"<p>Cr\u00e9\u00e9 sous la dynastie des Song (960-1279), le\u00a0th\u00e9 au jasmin\u00a0est l\u2019un des rares th\u00e9s parfum\u00e9s traditionnels en Chine, o\u00f9 le th\u00e9 est le plus souvent consomm\u00e9 nature. En effet, l\u2019art de l\u2019aromatisation des th\u00e9s est typiquement occidental. Mais les Chinois ma\u00eetrisent depuis des si\u00e8cles l\u2019art d\u00e9licat de m\u00e9langer les\u00a0feuilles fra\u00eeches de th\u00e9\u00a0et des\u00a0fleurs fra\u00eeches de [&#8230;]\n","protected":false},"featured_media":457,"comment_status":"open","ping_status":"closed","template":"","meta":{"jetpack_publicize_message":"","jetpack_publicize_feature_enabled":true,"jetpack_social_post_already_shared":false,"jetpack_social_options":{"image_generator_settings":{"template":"highway","default_image_id":0,"font":"","enabled":false},"version":2}},"product_brand":[],"product_cat":[186],"product_tag":[94,72,78,95,96],"class_list":{"0":"post-424","1":"product","2":"type-product","3":"status-publish","4":"has-post-thumbnail","6":"product_cat-alimentaires","7":"product_tag-al-baraka","8":"product_tag-bamako","9":"product_tag-mali","10":"product_tag-supermarchekane","11":"product_tag-the-au-jsamin","13":"first","14":"instock","15":"shipping-taxable","16":"purchasable","17":"product-type-simple"},"ams_default_variation_id":0,"ams_product_points_reward":[],"ams_product_discount_percentage":0,"ams_price_to_display":2500,"aioseo_notices":[],"ams_acf":[],"jetpack_publicize_connections":[],"jetpack-related-posts":[],"jetpack_sharing_enabled":true,"jetpack_likes_enabled":true,"_links":{"self":[{"href":"https:\/\/ikasougou.com\/ikaseliba\/wp-json\/wp\/v2\/product\/424","targetHints":{"allow":["GET"]}}],"collection":[{"href":"https:\/\/ikasougou.com\/ikaseliba\/wp-json\/wp\/v2\/product"}],"about":[{"href":"https:\/\/ikasougou.com\/ikaseliba\/wp-json\/wp\/v2\/types\/product"}],"replies":[{"embeddable":true,"href":"https:\/\/ikasougou.com\/ikaseliba\/wp-json\/wp\/v2\/comments?post=424"}],"wp:featuredmedia":[{"embeddable":true,"href":"https:\/\/ikasougou.com\/ikaseliba\/wp-json\/wp\/v2\/media\/457"}],"wp:attachment":[{"href":"https:\/\/ikasougou.com\/ikaseliba\/wp-json\/wp\/v2\/media?parent=424"}],"wp:term":[{"taxonomy":"product_brand","embeddable":true,"href":"https:\/\/ikasougou.com\/ikaseliba\/wp-json\/wp\/v2\/product_brand?post=424"},{"taxonomy":"product_cat","embeddable":true,"href":"https:\/\/ikasougou.com\/ikaseliba\/wp-json\/wp\/v2\/product_cat?post=424"},{"taxonomy":"product_tag","embeddable":true,"href":"https:\/\/ikasougou.com\/ikaseliba\/wp-json\/wp\/v2\/product_tag?post=424"}],"curies":[{"name":"wp","href":"https:\/\/api.w.org\/{rel}","templated":true}]}}