{"id":440,"date":"2021-07-02T17:51:41","date_gmt":"2021-07-02T15:51:41","guid":{"rendered":"https:\/\/ikasougou.com\/ikaseliba\/?post_type=product&#038;p=440"},"modified":"2021-07-03T13:30:23","modified_gmt":"2021-07-03T11:30:23","slug":"happy-day-ananas-1l","status":"publish","type":"product","link":"https:\/\/ikasougou.com\/ikaseliba\/produit\/happy-day-ananas-1l\/","title":{"rendered":"HAPPY DAY &#8211; Ananas 1L"},"content":{"rendered":"<p>Jus d\u2019ananas 100% fabriqu\u00e9 \u00e0 partir de concentr\u00e9 d\u2019ananas.<\/p>\n<p>Les jus de fruits HAPPY DAY de Rauch sont parfaits pour \u00e9tancher la soif.\u00a0Disponible dans de nombreux types et emballages diff\u00e9rents!<\/p>\n<p>Rauch HAPPY DAY est synonyme de la plus haute qualit\u00e9 \u2013 seuls les fruits s\u00e9lectionn\u00e9s sont utilis\u00e9s pour la production.<\/p>\n<p>HAPPY DAY \u2013 un plaisir unique de fruits de l\u2019une des plus grandes marques d\u2019Autriche.<\/p>\n<div class=\"col product-detail-shortdescription-container product-detail-shortdescription-de px-0\">\n<div class=\"groupItem\">\n<h3>Valeurs nutritionnelles<\/h3>\n<div class=\"tabularContent\">\n<table>\n<caption>Valeurs nutritionnelles<\/caption>\n<thead>\n<tr>\n<th><\/th>\n<th>100 ML<\/th>\n<\/tr>\n<\/thead>\n<tbody>\n<tr>\n<td>\u00c9nergie<\/td>\n<td>223 kJ \/ 53 kcal<\/td>\n<\/tr>\n<tr>\n<td>Les graisses<\/td>\n<td>&lt;0,5 g<\/td>\n<\/tr>\n<tr>\n<td>dont acides gras satur\u00e9s<\/td>\n<td>&lt;0,1 g<\/td>\n<\/tr>\n<tr>\n<td>Les glucides<\/td>\n<td>11,8 g<\/td>\n<\/tr>\n<tr>\n<td>dont les sucres<\/td>\n<td>11,8 g<\/td>\n<\/tr>\n<tr>\n<td>Prot\u00e9ines<\/td>\n<td>&lt;0,5 g<\/td>\n<\/tr>\n<tr>\n<td>Le sel<\/td>\n<td>&lt;0,01 g<\/td>\n<\/tr>\n<\/tbody>\n<\/table>\n<\/div>\n<p class=\"adultInfo\">Revenu de r\u00e9f\u00e9rence de l\u2019adulte moyen (8400kJ \/ 2000kcal)<\/p>\n<\/div>\n<div class=\"groupItem\"><\/div>\n<\/div>\n<div><\/div>\n<div style=\"display:flex; gap:10px;justify-content:center\" class=\"wps-pgfw-pdf-generate-icon__wrapper-frontend\">\n\t\t<a  href=\"https:\/\/ikasougou.com\/ikaseliba\/wp-json\/wp\/v2\/product\/440?action=genpdf&amp;id=440\" class=\"pgfw-single-pdf-download-button\" ><img src=\"https:\/\/ikasougou.com\/ikaseliba\/wp-content\/plugins\/pdf-generator-for-wp\/admin\/src\/images\/PDF_Tray.svg\" title=\"G\u00e9n\u00e9rer un PDF\" style=\"width:auto; height:45px;\"><\/a>\n\t\t<\/div>","protected":false},"excerpt":{"rendered":"<p>HAPPY DAY &#8211; Cocos Ananas<\/p>\n","protected":false},"featured_media":463,"comment_status":"open","ping_status":"closed","template":"","meta":{"jetpack_publicize_message":"","jetpack_publicize_feature_enabled":true,"jetpack_social_post_already_shared":false,"jetpack_social_options":{"image_generator_settings":{"template":"highway","default_image_id":0,"font":"","enabled":false},"version":2}},"product_brand":[],"product_cat":[186],"product_tag":[72,162,112,78,95],"class_list":{"0":"post-440","1":"product","2":"type-product","3":"status-publish","4":"has-post-thumbnail","6":"product_cat-alimentaires","7":"product_tag-bamako","8":"product_tag-happy-day","9":"product_tag-ikasougou","10":"product_tag-mali","11":"product_tag-supermarchekane","13":"first","14":"instock","15":"shipping-taxable","16":"purchasable","17":"product-type-simple"},"ams_default_variation_id":0,"ams_product_points_reward":[],"ams_product_discount_percentage":0,"ams_price_to_display":1250,"aioseo_notices":[],"ams_acf":[],"jetpack_publicize_connections":[],"jetpack-related-posts":[],"jetpack_sharing_enabled":true,"jetpack_likes_enabled":true,"_links":{"self":[{"href":"https:\/\/ikasougou.com\/ikaseliba\/wp-json\/wp\/v2\/product\/440","targetHints":{"allow":["GET"]}}],"collection":[{"href":"https:\/\/ikasougou.com\/ikaseliba\/wp-json\/wp\/v2\/product"}],"about":[{"href":"https:\/\/ikasougou.com\/ikaseliba\/wp-json\/wp\/v2\/types\/product"}],"replies":[{"embeddable":true,"href":"https:\/\/ikasougou.com\/ikaseliba\/wp-json\/wp\/v2\/comments?post=440"}],"wp:featuredmedia":[{"embeddable":true,"href":"https:\/\/ikasougou.com\/ikaseliba\/wp-json\/wp\/v2\/media\/463"}],"wp:attachment":[{"href":"https:\/\/ikasougou.com\/ikaseliba\/wp-json\/wp\/v2\/media?parent=440"}],"wp:term":[{"taxonomy":"product_brand","embeddable":true,"href":"https:\/\/ikasougou.com\/ikaseliba\/wp-json\/wp\/v2\/product_brand?post=440"},{"taxonomy":"product_cat","embeddable":true,"href":"https:\/\/ikasougou.com\/ikaseliba\/wp-json\/wp\/v2\/product_cat?post=440"},{"taxonomy":"product_tag","embeddable":true,"href":"https:\/\/ikasougou.com\/ikaseliba\/wp-json\/wp\/v2\/product_tag?post=440"}],"curies":[{"name":"wp","href":"https:\/\/api.w.org\/{rel}","templated":true}]}}