{"id":469,"date":"2021-07-02T17:59:14","date_gmt":"2021-07-02T15:59:14","guid":{"rendered":"https:\/\/ikasougou.com\/ikaseliba\/?post_type=product&#038;p=469"},"modified":"2021-07-03T13:30:13","modified_gmt":"2021-07-03T11:30:13","slug":"bf-sauce-barbecue-350g","status":"publish","type":"product","link":"https:\/\/ikasougou.com\/ikaseliba\/produit\/bf-sauce-barbecue-350g\/","title":{"rendered":"BF Sauce Barbecue 350g"},"content":{"rendered":"<p>La sauce barbecue ou sauce BBQ est une sauce brune et condiment. Originaire du sud des \u00c9tats-Unis, cette sauce sucr\u00e9e au go\u00fbt fum\u00e9 accompagne g\u00e9n\u00e9ralement les plats de viandes. Elle peut \u00e9galement servir en marinade.<\/p>\n<div style=\"display:flex; gap:10px;justify-content:center\" class=\"wps-pgfw-pdf-generate-icon__wrapper-frontend\">\n\t\t<a  href=\"https:\/\/ikasougou.com\/ikaseliba\/wp-json\/wp\/v2\/product\/469?action=genpdf&amp;id=469\" class=\"pgfw-single-pdf-download-button\" ><img src=\"https:\/\/ikasougou.com\/ikaseliba\/wp-content\/plugins\/pdf-generator-for-wp\/admin\/src\/images\/PDF_Tray.svg\" title=\"G\u00e9n\u00e9rer un PDF\" style=\"width:auto; height:45px;\"><\/a>\n\t\t<\/div>","protected":false},"excerpt":{"rendered":"<p>La sauce barbecue ou sauce BBQ est une sauce brune et condiment. Originaire du sud des \u00c9tats-Unis, cette sauce sucr\u00e9e au go\u00fbt fum\u00e9 accompagne g\u00e9n\u00e9ralement les plats de viandes. Elle peut \u00e9galement servir en marinade.<\/p>\n","protected":false},"featured_media":502,"comment_status":"open","ping_status":"closed","template":"","meta":{"jetpack_publicize_message":"","jetpack_publicize_feature_enabled":true,"jetpack_social_post_already_shared":false,"jetpack_social_options":{"image_generator_settings":{"template":"highway","default_image_id":0,"font":"","enabled":false},"version":2}},"product_brand":[],"product_cat":[198,199,200,186],"product_tag":[201,202,203,204,205,206],"class_list":{"0":"post-469","1":"product","2":"type-product","3":"status-publish","4":"has-post-thumbnail","6":"product_cat-boucherie-charcuterie-et-poissonerie","7":"product_cat-fruits-et-legumes","8":"product_cat-sauce","9":"product_cat-alimentaires","10":"product_tag-barbecue","11":"product_tag-grillades","12":"product_tag-poissons","13":"product_tag-sandwich","14":"product_tag-sauce","15":"product_tag-viandes","17":"first","18":"instock","19":"shipping-taxable","20":"purchasable","21":"product-type-simple"},"ams_default_variation_id":0,"ams_product_points_reward":[],"ams_product_discount_percentage":0,"ams_price_to_display":1250,"aioseo_notices":[],"ams_acf":[],"jetpack_publicize_connections":[],"jetpack-related-posts":[],"jetpack_sharing_enabled":true,"jetpack_likes_enabled":true,"_links":{"self":[{"href":"https:\/\/ikasougou.com\/ikaseliba\/wp-json\/wp\/v2\/product\/469","targetHints":{"allow":["GET"]}}],"collection":[{"href":"https:\/\/ikasougou.com\/ikaseliba\/wp-json\/wp\/v2\/product"}],"about":[{"href":"https:\/\/ikasougou.com\/ikaseliba\/wp-json\/wp\/v2\/types\/product"}],"replies":[{"embeddable":true,"href":"https:\/\/ikasougou.com\/ikaseliba\/wp-json\/wp\/v2\/comments?post=469"}],"wp:featuredmedia":[{"embeddable":true,"href":"https:\/\/ikasougou.com\/ikaseliba\/wp-json\/wp\/v2\/media\/502"}],"wp:attachment":[{"href":"https:\/\/ikasougou.com\/ikaseliba\/wp-json\/wp\/v2\/media?parent=469"}],"wp:term":[{"taxonomy":"product_brand","embeddable":true,"href":"https:\/\/ikasougou.com\/ikaseliba\/wp-json\/wp\/v2\/product_brand?post=469"},{"taxonomy":"product_cat","embeddable":true,"href":"https:\/\/ikasougou.com\/ikaseliba\/wp-json\/wp\/v2\/product_cat?post=469"},{"taxonomy":"product_tag","embeddable":true,"href":"https:\/\/ikasougou.com\/ikaseliba\/wp-json\/wp\/v2\/product_tag?post=469"}],"curies":[{"name":"wp","href":"https:\/\/api.w.org\/{rel}","templated":true}]}}