{"id":473,"date":"2021-07-02T17:59:15","date_gmt":"2021-07-02T15:59:15","guid":{"rendered":"https:\/\/ikasougou.com\/ikaseliba\/?post_type=product&#038;p=473"},"modified":"2021-07-03T13:30:00","modified_gmt":"2021-07-03T11:30:00","slug":"belle-france-ketchup-souple-nature-340-g","status":"publish","type":"product","link":"https:\/\/ikasougou.com\/ikaseliba\/produit\/belle-france-ketchup-souple-nature-340-g\/","title":{"rendered":"Belle France Ketchup Souple Nature 340 g"},"content":{"rendered":"<div class=\"information-section\">\n<div class=\"content\">Une recette unique faite \u00e0 partir de tomates juteuses m\u00fbries en plein champ et s\u00e9lectionn\u00e9es pour leur qualit\u00e9 et leur saveur naturelle.<img data-recalc-dims=\"1\" loading=\"lazy\" decoding=\"async\" class=\"alignnone size-medium wp-image-338\" style=\"font-size: 14.4px;\" src=\"https:\/\/i0.wp.com\/supermarchenakara.com\/wp-content\/uploads\/2021\/05\/71yhtRi4z9L._AC_SL1500_-800x166.jpg?resize=800%2C166\" alt=\"\" width=\"800\" height=\"166\" \/><\/div>\n<div class=\"content\">Une recette r\u00e9alis\u00e9e avec des ingr\u00e9dients s\u00e9lectionn\u00e9s avec soin et des tomates. R\u00e9galez-vous avec le ketchup, rehaussez le go\u00fbt de tous vos pats, id\u00e9al pour vos viandes grill\u00e9es, vos l\u00e9gumes ou encore vos p\u00e2tes.<\/div>\n<div><img data-recalc-dims=\"1\" loading=\"lazy\" decoding=\"async\" class=\"alignnone size-medium wp-image-339\" src=\"https:\/\/i0.wp.com\/supermarchenakara.com\/wp-content\/uploads\/2021\/05\/71tf9okIlOL._AC_SL1322_-733x400.jpg?resize=733%2C400\" alt=\"\" width=\"733\" height=\"400\" \/><\/div>\n<\/div>\n<div style=\"display:flex; gap:10px;justify-content:center\" class=\"wps-pgfw-pdf-generate-icon__wrapper-frontend\">\n\t\t<a  href=\"https:\/\/ikasougou.com\/ikaseliba\/wp-json\/wp\/v2\/product\/473?action=genpdf&amp;id=473\" class=\"pgfw-single-pdf-download-button\" ><img src=\"https:\/\/ikasougou.com\/ikaseliba\/wp-content\/plugins\/pdf-generator-for-wp\/admin\/src\/images\/PDF_Tray.svg\" title=\"G\u00e9n\u00e9rer un PDF\" style=\"width:auto; height:45px;\"><\/a>\n\t\t<\/div>","protected":false},"excerpt":{"rendered":"<p>Une recette unique faite \u00e0 partir de tomates juteuses m\u00fbries en plein champ et s\u00e9lectionn\u00e9es pour leur qualit\u00e9 et leur saveur naturelle. Une recette r\u00e9alis\u00e9e avec des ingr\u00e9dients s\u00e9lectionn\u00e9s avec soin et des tomates. R\u00e9galez-vous avec le ketchup, rehaussez le go\u00fbt de tous vos pats, id\u00e9al pour vos viandes grill\u00e9es, vos l\u00e9gumes ou encore vos [&#8230;]\n","protected":false},"featured_media":513,"comment_status":"open","ping_status":"closed","template":"","meta":{"jetpack_publicize_message":"","jetpack_publicize_feature_enabled":true,"jetpack_social_post_already_shared":false,"jetpack_social_options":{"image_generator_settings":{"template":"highway","default_image_id":0,"font":"","enabled":false},"version":2}},"product_brand":[],"product_cat":[198,212,207,199,200,186],"product_tag":[72,213,78,209,214,215],"class_list":{"0":"post-473","1":"product","2":"type-product","3":"status-publish","4":"has-post-thumbnail","6":"product_cat-boucherie-charcuterie-et-poissonerie","7":"product_cat-conserve-alimentaire","8":"product_cat-epicerie-sale-sucre-et-africain","9":"product_cat-fruits-et-legumes","10":"product_cat-sauce","11":"product_cat-alimentaires","12":"product_tag-bamako","13":"product_tag-ketchup","14":"product_tag-mali","15":"product_tag-nakara","16":"product_tag-sales-sucre","17":"product_tag-tomates","19":"first","20":"instock","21":"shipping-taxable","22":"purchasable","23":"product-type-simple"},"ams_default_variation_id":0,"ams_product_points_reward":[],"ams_product_discount_percentage":0,"ams_price_to_display":1250,"aioseo_notices":[],"ams_acf":[],"jetpack_publicize_connections":[],"jetpack-related-posts":[],"jetpack_sharing_enabled":true,"jetpack_likes_enabled":true,"_links":{"self":[{"href":"https:\/\/ikasougou.com\/ikaseliba\/wp-json\/wp\/v2\/product\/473","targetHints":{"allow":["GET"]}}],"collection":[{"href":"https:\/\/ikasougou.com\/ikaseliba\/wp-json\/wp\/v2\/product"}],"about":[{"href":"https:\/\/ikasougou.com\/ikaseliba\/wp-json\/wp\/v2\/types\/product"}],"replies":[{"embeddable":true,"href":"https:\/\/ikasougou.com\/ikaseliba\/wp-json\/wp\/v2\/comments?post=473"}],"wp:featuredmedia":[{"embeddable":true,"href":"https:\/\/ikasougou.com\/ikaseliba\/wp-json\/wp\/v2\/media\/513"}],"wp:attachment":[{"href":"https:\/\/ikasougou.com\/ikaseliba\/wp-json\/wp\/v2\/media?parent=473"}],"wp:term":[{"taxonomy":"product_brand","embeddable":true,"href":"https:\/\/ikasougou.com\/ikaseliba\/wp-json\/wp\/v2\/product_brand?post=473"},{"taxonomy":"product_cat","embeddable":true,"href":"https:\/\/ikasougou.com\/ikaseliba\/wp-json\/wp\/v2\/product_cat?post=473"},{"taxonomy":"product_tag","embeddable":true,"href":"https:\/\/ikasougou.com\/ikaseliba\/wp-json\/wp\/v2\/product_tag?post=473"}],"curies":[{"name":"wp","href":"https:\/\/api.w.org\/{rel}","templated":true}]}}