{"id":494,"date":"2021-07-02T17:59:17","date_gmt":"2021-07-02T15:59:17","guid":{"rendered":"https:\/\/ikasougou.com\/ikaseliba\/?post_type=product&#038;p=494"},"modified":"2021-07-03T13:29:54","modified_gmt":"2021-07-03T11:29:54","slug":"happy-day-cocos-ananas-1l-2","status":"publish","type":"product","link":"https:\/\/ikasougou.com\/ikaseliba\/produit\/happy-day-cocos-ananas-1l-2\/","title":{"rendered":"HAPPY DAY Cocos Ananas 1L"},"content":{"rendered":"<p><span>Les jus de fruits HAPPY DAY de Rauch sont parfaits pour \u00e9tancher la soif.\u00a0Disponible dans de nombreux types et emballages diff\u00e9rents!<\/span><\/p>\n<p><span>Rauch HAPPY DAY est synonyme de la plus haute qualit\u00e9 &#8211; seuls les fruits s\u00e9lectionn\u00e9s sont utilis\u00e9s pour la production.<\/span><\/p>\n<p><span>HAPPY DAY &#8211; un plaisir unique de fruits de l&#8217;une des plus grandes marques d&#8217;Autriche.<\/span><\/p>\n<div class=\"col product-detail-shortdescription-container product-detail-shortdescription-de px-0\"><span>Un m\u00e9lange fruit\u00e9 avec une vraie sensation de la mer du Sud!\u00a0Un jus d&#8217;ananas exquis m\u00e9lang\u00e9 au meilleur jus de noix de coco!<\/span><\/div>\n<div style=\"display:flex; gap:10px;justify-content:center\" class=\"wps-pgfw-pdf-generate-icon__wrapper-frontend\">\n\t\t<a  href=\"https:\/\/ikasougou.com\/ikaseliba\/wp-json\/wp\/v2\/product\/494?action=genpdf&amp;id=494\" class=\"pgfw-single-pdf-download-button\" ><img src=\"https:\/\/ikasougou.com\/ikaseliba\/wp-content\/plugins\/pdf-generator-for-wp\/admin\/src\/images\/PDF_Tray.svg\" title=\"G\u00e9n\u00e9rer un PDF\" style=\"width:auto; height:45px;\"><\/a>\n\t\t<\/div>","protected":false},"excerpt":{"rendered":"<p>Les jus de fruits HAPPY DAY de Rauch sont parfaits pour \u00e9tancher la soif.\u00a0Disponible dans de nombreux types et emballages diff\u00e9rents! Rauch HAPPY DAY est synonyme de la plus haute qualit\u00e9 &#8211; seuls les fruits s\u00e9lectionn\u00e9s sont utilis\u00e9s pour la production. HAPPY DAY &#8211; un plaisir unique de fruits de l&#8217;une des plus grandes marques [&#8230;]\n","protected":false},"featured_media":555,"comment_status":"open","ping_status":"closed","template":"","meta":{"jetpack_publicize_message":"","jetpack_publicize_feature_enabled":true,"jetpack_social_post_already_shared":false,"jetpack_social_options":{"image_generator_settings":{"template":"highway","default_image_id":0,"font":"","enabled":false},"version":2}},"product_brand":[],"product_cat":[187,199,186],"product_tag":[242,176,243,244],"class_list":{"0":"post-494","1":"product","2":"type-product","3":"status-publish","4":"has-post-thumbnail","6":"product_cat-boissons-alimentaire","7":"product_cat-fruits-et-legumes","8":"product_cat-alimentaires","9":"product_tag-242","10":"product_tag-ananas","11":"product_tag-cocos","12":"product_tag-rauch-happy-day","14":"first","15":"instock","16":"shipping-taxable","17":"purchasable","18":"product-type-simple"},"ams_default_variation_id":0,"ams_product_points_reward":[],"ams_product_discount_percentage":0,"ams_price_to_display":1200,"aioseo_notices":[],"ams_acf":[],"jetpack_publicize_connections":[],"jetpack-related-posts":[],"jetpack_sharing_enabled":true,"jetpack_likes_enabled":true,"_links":{"self":[{"href":"https:\/\/ikasougou.com\/ikaseliba\/wp-json\/wp\/v2\/product\/494","targetHints":{"allow":["GET"]}}],"collection":[{"href":"https:\/\/ikasougou.com\/ikaseliba\/wp-json\/wp\/v2\/product"}],"about":[{"href":"https:\/\/ikasougou.com\/ikaseliba\/wp-json\/wp\/v2\/types\/product"}],"replies":[{"embeddable":true,"href":"https:\/\/ikasougou.com\/ikaseliba\/wp-json\/wp\/v2\/comments?post=494"}],"wp:featuredmedia":[{"embeddable":true,"href":"https:\/\/ikasougou.com\/ikaseliba\/wp-json\/wp\/v2\/media\/555"}],"wp:attachment":[{"href":"https:\/\/ikasougou.com\/ikaseliba\/wp-json\/wp\/v2\/media?parent=494"}],"wp:term":[{"taxonomy":"product_brand","embeddable":true,"href":"https:\/\/ikasougou.com\/ikaseliba\/wp-json\/wp\/v2\/product_brand?post=494"},{"taxonomy":"product_cat","embeddable":true,"href":"https:\/\/ikasougou.com\/ikaseliba\/wp-json\/wp\/v2\/product_cat?post=494"},{"taxonomy":"product_tag","embeddable":true,"href":"https:\/\/ikasougou.com\/ikaseliba\/wp-json\/wp\/v2\/product_tag?post=494"}],"curies":[{"name":"wp","href":"https:\/\/api.w.org\/{rel}","templated":true}]}}