{"id":495,"date":"2021-07-02T17:59:17","date_gmt":"2021-07-02T15:59:17","guid":{"rendered":"https:\/\/ikasougou.com\/ikaseliba\/?post_type=product&#038;p=495"},"modified":"2021-07-03T13:29:55","modified_gmt":"2021-07-03T11:29:55","slug":"happy-day-100-orange-1l-2","status":"publish","type":"product","link":"https:\/\/ikasougou.com\/ikaseliba\/produit\/happy-day-100-orange-1l-2\/","title":{"rendered":"HAPPY DAY 100% orange 1L"},"content":{"rendered":"<p><span>Les jus de fruits HAPPY DAY de Rauch sont parfaits pour \u00e9tancher la soif.\u00a0100% fruit pour 100% de rafra\u00eechissement.\u00a0<span class=\"\">Disponible dans de nombreux types et diff\u00e9rents packages.<\/span><\/span><\/p>\n<p>Rauch HAPPY DAY est synonyme de la plus haute qualit\u00e9 &#8211; seuls des fruits soigneusement s\u00e9lectionn\u00e9s sont utilis\u00e9s pour la production.<\/p>\n<div class=\"col product-detail-shortdescription-container product-detail-shortdescription-en px-0\"><span><span class=\"\">Sentiment d&#8217;\u00e9t\u00e9 &#8211; toute l&#8217;ann\u00e9e!\u00a0<\/span><span class=\"goog-text-highlight\">Le soleil se l\u00e8ve lorsque vous buvez ce grand jus d&#8217;orange.\u00a0<\/span>HAPPY DAY &#8211; un plaisir de fruits unique offert par l&#8217;une des plus grandes marques d&#8217;Autriche!<\/span><\/div>\n<div class=\"col product-detail-attributes-container px-0\"><\/div>\n<div style=\"display:flex; gap:10px;justify-content:center\" class=\"wps-pgfw-pdf-generate-icon__wrapper-frontend\">\n\t\t<a  href=\"https:\/\/ikasougou.com\/ikaseliba\/wp-json\/wp\/v2\/product\/495?action=genpdf&amp;id=495\" class=\"pgfw-single-pdf-download-button\" ><img src=\"https:\/\/ikasougou.com\/ikaseliba\/wp-content\/plugins\/pdf-generator-for-wp\/admin\/src\/images\/PDF_Tray.svg\" title=\"G\u00e9n\u00e9rer un PDF\" style=\"width:auto; height:45px;\"><\/a>\n\t\t<\/div>","protected":false},"excerpt":{"rendered":"<p>Les jus de fruits HAPPY DAY de Rauch sont parfaits pour \u00e9tancher la soif.\u00a0100% fruit pour 100% de rafra\u00eechissement.\u00a0Disponible dans de nombreux types et diff\u00e9rents packages. Rauch HAPPY DAY est synonyme de la plus haute qualit\u00e9 &#8211; seuls des fruits soigneusement s\u00e9lectionn\u00e9s sont utilis\u00e9s pour la production. Sentiment d&#8217;\u00e9t\u00e9 &#8211; toute l&#8217;ann\u00e9e!\u00a0Le soleil se l\u00e8ve [&#8230;]\n","protected":false},"featured_media":556,"comment_status":"open","ping_status":"closed","template":"","meta":{"jetpack_publicize_message":"","jetpack_publicize_feature_enabled":true,"jetpack_social_post_already_shared":false,"jetpack_social_options":{"image_generator_settings":{"template":"highway","default_image_id":0,"font":"","enabled":false},"version":2}},"product_brand":[],"product_cat":[187,199,186],"product_tag":[237,235,72,162,78,209,153],"class_list":{"0":"post-495","1":"product","2":"type-product","3":"status-publish","4":"has-post-thumbnail","6":"product_cat-boissons-alimentaire","7":"product_cat-fruits-et-legumes","8":"product_cat-alimentaires","9":"product_tag-237","10":"product_tag-1l","11":"product_tag-bamako","12":"product_tag-happy-day","13":"product_tag-mali","14":"product_tag-nakara","15":"product_tag-orange","17":"first","18":"instock","19":"shipping-taxable","20":"purchasable","21":"product-type-simple"},"ams_default_variation_id":0,"ams_product_points_reward":[],"ams_product_discount_percentage":0,"ams_price_to_display":1200,"aioseo_notices":[],"ams_acf":[],"jetpack_publicize_connections":[],"jetpack-related-posts":[],"jetpack_sharing_enabled":true,"jetpack_likes_enabled":true,"_links":{"self":[{"href":"https:\/\/ikasougou.com\/ikaseliba\/wp-json\/wp\/v2\/product\/495","targetHints":{"allow":["GET"]}}],"collection":[{"href":"https:\/\/ikasougou.com\/ikaseliba\/wp-json\/wp\/v2\/product"}],"about":[{"href":"https:\/\/ikasougou.com\/ikaseliba\/wp-json\/wp\/v2\/types\/product"}],"replies":[{"embeddable":true,"href":"https:\/\/ikasougou.com\/ikaseliba\/wp-json\/wp\/v2\/comments?post=495"}],"wp:featuredmedia":[{"embeddable":true,"href":"https:\/\/ikasougou.com\/ikaseliba\/wp-json\/wp\/v2\/media\/556"}],"wp:attachment":[{"href":"https:\/\/ikasougou.com\/ikaseliba\/wp-json\/wp\/v2\/media?parent=495"}],"wp:term":[{"taxonomy":"product_brand","embeddable":true,"href":"https:\/\/ikasougou.com\/ikaseliba\/wp-json\/wp\/v2\/product_brand?post=495"},{"taxonomy":"product_cat","embeddable":true,"href":"https:\/\/ikasougou.com\/ikaseliba\/wp-json\/wp\/v2\/product_cat?post=495"},{"taxonomy":"product_tag","embeddable":true,"href":"https:\/\/ikasougou.com\/ikaseliba\/wp-json\/wp\/v2\/product_tag?post=495"}],"curies":[{"name":"wp","href":"https:\/\/api.w.org\/{rel}","templated":true}]}}