{"id":507,"date":"2021-07-02T17:59:42","date_gmt":"2021-07-02T15:59:42","guid":{"rendered":"https:\/\/ikasougou.com\/ikaseliba\/?post_type=product&#038;p=507"},"modified":"2021-07-03T13:29:53","modified_gmt":"2021-07-03T11:29:53","slug":"happy-day-orange-1l","status":"publish","type":"product","link":"https:\/\/ikasougou.com\/ikaseliba\/produit\/happy-day-orange-1l\/","title":{"rendered":"Happy Day Orange 1l"},"content":{"rendered":"<p class=\"fpMb\">100% de jus d&#8217;orange \u00e0 partir de concentr\u00e9 de jus d&#8217;orange<\/p>\n<p><strong>Ingr\u00e9dients:<\/strong> Eau, sucre, concentr\u00e9 de jus d&#8217;orange, colorant concentr\u00e9 de fruits, acide: acide citrique, colorant: acide carminique, vitamine C, ar\u00f4me<\/p>\n<div style=\"display:flex; gap:10px;justify-content:center\" class=\"wps-pgfw-pdf-generate-icon__wrapper-frontend\">\n\t\t<a  href=\"https:\/\/ikasougou.com\/ikaseliba\/wp-json\/wp\/v2\/product\/507?action=genpdf&amp;id=507\" class=\"pgfw-single-pdf-download-button\" ><img src=\"https:\/\/ikasougou.com\/ikaseliba\/wp-content\/plugins\/pdf-generator-for-wp\/admin\/src\/images\/PDF_Tray.svg\" title=\"G\u00e9n\u00e9rer un PDF\" style=\"width:auto; height:45px;\"><\/a>\n\t\t<\/div>","protected":false},"excerpt":{"rendered":"<p>100% de jus d&#8217;orange \u00e0 partir de concentr\u00e9 de jus d&#8217;orange Ingr\u00e9dients: Eau, sucre, concentr\u00e9 de jus d&#8217;orange, colorant concentr\u00e9 de fruits, acide: acide citrique, colorant: acide carminique, vitamine C, ar\u00f4me<\/p>\n","protected":false},"featured_media":558,"comment_status":"open","ping_status":"closed","template":"","meta":{"jetpack_publicize_message":"","jetpack_publicize_feature_enabled":true,"jetpack_social_post_already_shared":false,"jetpack_social_options":{"image_generator_settings":{"template":"highway","default_image_id":0,"font":"","enabled":false},"version":2}},"product_brand":[],"product_cat":[187,199,186],"product_tag":[235,72,162,78,209,153],"class_list":{"0":"post-507","1":"product","2":"type-product","3":"status-publish","4":"has-post-thumbnail","6":"product_cat-boissons-alimentaire","7":"product_cat-fruits-et-legumes","8":"product_cat-alimentaires","9":"product_tag-1l","10":"product_tag-bamako","11":"product_tag-happy-day","12":"product_tag-mali","13":"product_tag-nakara","14":"product_tag-orange","16":"first","17":"instock","18":"shipping-taxable","19":"purchasable","20":"product-type-simple"},"ams_default_variation_id":0,"ams_product_points_reward":[],"ams_product_discount_percentage":0,"ams_price_to_display":1200,"aioseo_notices":[],"ams_acf":[],"jetpack_publicize_connections":[],"jetpack-related-posts":[],"jetpack_sharing_enabled":true,"jetpack_likes_enabled":true,"_links":{"self":[{"href":"https:\/\/ikasougou.com\/ikaseliba\/wp-json\/wp\/v2\/product\/507","targetHints":{"allow":["GET"]}}],"collection":[{"href":"https:\/\/ikasougou.com\/ikaseliba\/wp-json\/wp\/v2\/product"}],"about":[{"href":"https:\/\/ikasougou.com\/ikaseliba\/wp-json\/wp\/v2\/types\/product"}],"replies":[{"embeddable":true,"href":"https:\/\/ikasougou.com\/ikaseliba\/wp-json\/wp\/v2\/comments?post=507"}],"wp:featuredmedia":[{"embeddable":true,"href":"https:\/\/ikasougou.com\/ikaseliba\/wp-json\/wp\/v2\/media\/558"}],"wp:attachment":[{"href":"https:\/\/ikasougou.com\/ikaseliba\/wp-json\/wp\/v2\/media?parent=507"}],"wp:term":[{"taxonomy":"product_brand","embeddable":true,"href":"https:\/\/ikasougou.com\/ikaseliba\/wp-json\/wp\/v2\/product_brand?post=507"},{"taxonomy":"product_cat","embeddable":true,"href":"https:\/\/ikasougou.com\/ikaseliba\/wp-json\/wp\/v2\/product_cat?post=507"},{"taxonomy":"product_tag","embeddable":true,"href":"https:\/\/ikasougou.com\/ikaseliba\/wp-json\/wp\/v2\/product_tag?post=507"}],"curies":[{"name":"wp","href":"https:\/\/api.w.org\/{rel}","templated":true}]}}