{"id":510,"date":"2021-07-02T17:59:43","date_gmt":"2021-07-02T15:59:43","guid":{"rendered":"https:\/\/ikasougou.com\/ikaseliba\/?post_type=product&#038;p=510"},"modified":"2021-07-03T13:29:51","modified_gmt":"2021-07-03T11:29:51","slug":"b-f-nectar-de-banane-1l","status":"publish","type":"product","link":"https:\/\/ikasougou.com\/ikaseliba\/produit\/b-f-nectar-de-banane-1l\/","title":{"rendered":"B.F Nectar de Banane 1L"},"content":{"rendered":"<div class=\"information-section\">\n<h2 class=\"subtitle\">Ingr\u00e9dients \/ Composition<\/h2>\n<div class=\"content\">Eau, pur\u00e9e de banane 36%, sucre, acidifiant : acide citrique, antioxydant : acide ascorbique.<\/div>\n<\/div>\n<div class=\"information-section\">\n<h2 class=\"subtitle\">Pr\u00e9sentation du produit<\/h2>\n<div class=\"content\">Nous travaillons sinc\u00e8rement \u00e0 traquer les ingr\u00e9dients superflus et \u00e0 r\u00e9duire nos emballages pour vous proposer des produits bons et simples<\/div>\n<\/div>\n<div style=\"display:flex; gap:10px;justify-content:center\" class=\"wps-pgfw-pdf-generate-icon__wrapper-frontend\">\n\t\t<a  href=\"https:\/\/ikasougou.com\/ikaseliba\/wp-json\/wp\/v2\/product\/510?action=genpdf&amp;id=510\" class=\"pgfw-single-pdf-download-button\" ><img src=\"https:\/\/ikasougou.com\/ikaseliba\/wp-content\/plugins\/pdf-generator-for-wp\/admin\/src\/images\/PDF_Tray.svg\" title=\"G\u00e9n\u00e9rer un PDF\" style=\"width:auto; height:45px;\"><\/a>\n\t\t<\/div>","protected":false},"excerpt":{"rendered":"<p>Ingr\u00e9dients \/ Composition Eau, pur\u00e9e de banane 36%, sucre, acidifiant : acide citrique, antioxydant : acide ascorbique. Pr\u00e9sentation du produit Nous travaillons sinc\u00e8rement \u00e0 traquer les ingr\u00e9dients superflus et \u00e0 r\u00e9duire nos emballages pour vous proposer des produits bons et simples<\/p>\n","protected":false},"featured_media":561,"comment_status":"open","ping_status":"closed","template":"","meta":{"jetpack_publicize_message":"","jetpack_publicize_feature_enabled":true,"jetpack_social_post_already_shared":false,"jetpack_social_options":{"image_generator_settings":{"template":"highway","default_image_id":0,"font":"","enabled":false},"version":2}},"product_brand":[],"product_cat":[187,199,186],"product_tag":[235,250,72,78,209,251],"class_list":{"0":"post-510","1":"product","2":"type-product","3":"status-publish","4":"has-post-thumbnail","6":"product_cat-boissons-alimentaire","7":"product_cat-fruits-et-legumes","8":"product_cat-alimentaires","9":"product_tag-1l","10":"product_tag-b-f","11":"product_tag-bamako","12":"product_tag-mali","13":"product_tag-nakara","14":"product_tag-nectar-de-banane","16":"first","17":"instock","18":"shipping-taxable","19":"purchasable","20":"product-type-simple"},"ams_default_variation_id":0,"ams_product_points_reward":[],"ams_product_discount_percentage":0,"ams_price_to_display":2000,"aioseo_notices":[],"ams_acf":[],"jetpack_publicize_connections":[],"jetpack-related-posts":[],"jetpack_sharing_enabled":true,"jetpack_likes_enabled":true,"_links":{"self":[{"href":"https:\/\/ikasougou.com\/ikaseliba\/wp-json\/wp\/v2\/product\/510","targetHints":{"allow":["GET"]}}],"collection":[{"href":"https:\/\/ikasougou.com\/ikaseliba\/wp-json\/wp\/v2\/product"}],"about":[{"href":"https:\/\/ikasougou.com\/ikaseliba\/wp-json\/wp\/v2\/types\/product"}],"replies":[{"embeddable":true,"href":"https:\/\/ikasougou.com\/ikaseliba\/wp-json\/wp\/v2\/comments?post=510"}],"wp:featuredmedia":[{"embeddable":true,"href":"https:\/\/ikasougou.com\/ikaseliba\/wp-json\/wp\/v2\/media\/561"}],"wp:attachment":[{"href":"https:\/\/ikasougou.com\/ikaseliba\/wp-json\/wp\/v2\/media?parent=510"}],"wp:term":[{"taxonomy":"product_brand","embeddable":true,"href":"https:\/\/ikasougou.com\/ikaseliba\/wp-json\/wp\/v2\/product_brand?post=510"},{"taxonomy":"product_cat","embeddable":true,"href":"https:\/\/ikasougou.com\/ikaseliba\/wp-json\/wp\/v2\/product_cat?post=510"},{"taxonomy":"product_tag","embeddable":true,"href":"https:\/\/ikasougou.com\/ikaseliba\/wp-json\/wp\/v2\/product_tag?post=510"}],"curies":[{"name":"wp","href":"https:\/\/api.w.org\/{rel}","templated":true}]}}