{"id":576,"date":"2021-07-02T18:01:27","date_gmt":"2021-07-02T16:01:27","guid":{"rendered":"https:\/\/ikasougou.com\/ikaseliba\/?post_type=product&#038;p=576"},"modified":"2021-07-03T13:29:42","modified_gmt":"2021-07-03T11:29:42","slug":"pepsi-same-great-355ml","status":"publish","type":"product","link":"https:\/\/ikasougou.com\/ikaseliba\/produit\/pepsi-same-great-355ml\/","title":{"rendered":"Pepsi Same Great 355ml"},"content":{"rendered":"<p>La boisson gazeuse Pepsi\u00ae est un cola audacieux, rafra\u00eechissant et robuste. Parfait pour les f\u00eates, les repas et les c\u00e9l\u00e9brations, grandes et petites. Ce paquet de 12 canettes de 355 mL est id\u00e9al \u00e0 partager avec la famille et les amis.<br \/>\n\u2022Pepsi\u00ae Cola<br \/>\n\u2022Cola audacieux, rafra\u00eechissant et savoureux.<br \/>\n\u2022Parfait pour toute occasion ou c\u00e9l\u00e9bration.<br \/>\n\u2022L&#8217;emballage de 12 canettes de 355 mL est id\u00e9al pour partager avec la famille et les amis.<\/p>\n<div style=\"display:flex; gap:10px;justify-content:center\" class=\"wps-pgfw-pdf-generate-icon__wrapper-frontend\">\n\t\t<a  href=\"https:\/\/ikasougou.com\/ikaseliba\/wp-json\/wp\/v2\/product\/576?action=genpdf&amp;id=576\" class=\"pgfw-single-pdf-download-button\" ><img src=\"https:\/\/ikasougou.com\/ikaseliba\/wp-content\/plugins\/pdf-generator-for-wp\/admin\/src\/images\/PDF_Tray.svg\" title=\"G\u00e9n\u00e9rer un PDF\" style=\"width:auto; height:45px;\"><\/a>\n\t\t<\/div>","protected":false},"excerpt":{"rendered":"<p>La boisson gazeuse Pepsi\u00ae est un cola audacieux, rafra\u00eechissant et robuste. Parfait pour les f\u00eates, les repas et les c\u00e9l\u00e9brations, grandes et petites. Ce paquet de 12 canettes de 355 mL est id\u00e9al \u00e0 partager avec la famille et les amis. \u2022Pepsi\u00ae Cola \u2022Cola audacieux, rafra\u00eechissant et savoureux. \u2022Parfait pour toute occasion ou c\u00e9l\u00e9bration. \u2022L&#8217;emballage [&#8230;]\n","protected":false},"featured_media":625,"comment_status":"open","ping_status":"closed","template":"","meta":{"jetpack_publicize_message":"","jetpack_publicize_feature_enabled":true,"jetpack_social_post_already_shared":false,"jetpack_social_options":{"image_generator_settings":{"template":"highway","default_image_id":0,"font":"","enabled":false},"version":2}},"product_brand":[],"product_cat":[187,186],"product_tag":[72,78,209,293,294],"class_list":{"0":"post-576","1":"product","2":"type-product","3":"status-publish","4":"has-post-thumbnail","6":"product_cat-boissons-alimentaire","7":"product_cat-alimentaires","8":"product_tag-bamako","9":"product_tag-mali","10":"product_tag-nakara","11":"product_tag-pepsi","12":"product_tag-same-great","14":"first","15":"instock","16":"shipping-taxable","17":"purchasable","18":"product-type-simple"},"ams_default_variation_id":0,"ams_product_points_reward":[],"ams_product_discount_percentage":0,"ams_price_to_display":500,"aioseo_notices":[],"ams_acf":[],"jetpack_publicize_connections":[],"jetpack-related-posts":[],"jetpack_sharing_enabled":true,"jetpack_likes_enabled":true,"_links":{"self":[{"href":"https:\/\/ikasougou.com\/ikaseliba\/wp-json\/wp\/v2\/product\/576","targetHints":{"allow":["GET"]}}],"collection":[{"href":"https:\/\/ikasougou.com\/ikaseliba\/wp-json\/wp\/v2\/product"}],"about":[{"href":"https:\/\/ikasougou.com\/ikaseliba\/wp-json\/wp\/v2\/types\/product"}],"replies":[{"embeddable":true,"href":"https:\/\/ikasougou.com\/ikaseliba\/wp-json\/wp\/v2\/comments?post=576"}],"wp:featuredmedia":[{"embeddable":true,"href":"https:\/\/ikasougou.com\/ikaseliba\/wp-json\/wp\/v2\/media\/625"}],"wp:attachment":[{"href":"https:\/\/ikasougou.com\/ikaseliba\/wp-json\/wp\/v2\/media?parent=576"}],"wp:term":[{"taxonomy":"product_brand","embeddable":true,"href":"https:\/\/ikasougou.com\/ikaseliba\/wp-json\/wp\/v2\/product_brand?post=576"},{"taxonomy":"product_cat","embeddable":true,"href":"https:\/\/ikasougou.com\/ikaseliba\/wp-json\/wp\/v2\/product_cat?post=576"},{"taxonomy":"product_tag","embeddable":true,"href":"https:\/\/ikasougou.com\/ikaseliba\/wp-json\/wp\/v2\/product_tag?post=576"}],"curies":[{"name":"wp","href":"https:\/\/api.w.org\/{rel}","templated":true}]}}