{"id":577,"date":"2021-07-02T18:01:27","date_gmt":"2021-07-02T16:01:27","guid":{"rendered":"https:\/\/ikasougou.com\/ikaseliba\/?post_type=product&#038;p=577"},"modified":"2021-07-03T13:29:42","modified_gmt":"2021-07-03T11:29:42","slug":"sprite-355ml","status":"publish","type":"product","link":"https:\/\/ikasougou.com\/ikaseliba\/produit\/sprite-355ml\/","title":{"rendered":"Sprite &#8211; 355mL"},"content":{"rendered":"<div class=\"col-12\">\n<div id=\"product_description\" class=\"product-details\">\n<div class=\"product-details__content\">\n<p>Profitez du rafra\u00eechissement clair citron-lime de Sprite avec son go\u00fbt croquant, propre et d\u00e9licieux. Il apaise votre soif et se marie bien avec une vari\u00e9t\u00e9 d&#8217;aliments, en particulier avec des aliments \u00e9pic\u00e9s. Il est fait avec des ar\u00f4mes 100% naturels, sans couleur ni caf\u00e9ine.<\/p>\n<ul class=\"list--default product-details__list\">\n<li class=\"product-details__list-item mb-2\">Apportez \u00e0 la maison la saveur citron-citron authentique, claire et rafra\u00eechissante du Sprite<\/li>\n<li class=\"product-details__list-item mb-2\">Fait avec des saveurs 100% naturelles, sans caf\u00e9ine et sans conservateurs pour que vous obteniez une saveur compl\u00e8te \u00e0 chaque gorg\u00e9e<\/li>\n<li class=\"product-details__list-item mb-2\">Paquet de 12<\/li>\n<\/ul>\n<\/div>\n<\/div>\n<\/div>\n<div class=\"col-12 product-specifications mt-4 pt-4\" data-specification-columns=\"1\"><\/div>\n<div style=\"display:flex; gap:10px;justify-content:center\" class=\"wps-pgfw-pdf-generate-icon__wrapper-frontend\">\n\t\t<a  href=\"https:\/\/ikasougou.com\/ikaseliba\/wp-json\/wp\/v2\/product\/577?action=genpdf&amp;id=577\" class=\"pgfw-single-pdf-download-button\" ><img src=\"https:\/\/ikasougou.com\/ikaseliba\/wp-content\/plugins\/pdf-generator-for-wp\/admin\/src\/images\/PDF_Tray.svg\" title=\"G\u00e9n\u00e9rer un PDF\" style=\"width:auto; height:45px;\"><\/a>\n\t\t<\/div>","protected":false},"excerpt":{"rendered":"<p>Profitez du rafra\u00eechissement clair citron-lime de Sprite avec son go\u00fbt croquant, propre et d\u00e9licieux. Il apaise votre soif et se marie bien avec une vari\u00e9t\u00e9 d&#8217;aliments, en particulier avec des aliments \u00e9pic\u00e9s. Il est fait avec des ar\u00f4mes 100% naturels, sans couleur ni caf\u00e9ine. Apportez \u00e0 la maison la saveur citron-citron authentique, claire et rafra\u00eechissante [&#8230;]\n","protected":false},"featured_media":626,"comment_status":"open","ping_status":"closed","template":"","meta":{"jetpack_publicize_message":"","jetpack_publicize_feature_enabled":true,"jetpack_social_post_already_shared":false,"jetpack_social_options":{"image_generator_settings":{"template":"highway","default_image_id":0,"font":"","enabled":false},"version":2}},"product_brand":[],"product_cat":[187,186],"product_tag":[72,78,209,295],"class_list":{"0":"post-577","1":"product","2":"type-product","3":"status-publish","4":"has-post-thumbnail","6":"product_cat-boissons-alimentaire","7":"product_cat-alimentaires","8":"product_tag-bamako","9":"product_tag-mali","10":"product_tag-nakara","11":"product_tag-sprite","13":"first","14":"instock","15":"shipping-taxable","16":"purchasable","17":"product-type-simple"},"ams_default_variation_id":0,"ams_product_points_reward":[],"ams_product_discount_percentage":0,"ams_price_to_display":500,"aioseo_notices":[],"ams_acf":[],"jetpack_publicize_connections":[],"jetpack-related-posts":[],"jetpack_sharing_enabled":true,"jetpack_likes_enabled":true,"_links":{"self":[{"href":"https:\/\/ikasougou.com\/ikaseliba\/wp-json\/wp\/v2\/product\/577","targetHints":{"allow":["GET"]}}],"collection":[{"href":"https:\/\/ikasougou.com\/ikaseliba\/wp-json\/wp\/v2\/product"}],"about":[{"href":"https:\/\/ikasougou.com\/ikaseliba\/wp-json\/wp\/v2\/types\/product"}],"replies":[{"embeddable":true,"href":"https:\/\/ikasougou.com\/ikaseliba\/wp-json\/wp\/v2\/comments?post=577"}],"wp:featuredmedia":[{"embeddable":true,"href":"https:\/\/ikasougou.com\/ikaseliba\/wp-json\/wp\/v2\/media\/626"}],"wp:attachment":[{"href":"https:\/\/ikasougou.com\/ikaseliba\/wp-json\/wp\/v2\/media?parent=577"}],"wp:term":[{"taxonomy":"product_brand","embeddable":true,"href":"https:\/\/ikasougou.com\/ikaseliba\/wp-json\/wp\/v2\/product_brand?post=577"},{"taxonomy":"product_cat","embeddable":true,"href":"https:\/\/ikasougou.com\/ikaseliba\/wp-json\/wp\/v2\/product_cat?post=577"},{"taxonomy":"product_tag","embeddable":true,"href":"https:\/\/ikasougou.com\/ikaseliba\/wp-json\/wp\/v2\/product_tag?post=577"}],"curies":[{"name":"wp","href":"https:\/\/api.w.org\/{rel}","templated":true}]}}