{"id":608,"date":"2021-07-02T18:02:17","date_gmt":"2021-07-02T16:02:17","guid":{"rendered":"https:\/\/ikasougou.com\/ikaseliba\/?post_type=product&#038;p=608"},"modified":"2022-01-17T12:24:18","modified_gmt":"2022-01-17T11:24:18","slug":"la-jardiniere-vinaigre-0-33l","status":"publish","type":"product","link":"https:\/\/ikasougou.com\/ikaseliba\/produit\/la-jardiniere-vinaigre-0-33l\/","title":{"rendered":"La jardini\u00e8re Vinaigre 0.33l"},"content":{"rendered":"<p>Le vinaigre blanc, aussi appel\u00e9 vinaigre d\u2019alcool ou vinaigre de cristal, est un produit naturel tr\u00e8s ancien puisqu\u2019il \u00e9tait d\u00e9j\u00e0 utilis\u00e9 depuis l\u2019Antiquit\u00e9. Initialement, il \u00e9tait fabriqu\u00e9 \u00e0 la maison \u00e0 partir de restes de boissons alcoolis\u00e9es, souvent du vin. Il \u00e9tait alors r\u00e9alis\u00e9 dans un r\u00e9cipient d\u00e9di\u00e9 \u00e0 cet usage, le vinaigrier. Aujourd\u2019hui, les vinaigres sont fabriqu\u00e9s dans des grandes cuves, en moins de 24h.<\/p>\n<div style=\"display:flex; gap:10px;justify-content:center\" class=\"wps-pgfw-pdf-generate-icon__wrapper-frontend\">\n\t\t<a  href=\"https:\/\/ikasougou.com\/ikaseliba\/wp-json\/wp\/v2\/product\/608?action=genpdf&amp;id=608\" class=\"pgfw-single-pdf-download-button\" ><img src=\"https:\/\/ikasougou.com\/ikaseliba\/wp-content\/plugins\/pdf-generator-for-wp\/admin\/src\/images\/PDF_Tray.svg\" title=\"G\u00e9n\u00e9rer un PDF\" style=\"width:auto; height:45px;\"><\/a>\n\t\t<\/div>","protected":false},"excerpt":{"rendered":"<p>Le vinaigre blanc, aussi appel\u00e9 vinaigre d\u2019alcool ou vinaigre de cristal, est un produit naturel tr\u00e8s ancien puisqu\u2019il \u00e9tait d\u00e9j\u00e0 utilis\u00e9 depuis l\u2019Antiquit\u00e9. Initialement, il \u00e9tait fabriqu\u00e9 \u00e0 la maison \u00e0 partir de restes de boissons alcoolis\u00e9es, souvent du vin. Il \u00e9tait alors r\u00e9alis\u00e9 dans un r\u00e9cipient d\u00e9di\u00e9 \u00e0 cet usage, le vinaigrier. Aujourd\u2019hui, les [&#8230;]\n","protected":false},"featured_media":649,"comment_status":"open","ping_status":"closed","template":"","meta":{"jetpack_publicize_message":"","jetpack_publicize_feature_enabled":true,"jetpack_social_post_already_shared":false,"jetpack_social_options":{"image_generator_settings":{"template":"highway","default_image_id":0,"font":"","enabled":false},"version":2}},"product_brand":[],"product_cat":[314,186],"product_tag":[72,320,78,209,321],"class_list":{"0":"post-608","1":"product","2":"type-product","3":"status-publish","4":"has-post-thumbnail","6":"product_cat-produits-made-in-mali","7":"product_cat-alimentaires","8":"product_tag-bamako","9":"product_tag-la-jardiniere","10":"product_tag-mali","11":"product_tag-nakara","12":"product_tag-vinaigre","14":"first","15":"instock","16":"shipping-taxable","17":"purchasable","18":"product-type-simple"},"ams_default_variation_id":0,"ams_product_points_reward":[],"ams_product_discount_percentage":0,"ams_price_to_display":300,"aioseo_notices":[],"ams_acf":[],"jetpack_publicize_connections":[],"jetpack-related-posts":[],"jetpack_sharing_enabled":true,"jetpack_likes_enabled":true,"_links":{"self":[{"href":"https:\/\/ikasougou.com\/ikaseliba\/wp-json\/wp\/v2\/product\/608","targetHints":{"allow":["GET"]}}],"collection":[{"href":"https:\/\/ikasougou.com\/ikaseliba\/wp-json\/wp\/v2\/product"}],"about":[{"href":"https:\/\/ikasougou.com\/ikaseliba\/wp-json\/wp\/v2\/types\/product"}],"replies":[{"embeddable":true,"href":"https:\/\/ikasougou.com\/ikaseliba\/wp-json\/wp\/v2\/comments?post=608"}],"wp:featuredmedia":[{"embeddable":true,"href":"https:\/\/ikasougou.com\/ikaseliba\/wp-json\/wp\/v2\/media\/649"}],"wp:attachment":[{"href":"https:\/\/ikasougou.com\/ikaseliba\/wp-json\/wp\/v2\/media?parent=608"}],"wp:term":[{"taxonomy":"product_brand","embeddable":true,"href":"https:\/\/ikasougou.com\/ikaseliba\/wp-json\/wp\/v2\/product_brand?post=608"},{"taxonomy":"product_cat","embeddable":true,"href":"https:\/\/ikasougou.com\/ikaseliba\/wp-json\/wp\/v2\/product_cat?post=608"},{"taxonomy":"product_tag","embeddable":true,"href":"https:\/\/ikasougou.com\/ikaseliba\/wp-json\/wp\/v2\/product_tag?post=608"}],"curies":[{"name":"wp","href":"https:\/\/api.w.org\/{rel}","templated":true}]}}