{"id":841,"date":"2022-06-29T15:47:13","date_gmt":"2022-06-29T13:47:13","guid":{"rendered":"https:\/\/ikasougou.com\/ikaseliba\/?post_type=product&#038;p=841"},"modified":"2022-07-04T18:36:05","modified_gmt":"2022-07-04T16:36:05","slug":"basket-noire-semelle-blanche","status":"publish","type":"product","link":"https:\/\/ikasougou.com\/ikaseliba\/produit\/basket-noire-semelle-blanche\/","title":{"rendered":"Converse Noire Semelle blanche"},"content":{"rendered":"<p>Ce mod\u00e8le fa\u00e7on converse est une paire de baskets en toile noire pour fille et gar\u00e7on. Son int\u00e9rieur textile offre a\u00e9ration et confort, tandis que sa semelle en caoutchouc assure une bonne flexibilit\u00e9 de la chaussure. Il maintient le pied tout en \u00e9tant ludique gr\u00e2ce \u00e0 sa fermeture \u00e0 lacets. Faites plaisir \u00e0 vos enfants pour cette f\u00eate!<\/p>\n<div style=\"display:flex; gap:10px;justify-content:center\" class=\"wps-pgfw-pdf-generate-icon__wrapper-frontend\">\n\t\t<a  href=\"https:\/\/ikasougou.com\/ikaseliba\/wp-json\/wp\/v2\/product\/841?action=genpdf&amp;id=841\" class=\"pgfw-single-pdf-download-button\" ><img src=\"https:\/\/ikasougou.com\/ikaseliba\/wp-content\/plugins\/pdf-generator-for-wp\/admin\/src\/images\/PDF_Tray.svg\" title=\"G\u00e9n\u00e9rer un PDF\" style=\"width:auto; height:45px;\"><\/a>\n\t\t<\/div>","protected":false},"excerpt":{"rendered":"<p>Ce mod\u00e8le fa\u00e7on converse est une paire de baskets en toile noire pour fille et gar\u00e7on. Son int\u00e9rieur textile offre a\u00e9ration et confort, tandis que sa semelle en caoutchouc assure une bonne flexibilit\u00e9 de la chaussure. Il maintient le pied tout en \u00e9tant ludique gr\u00e2ce \u00e0 sa fermeture \u00e0 lacets. Faites plaisir \u00e0 vos enfants [&#8230;]\n","protected":false},"featured_media":874,"comment_status":"open","ping_status":"closed","template":"","meta":{"jetpack_publicize_message":"","jetpack_publicize_feature_enabled":true,"jetpack_social_post_already_shared":true,"jetpack_social_options":{"image_generator_settings":{"template":"highway","default_image_id":0,"font":"","enabled":false},"version":2}},"product_brand":[],"product_cat":[399],"product_tag":[],"class_list":{"0":"post-841","1":"product","2":"type-product","3":"status-publish","4":"has-post-thumbnail","6":"product_cat-accessoires-de-mode","8":"first","9":"instock","10":"shipping-taxable","11":"purchasable","12":"product-type-simple"},"ams_default_variation_id":0,"ams_product_points_reward":[],"ams_product_discount_percentage":0,"ams_price_to_display":7500,"aioseo_notices":[],"ams_acf":[],"jetpack_publicize_connections":[],"jetpack-related-posts":[],"jetpack_sharing_enabled":true,"jetpack_likes_enabled":true,"_links":{"self":[{"href":"https:\/\/ikasougou.com\/ikaseliba\/wp-json\/wp\/v2\/product\/841","targetHints":{"allow":["GET"]}}],"collection":[{"href":"https:\/\/ikasougou.com\/ikaseliba\/wp-json\/wp\/v2\/product"}],"about":[{"href":"https:\/\/ikasougou.com\/ikaseliba\/wp-json\/wp\/v2\/types\/product"}],"replies":[{"embeddable":true,"href":"https:\/\/ikasougou.com\/ikaseliba\/wp-json\/wp\/v2\/comments?post=841"}],"wp:featuredmedia":[{"embeddable":true,"href":"https:\/\/ikasougou.com\/ikaseliba\/wp-json\/wp\/v2\/media\/874"}],"wp:attachment":[{"href":"https:\/\/ikasougou.com\/ikaseliba\/wp-json\/wp\/v2\/media?parent=841"}],"wp:term":[{"taxonomy":"product_brand","embeddable":true,"href":"https:\/\/ikasougou.com\/ikaseliba\/wp-json\/wp\/v2\/product_brand?post=841"},{"taxonomy":"product_cat","embeddable":true,"href":"https:\/\/ikasougou.com\/ikaseliba\/wp-json\/wp\/v2\/product_cat?post=841"},{"taxonomy":"product_tag","embeddable":true,"href":"https:\/\/ikasougou.com\/ikaseliba\/wp-json\/wp\/v2\/product_tag?post=841"}],"curies":[{"name":"wp","href":"https:\/\/api.w.org\/{rel}","templated":true}]}}