{"id":898,"date":"2022-06-29T15:50:54","date_gmt":"2022-06-29T13:50:54","guid":{"rendered":"https:\/\/ikasougou.com\/ikaseliba\/?post_type=product&#038;p=898"},"modified":"2022-06-30T12:54:29","modified_gmt":"2022-06-30T10:54:29","slug":"pack-gold-10-grands-10-petits-05-sans-sucre","status":"publish","type":"product","link":"https:\/\/ikasougou.com\/ikaseliba\/produit\/pack-gold-10-grands-10-petits-05-sans-sucre\/","title":{"rendered":"Pack GOLD 10 Grands, 10 Petits, 05 sans Sucre"},"content":{"rendered":"<p>D\u00e9couvrez notre pack Gold pour le plaisir de toute la famille. Avec une mixit\u00e9 de parfums, vous b\u00e9n\u00e9ficiez de 10 pots de 400\u2009g, 10 pots de 125\u2009g et 5 pots de 250\u2009g(yaourt 100\u2009% nature).<br \/>\nUn pack en or pour un prix promotionnel de 10.000\u2009F !<\/p>\n<div style=\"display:flex; gap:10px;justify-content:center\" class=\"wps-pgfw-pdf-generate-icon__wrapper-frontend\">\n\t\t<a  href=\"https:\/\/ikasougou.com\/ikaseliba\/wp-json\/wp\/v2\/product\/898?action=genpdf&amp;id=898\" class=\"pgfw-single-pdf-download-button\" ><img src=\"https:\/\/ikasougou.com\/ikaseliba\/wp-content\/plugins\/pdf-generator-for-wp\/admin\/src\/images\/PDF_Tray.svg\" title=\"G\u00e9n\u00e9rer un PDF\" style=\"width:auto; height:45px;\"><\/a>\n\t\t<\/div>","protected":false},"excerpt":{"rendered":"<p>D\u00e9couvrez notre pack Gold pour le plaisir de toute la famille. Avec une mixit\u00e9 de parfums, vous b\u00e9n\u00e9ficiez de 10 pots de 400\u2009g, 10 pots de 125\u2009g et 5 pots de 250\u2009g(yaourt 100\u2009% nature). Un pack en or pour un prix promotionnel de 10.000\u2009F !<\/p>\n","protected":false},"featured_media":919,"comment_status":"open","ping_status":"closed","template":"","meta":{"jetpack_publicize_message":"","jetpack_publicize_feature_enabled":true,"jetpack_social_post_already_shared":true,"jetpack_social_options":{"image_generator_settings":{"template":"highway","default_image_id":0,"font":"","enabled":false},"version":2}},"product_brand":[],"product_cat":[217],"product_tag":[418,402,421],"class_list":{"0":"post-898","1":"product","2":"type-product","3":"status-publish","4":"has-post-thumbnail","6":"product_cat-rayon-frais-et-produits-laitiers-alimentaire","7":"product_tag-rempli-de-vitamines","8":"product_tag-sucre","9":"product_tag-yaourt-sucre","11":"first","12":"instock","13":"shipping-taxable","14":"purchasable","15":"product-type-simple"},"ams_default_variation_id":0,"ams_product_points_reward":[],"ams_product_discount_percentage":0,"ams_price_to_display":12000,"aioseo_notices":[],"ams_acf":[],"jetpack_publicize_connections":[],"jetpack-related-posts":[],"jetpack_sharing_enabled":true,"jetpack_likes_enabled":true,"_links":{"self":[{"href":"https:\/\/ikasougou.com\/ikaseliba\/wp-json\/wp\/v2\/product\/898","targetHints":{"allow":["GET"]}}],"collection":[{"href":"https:\/\/ikasougou.com\/ikaseliba\/wp-json\/wp\/v2\/product"}],"about":[{"href":"https:\/\/ikasougou.com\/ikaseliba\/wp-json\/wp\/v2\/types\/product"}],"replies":[{"embeddable":true,"href":"https:\/\/ikasougou.com\/ikaseliba\/wp-json\/wp\/v2\/comments?post=898"}],"wp:featuredmedia":[{"embeddable":true,"href":"https:\/\/ikasougou.com\/ikaseliba\/wp-json\/wp\/v2\/media\/919"}],"wp:attachment":[{"href":"https:\/\/ikasougou.com\/ikaseliba\/wp-json\/wp\/v2\/media?parent=898"}],"wp:term":[{"taxonomy":"product_brand","embeddable":true,"href":"https:\/\/ikasougou.com\/ikaseliba\/wp-json\/wp\/v2\/product_brand?post=898"},{"taxonomy":"product_cat","embeddable":true,"href":"https:\/\/ikasougou.com\/ikaseliba\/wp-json\/wp\/v2\/product_cat?post=898"},{"taxonomy":"product_tag","embeddable":true,"href":"https:\/\/ikasougou.com\/ikaseliba\/wp-json\/wp\/v2\/product_tag?post=898"}],"curies":[{"name":"wp","href":"https:\/\/api.w.org\/{rel}","templated":true}]}}