{"id":152,"date":"2022-01-17T17:35:38","date_gmt":"2022-01-17T16:35:38","guid":{"rendered":"https:\/\/ikasougou.com\/ikaselifitini\/sample-product\/12-bouteilles-de-boissons-gazeuse-planet\/"},"modified":"2022-04-20T18:51:17","modified_gmt":"2022-04-20T16:51:17","slug":"12-bouteilles-de-boissons-gazeuse-planet","status":"publish","type":"product","link":"https:\/\/ikasougou.com\/ikaselifitini\/produit\/12-bouteilles-de-boissons-gazeuse-planet\/","title":{"rendered":"12 Bouteilles de Boissons Gazeuse Planet"},"content":{"rendered":"<p>D\u00e9couvrez nos gammes de Boissons gazeuses de la marque Planet qui vous accompagnerons dans tous vos grands \u00e9v\u00e8nements (Mariages,\u00a0Bapt\u00eames, s\u00e9minaires&#8230;.).Son gout Fruit\u00e9 vous apporterons le rafraichissement n\u00e9cessaire pour satisfaire votre soif . Le Paquet est compos\u00e9 de plusieurs saveurs :<\/p>\n<p><img data-recalc-dims=\"1\" loading=\"lazy\" decoding=\"async\" class=\"alignnone size-medium wp-image-153\" src=\"https:\/\/i0.wp.com\/ikasougou.com\/ikaselifitini\/wp-content\/uploads\/sites\/88\/2022\/01\/NBB-PLANET.png?resize=300%2C279&#038;ssl=1\" alt=\"\" width=\"300\" height=\"279\" \/><\/p>\n<ul>\n<li>\n<h1><strong>Cocktail<\/strong><\/h1>\n<\/li>\n<li>\n<h1><strong>Ananas<\/strong><\/h1>\n<\/li>\n<li>\n<h1><strong>Orange<\/strong><\/h1>\n<\/li>\n<li>\n<h1><strong>Red Mix<\/strong><\/h1>\n<\/li>\n<li>\n<h1><strong>Pomme<\/strong><\/h1>\n<\/li>\n<\/ul>\n<p><img data-recalc-dims=\"1\" loading=\"lazy\" decoding=\"async\" class=\"alignnone size-medium wp-image-154\" src=\"https:\/\/i0.wp.com\/ikasougou.com\/ikaselifitini\/wp-content\/uploads\/sites\/88\/2022\/01\/PLANET-FRUIT.png?resize=300%2C214&#038;ssl=1\" alt=\"\" width=\"300\" height=\"214\" \/><\/p>\n<div style=\"display:flex; gap:10px;justify-content:center\" class=\"wps-pgfw-pdf-generate-icon__wrapper-frontend\">\n\t\t<a  href=\"https:\/\/ikasougou.com\/ikaselifitini\/wp-json\/wp\/v2\/product\/152?action=genpdf&amp;id=152\" class=\"pgfw-single-pdf-download-button\" ><img src=\"https:\/\/ikasougou.com\/ikaselifitini\/wp-content\/plugins\/pdf-generator-for-wp\/admin\/src\/images\/PDF_Tray.svg\" title=\"G\u00e9n\u00e9rer un PDF\" style=\"width:auto; height:45px;\"><\/a>\n\t\t<\/div>","protected":false},"excerpt":{"rendered":"<p>D\u00e9couvrez nos gammes de Boissons gazeuses de la marque Planet qui vous accompagnerons dans tous vos grands \u00e9v\u00e8nements (Mariages,\u00a0Bapt\u00eames, s\u00e9minaires&#8230;.).Son gout Fruit\u00e9 vous apporterons le rafraichissement n\u00e9cessaire pour satisfaire votre soif . Le Paquet est compos\u00e9 de plusieurs saveurs : Cocktail Ananas Orange Red Mix Pomme<\/p>\n","protected":false},"featured_media":154,"comment_status":"open","ping_status":"closed","template":"","meta":{"jetpack_publicize_message":"","jetpack_publicize_feature_enabled":true,"jetpack_social_post_already_shared":true,"jetpack_social_options":{"image_generator_settings":{"template":"highway","default_image_id":0,"font":"","enabled":false},"version":2}},"product_brand":[],"product_cat":[53,52],"product_tag":[59,60,20,61,62,21,63,64],"class_list":{"0":"post-152","1":"product","2":"type-product","3":"status-publish","4":"has-post-thumbnail","6":"product_cat-boissons","7":"product_cat-seli-doumini","8":"product_tag-12-bouteilles-de-boissons-gazeuse-planet","9":"product_tag-ananas","10":"product_tag-bamako","11":"product_tag-boissons-gazeuses","12":"product_tag-cocktail","13":"product_tag-mali","14":"product_tag-orange","15":"product_tag-red-mix-pomme","17":"first","18":"instock","19":"shipping-taxable","20":"purchasable","21":"product-type-variable"},"ams_default_variation_id":0,"ams_product_points_reward":[],"ams_product_discount_percentage":0,"ams_price_to_display":2000,"aioseo_notices":[],"ams_acf":[],"jetpack_publicize_connections":[],"jetpack-related-posts":[],"jetpack_sharing_enabled":true,"jetpack_likes_enabled":true,"_links":{"self":[{"href":"https:\/\/ikasougou.com\/ikaselifitini\/wp-json\/wp\/v2\/product\/152","targetHints":{"allow":["GET"]}}],"collection":[{"href":"https:\/\/ikasougou.com\/ikaselifitini\/wp-json\/wp\/v2\/product"}],"about":[{"href":"https:\/\/ikasougou.com\/ikaselifitini\/wp-json\/wp\/v2\/types\/product"}],"replies":[{"embeddable":true,"href":"https:\/\/ikasougou.com\/ikaselifitini\/wp-json\/wp\/v2\/comments?post=152"}],"wp:featuredmedia":[{"embeddable":true,"href":"https:\/\/ikasougou.com\/ikaselifitini\/wp-json\/wp\/v2\/media\/154"}],"wp:attachment":[{"href":"https:\/\/ikasougou.com\/ikaselifitini\/wp-json\/wp\/v2\/media?parent=152"}],"wp:term":[{"taxonomy":"product_brand","embeddable":true,"href":"https:\/\/ikasougou.com\/ikaselifitini\/wp-json\/wp\/v2\/product_brand?post=152"},{"taxonomy":"product_cat","embeddable":true,"href":"https:\/\/ikasougou.com\/ikaselifitini\/wp-json\/wp\/v2\/product_cat?post=152"},{"taxonomy":"product_tag","embeddable":true,"href":"https:\/\/ikasougou.com\/ikaselifitini\/wp-json\/wp\/v2\/product_tag?post=152"}],"curies":[{"name":"wp","href":"https:\/\/api.w.org\/{rel}","templated":true}]}}