{"id":1808,"date":"2022-04-20T15:28:13","date_gmt":"2022-04-20T13:28:13","guid":{"rendered":"https:\/\/ikasougou.com\/ikaselifitini\/?post_type=product&#038;p=1808"},"modified":"2022-04-20T15:37:22","modified_gmt":"2022-04-20T13:37:22","slug":"tunique-manches-evasees-en-dentelle","status":"publish","type":"product","link":"https:\/\/ikasougou.com\/ikaselifitini\/produit\/tunique-manches-evasees-en-dentelle\/","title":{"rendered":"Robe Manches \u00c9vas\u00e9es en Dentelle"},"content":{"rendered":"<p>Cette collection de grandes dames est compos\u00e9e de beaucoup de vari\u00e9t\u00e9s de magnifiques robes en coton que vous aimerez , \u00e0 coup s\u00fbr, avoir dans votre garde-robe. Des robes tr\u00e8s \u00e9l\u00e9gantes et chic, pr\u00eates \u00e0 \u00eatre port\u00e9es \u00e0 de divers occasions, telles que la f\u00eate de Ramadan qui s\u2019approche.<\/p>\n<div style=\"display:flex; gap:10px;justify-content:center\" class=\"wps-pgfw-pdf-generate-icon__wrapper-frontend\">\n\t\t<a  href=\"https:\/\/ikasougou.com\/ikaselifitini\/wp-json\/wp\/v2\/product\/1808?action=genpdf&amp;id=1808\" class=\"pgfw-single-pdf-download-button\" ><img src=\"https:\/\/ikasougou.com\/ikaselifitini\/wp-content\/plugins\/pdf-generator-for-wp\/admin\/src\/images\/PDF_Tray.svg\" title=\"G\u00e9n\u00e9rer un PDF\" style=\"width:auto; height:45px;\"><\/a>\n\t\t<\/div>","protected":false},"excerpt":{"rendered":"<p>Cette collection de grandes dames est compos\u00e9e de beaucoup de vari\u00e9t\u00e9s de magnifiques robes en coton que vous aimerez , \u00e0 coup s\u00fbr, avoir dans votre garde-robe. Des robes tr\u00e8s \u00e9l\u00e9gantes et chic, pr\u00eates \u00e0 \u00eatre port\u00e9es \u00e0 de divers occasions, telles que la f\u00eate de Ramadan qui s\u2019approche.<\/p>\n","protected":false},"featured_media":1815,"comment_status":"open","ping_status":"closed","template":"","meta":{"jetpack_publicize_message":"","jetpack_publicize_feature_enabled":true,"jetpack_social_post_already_shared":true,"jetpack_social_options":{"image_generator_settings":{"template":"highway","default_image_id":0,"font":"","enabled":false},"version":2}},"product_brand":[],"product_cat":[160],"product_tag":[161,162,164],"class_list":{"0":"post-1808","1":"product","2":"type-product","3":"status-publish","4":"has-post-thumbnail","6":"product_cat-robe-2","7":"product_tag-evase","8":"product_tag-manche","9":"product_tag-robe","11":"first","12":"instock","13":"shipping-taxable","14":"purchasable","15":"product-type-simple"},"ams_default_variation_id":0,"ams_product_points_reward":[],"ams_product_discount_percentage":0,"ams_price_to_display":50000,"aioseo_notices":[],"ams_acf":[],"jetpack_publicize_connections":[],"jetpack-related-posts":[],"jetpack_sharing_enabled":true,"jetpack_likes_enabled":true,"_links":{"self":[{"href":"https:\/\/ikasougou.com\/ikaselifitini\/wp-json\/wp\/v2\/product\/1808","targetHints":{"allow":["GET"]}}],"collection":[{"href":"https:\/\/ikasougou.com\/ikaselifitini\/wp-json\/wp\/v2\/product"}],"about":[{"href":"https:\/\/ikasougou.com\/ikaselifitini\/wp-json\/wp\/v2\/types\/product"}],"replies":[{"embeddable":true,"href":"https:\/\/ikasougou.com\/ikaselifitini\/wp-json\/wp\/v2\/comments?post=1808"}],"wp:featuredmedia":[{"embeddable":true,"href":"https:\/\/ikasougou.com\/ikaselifitini\/wp-json\/wp\/v2\/media\/1815"}],"wp:attachment":[{"href":"https:\/\/ikasougou.com\/ikaselifitini\/wp-json\/wp\/v2\/media?parent=1808"}],"wp:term":[{"taxonomy":"product_brand","embeddable":true,"href":"https:\/\/ikasougou.com\/ikaselifitini\/wp-json\/wp\/v2\/product_brand?post=1808"},{"taxonomy":"product_cat","embeddable":true,"href":"https:\/\/ikasougou.com\/ikaselifitini\/wp-json\/wp\/v2\/product_cat?post=1808"},{"taxonomy":"product_tag","embeddable":true,"href":"https:\/\/ikasougou.com\/ikaselifitini\/wp-json\/wp\/v2\/product_tag?post=1808"}],"curies":[{"name":"wp","href":"https:\/\/api.w.org\/{rel}","templated":true}]}}