{"id":189,"date":"2022-04-20T12:51:13","date_gmt":"2022-04-20T10:51:13","guid":{"rendered":"https:\/\/ikasougou.com\/ikaselifitini\/?post_type=product&#038;p=189"},"modified":"2022-04-29T11:16:36","modified_gmt":"2022-04-29T09:16:36","slug":"20-yaourts-fruits-exotiques-125g","status":"publish","type":"product","link":"https:\/\/ikasougou.com\/ikaselifitini\/produit\/20-yaourts-fruits-exotiques-125g\/","title":{"rendered":"20 Yaourts Fruits \u00c9xotiques 125g"},"content":{"rendered":"<p>D\u00e9couvrez les yaourts Harry D\u00e9lices, 100\u00b0\/\u00b0 lait entier malien, aux fruits et yaourt nature, pour satisfaire tous les go\u00fbts ! Un mix gourmand de bons fruits et d&#8217;un yaourt onctueux pour un maximum de plaisir \u00e0 partager en famille !<\/p>\n<div style=\"display:flex; gap:10px;justify-content:center\" class=\"wps-pgfw-pdf-generate-icon__wrapper-frontend\">\n\t\t<a  href=\"https:\/\/ikasougou.com\/ikaselifitini\/wp-json\/wp\/v2\/product\/189?action=genpdf&amp;id=189\" class=\"pgfw-single-pdf-download-button\" ><img src=\"https:\/\/ikasougou.com\/ikaselifitini\/wp-content\/plugins\/pdf-generator-for-wp\/admin\/src\/images\/PDF_Tray.svg\" title=\"G\u00e9n\u00e9rer un PDF\" style=\"width:auto; height:45px;\"><\/a>\n\t\t<\/div>","protected":false},"excerpt":{"rendered":"<p>D\u00e9couvrez les yaourts Harry D\u00e9lices, 100\u00b0\/\u00b0 lait entier malien, aux fruits et yaourt nature, pour satisfaire tous les go\u00fbts ! Un mix gourmand de bons fruits et d&#8217;un yaourt onctueux pour un maximum de plaisir \u00e0 partager en famille !<\/p>\n","protected":false},"featured_media":211,"comment_status":"open","ping_status":"closed","template":"","meta":{"jetpack_publicize_message":"","jetpack_publicize_feature_enabled":true,"jetpack_social_post_already_shared":true,"jetpack_social_options":{"image_generator_settings":{"template":"highway","default_image_id":0,"font":"","enabled":false},"version":2}},"product_brand":[],"product_cat":[84,52],"product_tag":[79,80,73],"class_list":{"0":"post-189","1":"product","2":"type-product","3":"status-publish","4":"has-post-thumbnail","6":"product_cat-pack","7":"product_cat-seli-doumini","8":"product_tag-exotique","9":"product_tag-fruits","10":"product_tag-yaourt","12":"first","13":"instock","14":"shipping-taxable","15":"purchasable","16":"product-type-simple"},"ams_default_variation_id":0,"ams_product_points_reward":[],"ams_product_discount_percentage":0,"ams_price_to_display":5000,"aioseo_notices":[],"ams_acf":[],"jetpack_publicize_connections":[],"jetpack-related-posts":[],"jetpack_sharing_enabled":true,"jetpack_likes_enabled":true,"_links":{"self":[{"href":"https:\/\/ikasougou.com\/ikaselifitini\/wp-json\/wp\/v2\/product\/189","targetHints":{"allow":["GET"]}}],"collection":[{"href":"https:\/\/ikasougou.com\/ikaselifitini\/wp-json\/wp\/v2\/product"}],"about":[{"href":"https:\/\/ikasougou.com\/ikaselifitini\/wp-json\/wp\/v2\/types\/product"}],"replies":[{"embeddable":true,"href":"https:\/\/ikasougou.com\/ikaselifitini\/wp-json\/wp\/v2\/comments?post=189"}],"wp:featuredmedia":[{"embeddable":true,"href":"https:\/\/ikasougou.com\/ikaselifitini\/wp-json\/wp\/v2\/media\/211"}],"wp:attachment":[{"href":"https:\/\/ikasougou.com\/ikaselifitini\/wp-json\/wp\/v2\/media?parent=189"}],"wp:term":[{"taxonomy":"product_brand","embeddable":true,"href":"https:\/\/ikasougou.com\/ikaselifitini\/wp-json\/wp\/v2\/product_brand?post=189"},{"taxonomy":"product_cat","embeddable":true,"href":"https:\/\/ikasougou.com\/ikaselifitini\/wp-json\/wp\/v2\/product_cat?post=189"},{"taxonomy":"product_tag","embeddable":true,"href":"https:\/\/ikasougou.com\/ikaselifitini\/wp-json\/wp\/v2\/product_tag?post=189"}],"curies":[{"name":"wp","href":"https:\/\/api.w.org\/{rel}","templated":true}]}}