{"id":192,"date":"2022-04-20T12:51:14","date_gmt":"2022-04-20T10:51:14","guid":{"rendered":"https:\/\/ikasougou.com\/ikaselifitini\/?post_type=product&#038;p=192"},"modified":"2022-04-29T11:16:36","modified_gmt":"2022-04-29T09:16:36","slug":"20-yaourts-banane-400g","status":"publish","type":"product","link":"https:\/\/ikasougou.com\/ikaselifitini\/produit\/20-yaourts-banane-400g\/","title":{"rendered":"20 Yaourts Banane 400g"},"content":{"rendered":"<p>Le Yaourt saveur Vanille Banane Harry D\u00e9lices, au go\u00fbt ferme et fondant \u00e0 la fois, dispose d\u2019ingr\u00e9dients 100\u2009% d\u2019origine naturelle, pour une belle croissance de nos tout petits et aussi un renforcement immunitaire chez les grands !<\/p>\n<div style=\"display:flex; gap:10px;justify-content:center\" class=\"wps-pgfw-pdf-generate-icon__wrapper-frontend\">\n\t\t<a  href=\"https:\/\/ikasougou.com\/ikaselifitini\/wp-json\/wp\/v2\/product\/192?action=genpdf&amp;id=192\" class=\"pgfw-single-pdf-download-button\" ><img src=\"https:\/\/ikasougou.com\/ikaselifitini\/wp-content\/plugins\/pdf-generator-for-wp\/admin\/src\/images\/PDF_Tray.svg\" title=\"G\u00e9n\u00e9rer un PDF\" style=\"width:auto; height:45px;\"><\/a>\n\t\t<\/div>","protected":false},"excerpt":{"rendered":"<p>Le Yaourt saveur Vanille Banane Harry D\u00e9lices, au go\u00fbt ferme et fondant \u00e0 la fois, dispose d\u2019ingr\u00e9dients 100\u2009% d\u2019origine naturelle, pour une belle croissance de nos tout petits et aussi un renforcement immunitaire chez les grands !<\/p>\n","protected":false},"featured_media":214,"comment_status":"open","ping_status":"closed","template":"","meta":{"jetpack_publicize_message":"","jetpack_publicize_feature_enabled":true,"jetpack_social_post_already_shared":true,"jetpack_social_options":{"image_generator_settings":{"template":"highway","default_image_id":0,"font":"","enabled":false},"version":2}},"product_brand":[],"product_cat":[84,52],"product_tag":[75,82,73],"class_list":{"0":"post-192","1":"product","2":"type-product","3":"status-publish","4":"has-post-thumbnail","6":"product_cat-pack","7":"product_cat-seli-doumini","8":"product_tag-banane","9":"product_tag-saveur","10":"product_tag-yaourt","12":"first","13":"instock","14":"shipping-taxable","15":"purchasable","16":"product-type-simple"},"ams_default_variation_id":0,"ams_product_points_reward":[],"ams_product_discount_percentage":0,"ams_price_to_display":14000,"aioseo_notices":[],"ams_acf":[],"jetpack_publicize_connections":[],"jetpack-related-posts":[],"jetpack_sharing_enabled":true,"jetpack_likes_enabled":true,"_links":{"self":[{"href":"https:\/\/ikasougou.com\/ikaselifitini\/wp-json\/wp\/v2\/product\/192","targetHints":{"allow":["GET"]}}],"collection":[{"href":"https:\/\/ikasougou.com\/ikaselifitini\/wp-json\/wp\/v2\/product"}],"about":[{"href":"https:\/\/ikasougou.com\/ikaselifitini\/wp-json\/wp\/v2\/types\/product"}],"replies":[{"embeddable":true,"href":"https:\/\/ikasougou.com\/ikaselifitini\/wp-json\/wp\/v2\/comments?post=192"}],"wp:featuredmedia":[{"embeddable":true,"href":"https:\/\/ikasougou.com\/ikaselifitini\/wp-json\/wp\/v2\/media\/214"}],"wp:attachment":[{"href":"https:\/\/ikasougou.com\/ikaselifitini\/wp-json\/wp\/v2\/media?parent=192"}],"wp:term":[{"taxonomy":"product_brand","embeddable":true,"href":"https:\/\/ikasougou.com\/ikaselifitini\/wp-json\/wp\/v2\/product_brand?post=192"},{"taxonomy":"product_cat","embeddable":true,"href":"https:\/\/ikasougou.com\/ikaselifitini\/wp-json\/wp\/v2\/product_cat?post=192"},{"taxonomy":"product_tag","embeddable":true,"href":"https:\/\/ikasougou.com\/ikaselifitini\/wp-json\/wp\/v2\/product_tag?post=192"}],"curies":[{"name":"wp","href":"https:\/\/api.w.org\/{rel}","templated":true}]}}