{"id":1986,"date":"2022-04-29T17:24:47","date_gmt":"2022-04-29T15:24:47","guid":{"rendered":"https:\/\/ikasougou.com\/ikaselifitini\/?post_type=product&#038;p=1986"},"modified":"2022-07-04T11:52:23","modified_gmt":"2022-07-04T09:52:23","slug":"chapeau-1er-ministre-3","status":"publish","type":"product","link":"https:\/\/ikasougou.com\/ikaselifitini\/produit\/chapeau-1er-ministre-3\/","title":{"rendered":"Chapeau 1er MINISTRE"},"content":{"rendered":"<p>Accompagnez \u00e9l\u00e9gamment vos tenues traditionnelles avec le chapeau 1er Ministre pendant vos c\u00e9r\u00e9monies traditionnelles et religieuses.<\/p>\n<div style=\"display:flex; gap:10px;justify-content:center\" class=\"wps-pgfw-pdf-generate-icon__wrapper-frontend\">\n\t\t<a  href=\"https:\/\/ikasougou.com\/ikaselifitini\/wp-json\/wp\/v2\/product\/1986?action=genpdf&amp;id=1986\" class=\"pgfw-single-pdf-download-button\" ><img src=\"https:\/\/ikasougou.com\/ikaselifitini\/wp-content\/plugins\/pdf-generator-for-wp\/admin\/src\/images\/PDF_Tray.svg\" title=\"G\u00e9n\u00e9rer un PDF\" style=\"width:auto; height:45px;\"><\/a>\n\t\t<\/div>","protected":false},"excerpt":{"rendered":"<p>Accompagnez \u00e9l\u00e9gamment vos tenues traditionnelles avec le chapeau 1er Ministre pendant vos c\u00e9r\u00e9monies traditionnelles et religieuses.<\/p>\n","protected":false},"featured_media":2007,"comment_status":"open","ping_status":"closed","template":"","meta":{"jetpack_publicize_message":"","jetpack_publicize_feature_enabled":true,"jetpack_social_post_already_shared":true,"jetpack_social_options":{"image_generator_settings":{"template":"highway","default_image_id":0,"font":"","enabled":false},"version":2}},"product_brand":[],"product_cat":[188,180,175],"product_tag":[182,42,184,183,181],"class_list":{"0":"post-1986","1":"product","2":"type-product","3":"status-publish","4":"has-post-thumbnail","6":"product_cat-chapeau","7":"product_cat-homme","8":"product_cat-seli-fini","9":"product_tag-afrique","10":"product_tag-chapeau","11":"product_tag-islam-fete","12":"product_tag-ramadan","13":"product_tag-traditionnel","15":"first","16":"instock","17":"shipping-taxable","18":"purchasable","19":"product-type-simple"},"ams_default_variation_id":0,"ams_product_points_reward":[],"ams_product_discount_percentage":0,"ams_price_to_display":3000,"aioseo_notices":[],"ams_acf":[],"jetpack_publicize_connections":[],"jetpack-related-posts":[],"jetpack_sharing_enabled":true,"jetpack_likes_enabled":true,"_links":{"self":[{"href":"https:\/\/ikasougou.com\/ikaselifitini\/wp-json\/wp\/v2\/product\/1986","targetHints":{"allow":["GET"]}}],"collection":[{"href":"https:\/\/ikasougou.com\/ikaselifitini\/wp-json\/wp\/v2\/product"}],"about":[{"href":"https:\/\/ikasougou.com\/ikaselifitini\/wp-json\/wp\/v2\/types\/product"}],"replies":[{"embeddable":true,"href":"https:\/\/ikasougou.com\/ikaselifitini\/wp-json\/wp\/v2\/comments?post=1986"}],"wp:featuredmedia":[{"embeddable":true,"href":"https:\/\/ikasougou.com\/ikaselifitini\/wp-json\/wp\/v2\/media\/2007"}],"wp:attachment":[{"href":"https:\/\/ikasougou.com\/ikaselifitini\/wp-json\/wp\/v2\/media?parent=1986"}],"wp:term":[{"taxonomy":"product_brand","embeddable":true,"href":"https:\/\/ikasougou.com\/ikaselifitini\/wp-json\/wp\/v2\/product_brand?post=1986"},{"taxonomy":"product_cat","embeddable":true,"href":"https:\/\/ikasougou.com\/ikaselifitini\/wp-json\/wp\/v2\/product_cat?post=1986"},{"taxonomy":"product_tag","embeddable":true,"href":"https:\/\/ikasougou.com\/ikaselifitini\/wp-json\/wp\/v2\/product_tag?post=1986"}],"curies":[{"name":"wp","href":"https:\/\/api.w.org\/{rel}","templated":true}]}}